{"id":102,"date":"2021-12-22T11:35:50","date_gmt":"2021-12-22T10:35:50","guid":{"rendered":"https:\/\/transfert-quantique.com\/?page_id=102"},"modified":"2022-01-17T14:19:25","modified_gmt":"2022-01-17T13:19:25","slug":"politique-de-confidentialite","status":"publish","type":"page","link":"https:\/\/transfert-quantique.com\/en\/politique-de-confidentialite\/","title":{"rendered":"Privacy policy"},"content":{"rendered":"<section class=\"l-section wpb_row height_medium color_primary\"><div class=\"l-section-h i-cf\"><div class=\"g-cols vc_row via_grid cols_1 laptops-cols_inherit tablets-cols_inherit mobiles-cols_1 valign_top type_default stacking_default\"><div class=\"wpb_column vc_column_container\"><div class=\"vc_column-inner\"><h1 style=\"text-align: center\" class=\"vc_custom_heading\" >CHARTE DE PROTECTION DES DONN\u00c9ES PERSONNELLES<\/h1><\/div><\/div><\/div><\/div><\/section><section class=\"l-section wpb_row height_medium\"><div class=\"l-section-h i-cf\"><div class=\"g-cols vc_row via_grid cols_1 laptops-cols_inherit tablets-cols_inherit mobiles-cols_1 valign_top type_default stacking_default\"><div class=\"wpb_column vc_column_container\"><div class=\"vc_column-inner\"><div class=\"wpb_text_column\"><div class=\"wpb_wrapper\"><p>Le site https:\/\/transfert-quantique.com\/ s\u2019engage \u00e0 prot\u00e9ger votre vie priv\u00e9e. Contactez-nous si vous avez des questions ou des probl\u00e8mes concernant l\u2019utilisation de vos donn\u00e9es personnelles, nous nous ferons un plaisir de vous aider.<\/p>\n<p>En utilisant ce site ou \/ et nos services, vous acceptez le traitement de vos donn\u00e9es personnelles tel que d\u00e9crit dans cette politique de confidentialit\u00e9.<\/p>\n<h2>D\u00c9FINITIONS<\/h2>\n<p><strong>Donn\u00e9es personnelles<\/strong>\u00a0:\u00a0\u00a0toute information relative \u00e0 une personne physique identifi\u00e9e ou identifiable.<br \/><strong>Traitement<\/strong>\u00a0:\u00a0\u00a0toute op\u00e9ration ou ensemble d\u2019op\u00e9rations effectu\u00e9es sur des donn\u00e9es personnelles ou sur des ensembles de donn\u00e9es personnelles.<br \/><strong>Personne concern\u00e9e<\/strong>\u00a0:\u00a0\u00a0une personne physique dont les donn\u00e9es personnelles sont en cours de traitement.<br \/><strong>Nous<\/strong> : Myriam YAHIMI FASSIO et transfert-quantique.com, \u00e9diteur du pr\u00e9sent site internet<\/p>\n<h2>PRINCIPES DE PROTECTION DES DONN\u00c9ES<\/h2>\n<p>Nous nous engageons \u00e0 respecter les principes de protection des donn\u00e9es suivants :<\/p>\n<ul>\n<li>Le traitement est l\u00e9gal, juste, transparent. Nos activit\u00e9s de traitement ont des motifs l\u00e9gitimes. Nous consid\u00e9rons toujours vos droits avant de traiter les donn\u00e9es personnelles. Nous vous fournirons des informations concernant le traitement sur demande.<\/li>\n<li>Le traitement est limit\u00e9 \u00e0 l\u2019objectif. Nos activit\u00e9s de traitement correspondent \u00e0 l\u2019objectif pour lequel les donn\u00e9es personnelles ont \u00e9t\u00e9 collect\u00e9es.<\/li>\n<li>Le traitement est effectu\u00e9 avec un minimum de donn\u00e9es. Nous collectons et traitons uniquement la quantit\u00e9 minimale de donn\u00e9es personnelles requises \u00e0 quelque fin que ce soit.<\/li>\n<li>Le traitement est limit\u00e9 avec une p\u00e9riode de temps. Nous ne conserverons pas vos donn\u00e9es personnelles plus longtemps que n\u00e9cessaire.<\/li>\n<li>Nous ferons de notre mieux pour assurer l\u2019exactitude des donn\u00e9es.<\/li>\n<li>Nous ferons de notre mieux pour assurer l\u2019int\u00e9grit\u00e9 et la confidentialit\u00e9 des donn\u00e9es.<\/li>\n<\/ul>\n<h2>DROITS DU PROPRI\u00c9TAIRE DES DONN\u00c9ES<\/h2>\n<p>Le propri\u00e9taire des donn\u00e9es a les droits suivants :<\/p>\n<ol>\n<li>Droit \u00e0 l\u2019information \u2013 ce qui signifie que vous devez savoir si vos donn\u00e9es personnelles sont en cours de traitement, quelles sont les donn\u00e9es collect\u00e9es, d\u2019o\u00f9 elles proviennent et pourquoi et par qui elles sont trait\u00e9es.<\/li>\n<li>Droit d\u2019acc\u00e8s \u2013 ce qui signifie que vous avez le droit d\u2019acc\u00e9der aux donn\u00e9es collect\u00e9es de \/ \u00e0 votre sujet. Cela inclut votre droit de demander et d\u2019obtenir une copie de vos donn\u00e9es personnelles recueillies.<\/li>\n<li>Droit de rectification \u2013 ce qui signifie que vous avez le droit de demander la rectification ou l\u2019effacement de vos donn\u00e9es personnelles qui sont inexactes ou incompl\u00e8tes.<\/li>\n<li>Droit d\u2019effacement (ou droit \u00e0 l\u2019oubli) \u2013 ce qui signifie que dans certaines circonstances, vous pouvez demander que vos donn\u00e9es personnelles soient effac\u00e9es de nos archives.<\/li>\n<li>Droit de restreindre le traitement \u2013 signifiant que certaines conditions s\u2019appliquent, vous avez le droit de restreindre le traitement de vos donn\u00e9es personnelles.<\/li>\n<li>Droit d\u2019opposition au traitement \u2013 ce qui signifie dans certains cas que vous avez le droit de vous opposer au traitement de vos donn\u00e9es personnelles, par exemple dans le cas du marketing direct.<\/li>\n<li>Droit de s\u2019opposer au traitement automatis\u00e9 \u2013 ce qui signifie que vous avez le droit de vous opposer au traitement automatis\u00e9, y compris le profilage ; et ne pas \u00eatre soumis \u00e0 une d\u00e9cision bas\u00e9e uniquement sur le traitement automatis\u00e9. Ce droit, vous pouvez l\u2019exercer chaque fois qu\u2019il y a un r\u00e9sultat du profilage qui produit des effets juridiques concernant ou vous affectant de mani\u00e8re significative.<\/li>\n<li>Droit \u00e0 la portabilit\u00e9 des donn\u00e9es \u2013 vous avez le droit d\u2019obtenir vos donn\u00e9es personnelles dans un format lisible par machine ou, si cela est faisable, comme un transfert direct d\u2019un processeur \u00e0 un autre.<\/li>\n<li>Droit de d\u00e9poser une plainte \u2013 dans le cas o\u00f9 nous refusons votre demande en vertu des droits d\u2019acc\u00e8s, nous vous fournirons une raison pour laquelle. Si vous n\u2019\u00eates pas satisfait de la mani\u00e8re dont votre demande a \u00e9t\u00e9 trait\u00e9e, veuillez nous contacter.<\/li>\n<li>Droit \u00e0 l\u2019aide de l\u2019autorit\u00e9 de surveillance \u2013 ce qui signifie que vous avez le droit \u00e0 l\u2019aide d\u2019une autorit\u00e9 de surveillance et le droit d\u2019autres recours juridiques tels que r\u00e9clamer des dommages-int\u00e9r\u00eats.<\/li>\n<li>Droit de retirer votre consentement \u2013 vous avez le droit de retirer tout consentement donn\u00e9 pour le traitement de vos donn\u00e9es personnelles.<\/li>\n<\/ol>\n<h2>DONN\u00c9ES QUE NOUS RECUEILLONS<\/h2>\n<p><strong>Informations que vous nous avez fournies<\/strong><br \/>Cela peut \u00eatre votre adresse e-mail, votre nom, votre adresse de facturation, votre adresse personnelle, etc., principalement les informations n\u00e9cessaires pour vous fournir un produit \/ service ou pour am\u00e9liorer votre exp\u00e9rience client. Nous enregistrons les informations que vous nous fournissez afin que vous puissiez commenter ou effectuer d\u2019autres activit\u00e9s sur le site Web. Ces informations incluent, par exemple, votre nom et votre adresse e-mail.<\/p>\n<p><strong>Informations collect\u00e9es automatiquement \u00e0 votre sujet<\/strong><br \/>Ceci inclut les informations stock\u00e9es automatiquement par les cookies et autres outils de session. Par exemple, les informations de votre panier, votre adresse IP, votre historique d\u2019achat (le cas \u00e9ch\u00e9ant), etc. Ces informations sont utilis\u00e9es pour am\u00e9liorer votre exp\u00e9rience client. Lorsque vous utilisez nos services ou que vous consultez le contenu de notre site Web, vos activit\u00e9s peuvent \u00eatre consign\u00e9es.<\/p>\n<h2>COMMENT UTILISONS-NOUS VOS DONN\u00c9ES PERSONNELLES ?<\/h2>\n<p>Nous utilisons vos donn\u00e9es personnelles pour :<\/p>\n<ul>\n<li>Vous fournir nos services. Ceci inclut par exemple l\u2019enregistrement de votre compte; vous fournir d\u2019autres produits et services que vous avez demand\u00e9s; vous fournir des articles promotionnels \u00e0 votre demande et communiquer avec vous relativement \u00e0 ces produits et services; communiquer et interagir avec vous; et vous informer des changements apport\u00e9s aux services.<\/li>\n<li>Am\u00e9liorer votre exp\u00e9rience client<\/li>\n<li>Remplir une obligation l\u00e9gale ou contractuelle<\/li>\n<\/ul>\n<p>Nous utilisons vos donn\u00e9es personnelles pour des motifs l\u00e9gitimes et \/ ou avec votre consentement.<\/p>\n<p>En raison de la conclusion d\u2019un contrat ou de l\u2019ex\u00e9cution d\u2019obligations contractuelles, nous traitons vos donn\u00e9es personnelles aux fins suivantes :<\/p>\n<ul>\n<li>Pour vous identifier<\/li>\n<li>Pour vous fournir ou vous offrir des produits ou services<\/li>\n<li>Pour communiquer avec vous, que ce soit pour la vente ou la facturation de nos produits ou services ou pour vous transmettre des informations<\/li>\n<\/ul>\n<p>Sur la base d\u2019un int\u00e9r\u00eat l\u00e9gitime, nous traitons vos donn\u00e9es personnelles aux fins suivantes :<\/p>\n<ul>\n<li>Pour vous envoyer des offres personnalis\u00e9es* (de notre part et \/ ou de nos partenaires soigneusement s\u00e9lectionn\u00e9s)<\/li>\n<li>Administrer et analyser notre client\u00e8le (comportement d\u2019achat et historique) afin d\u2019am\u00e9liorer la qualit\u00e9, la vari\u00e9t\u00e9 et la disponibilit\u00e9 des produits \/ services offerts \/ fournis;<\/li>\n<li>Mener des enqu\u00eates sur la satisfaction de nos clients;<\/li>\n<\/ul>\n<p>Tant que vous ne nous avez pas inform\u00e9s autrement, nous envisageons de vous proposer des produits \/ services similaires ou identiques \u00e0 votre historique d\u2019achat \/ comportement de navigation pour \u00eatre notre int\u00e9r\u00eat l\u00e9gitime.<\/p>\n<p>Avec votre consentement, nous traitons vos donn\u00e9es personnelles aux fins suivantes :<\/p>\n<ul>\n<li>Vous envoyer des bulletins d\u2019information et des offres commerciales (de notre part et \/ ou de nos partenaires soigneusement s\u00e9lectionn\u00e9s)<\/li>\n<li>R\u00e9pondre \u00e0 vos sollicitations sur nos produits et services<\/li>\n<\/ul>\n<p>Nous traitons vos donn\u00e9es personnelles afin de remplir les obligations d\u00e9coulant de la loi et \/ ou utiliser vos donn\u00e9es personnelles pour les options pr\u00e9vues par la loi. Nous nous r\u00e9servons le droit d\u2019anonymiser les donn\u00e9es personnelles recueillies et d\u2019utiliser ces donn\u00e9es. Nous n\u2019utiliserons des donn\u00e9es en dehors du champ d\u2019application de cette politique que si elles sont anonymis\u00e9es. Nous conservons vos informations de facturation et autres informations recueillies \u00e0 votre sujet aussi longtemps que n\u00e9cessaire \u00e0 des fins comptables ou d\u2019autres obligations d\u00e9coulant de la loi, dans la limite de 3 ans maximum.<\/p>\n<p>Nous pourrions traiter vos donn\u00e9es personnelles \u00e0 d\u2019autres fins qui ne sont pas mentionn\u00e9es ici, mais qui sont compatibles avec l\u2019objectif initial pour lequel les donn\u00e9es ont \u00e9t\u00e9 collect\u00e9es. Pour ce faire, nous veillerons \u00e0 ce que :<\/p>\n<ul>\n<li>Le lien entre les finalit\u00e9s, le contexte et la nature des donn\u00e9es personnelles est adapt\u00e9 \u00e0 un traitement ult\u00e9rieur;<\/li>\n<li>Le traitement ult\u00e9rieur ne nuirait pas \u00e0 vos int\u00e9r\u00eats et<\/li>\n<li>Il y aurait une sauvegarde appropri\u00e9e pour le traitement.<\/li>\n<\/ul>\n<p>Nous vous informerons de tout traitement ult\u00e9rieur et ces fins.<\/p>\n<h2>QUI D\u2019AUTRE PEUT ACC\u00c9DER \u00c0 VOS DONN\u00c9ES PERSONNELLES ?<\/h2>\n<p>Nous ne partageons pas vos donn\u00e9es personnelles avec des \u00e9trangers. Dans certains cas, des donn\u00e9es personnelles vous concernant sont fournies \u00e0 nos partenaires de confiance afin de vous permettre de vous fournir le service ou d\u2019am\u00e9liorer votre exp\u00e9rience client.<\/p>\n<p>Nous travaillons uniquement avec des partenaires de traitement capables d\u2019assurer un niveau ad\u00e9quat de protection de vos donn\u00e9es personnelles. Nous divulguons vos donn\u00e9es personnelles \u00e0 des tiers ou \u00e0 des fonctionnaires lorsque nous sommes l\u00e9galement tenus de le faire. Nous pourrions divulguer vos donn\u00e9es personnelles \u00e0 des tiers si vous y avez consenti ou s\u2019il existe d\u2019autres motifs l\u00e9gaux.<\/p>\n<h2>COMMENT NOUS S\u00c9CURISONS VOS DONN\u00c9ES ?<\/h2>\n<p>Nous faisons de notre mieux pour prot\u00e9ger vos donn\u00e9es personnelles. Nous utilisons des protocoles s\u00e9curis\u00e9s pour la communication et le transfert de donn\u00e9es (tel que HTTPS). Nous utilisons l\u2019anonymisation et le pseudonymage lorsque cela est appropri\u00e9. Nous surveillons nos syst\u00e8mes pour d\u00e9tecter d\u2019\u00e9ventuelles vuln\u00e9rabilit\u00e9s et attaques.<\/p>\n<p>M\u00eame si nous faisons de notre mieux, nous ne pouvons pas garantir la s\u00e9curit\u00e9 de l\u2019information. Cependant, nous nous engageons \u00e0 informer les autorit\u00e9s comp\u00e9tentes des violations de donn\u00e9es. Nous vous aviserons \u00e9galement s\u2019il existe une menace pour vos droits ou int\u00e9r\u00eats. Nous ferons tout ce qui est raisonnablement possible pour pr\u00e9venir les violations de la s\u00e9curit\u00e9 et aider les autorit\u00e9s en cas de violation.<\/p>\n<h2>COOKIES ET AUTRES TECHNOLOGIES QUE NOUS UTILISONS<\/h2>\n<p>Nous utilisons des cookies et \/ ou des technologies similaires pour analyser le comportement des clients, administrer le site Web, suivre les mouvements des utilisateurs et collecter des informations sur les utilisateurs. Ceci est fait afin de personnaliser et d\u2019am\u00e9liorer votre exp\u00e9rience avec nous.<\/p>\n<p>Un cookie est un petit fichier texte stock\u00e9 sur votre ordinateur. Les cookies stockent les informations utilis\u00e9es pour aider \u00e0 faire fonctionner les sites. Seulement nous pouvons acc\u00e9der aux cookies cr\u00e9\u00e9s par notre site Web. Vous pouvez contr\u00f4ler vos cookies au niveau du navigateur. Choisir de d\u00e9sactiver les cookies peut vous emp\u00eacher d\u2019utiliser certaines fonctions.<\/p>\n<p>Nous utilisons des cookies aux fins suivantes :<\/p>\n<ul>\n<li>Cookies n\u00e9cessaires : ces cookies sont n\u00e9cessaires pour que vous puissiez utiliser certaines fonctionnalit\u00e9s importantes sur notre site Web, telles que la connexion. Ces cookies ne collectent aucune information personnelle.<\/li>\n<li>Cookies de fonctionnalit\u00e9 : ces cookies fournissent des fonctionnalit\u00e9s qui rendent l\u2019utilisation de notre service plus pratique et permettent d\u2019offrir des fonctionnalit\u00e9s plus personnalis\u00e9es. Par exemple, ils peuvent se souvenir de votre nom et de votre adresse e-mail dans des formulaires de commentaire. Vous n\u2019avez donc pas besoin de ressaisir cette information la prochaine fois que vous commentez.<\/li>\n<li>Cookies analytiques: ces cookies sont utilis\u00e9s pour suivre l\u2019utilisation et les performances de notre site Web et de nos services.<\/li>\n<li>Cookies publicitaires: ces cookies sont utilis\u00e9s pour diffuser des publicit\u00e9s pertinentes pour vous et vos int\u00e9r\u00eats. En outre, ils sont utilis\u00e9s pour limiter le nombre de fois que vous voyez une publicit\u00e9. Ils sont g\u00e9n\u00e9ralement plac\u00e9s sur le site Web par des r\u00e9seaux publicitaires avec la permission de l\u2019op\u00e9rateur du site. Ces cookies se souviennent que vous avez visit\u00e9 un site Web et que ces informations sont partag\u00e9es avec d\u2019autres organisations telles que les annonceurs. Souvent, les cookies de ciblage ou de publicit\u00e9 seront li\u00e9s aux fonctionnalit\u00e9s du site fournies par l\u2019autre organisation.<\/li>\n<\/ul>\n<h2>ACC\u00c8S \u00c0 MES INFORMATIONS PERSONNELLES \/ DROIT \u00c0 L\u2019OUBLI<\/h2>\n<p>Conform\u00e9ment aux dispositions europ\u00e9enne\u00a0<a href=\"http:\/\/eur-lex.europa.eu\/legal-content\/FR\/TXT\/?uri=CELEX%3A32016R0679\" target=\"_blank\" rel=\"noopener noreferrer\">GDPR\u00a0<\/a>\u00a0(General Data Protection Regulation), vous pouvez acc\u00e9der \u00e0 vos donn\u00e9es personnelles et les supprimer totalement en\u00a0demandant l\u2019envoi, la modification ou la suppression de vos donn\u00e9es personnelles en nous \u00e9crivant \u00e0 :<\/p>\n<ul>\n<li>l\u2019adresse mail : myriam.yahimi@gmail.com<\/li>\n<li>l\u2019adresse postale : 23 rue Nelson Mandela, 34070 Montpellier<\/li>\n<\/ul>\n<h2>MODIFICATIONS DE CETTE POLITIQUE DE CONFIDENTIALIT\u00c9<\/h2>\n<p>Nous nous r\u00e9servons le droit d\u2019apporter des modifications \u00e0 cette politique de confidentialit\u00e9.<br \/>Derni\u00e8re modification 01 janvier 2022.<\/p>\n<\/div><\/div><\/div><\/div><\/div><\/div><\/section>","protected":false},"excerpt":{"rendered":"CHARTE DE PROTECTION DES DONN\u00c9ES PERSONNELLES Le site https:\/\/transfert-quantique.com\/ s\u2019engage \u00e0 prot\u00e9ger votre vie priv\u00e9e. Contactez-nous si vous avez des questions ou des probl\u00e8mes concernant l\u2019utilisation de vos donn\u00e9es personnelles, nous nous ferons un plaisir de vous aider. En utilisant ce site ou \/ et nos services, vous acceptez le traitement de vos donn\u00e9es personnelles...","protected":false},"author":1,"featured_media":0,"parent":0,"menu_order":0,"comment_status":"closed","ping_status":"closed","template":"","meta":[],"yoast_head":"<!-- This site is optimized with the Yoast SEO plugin v19.3 - https:\/\/yoast.com\/wordpress\/plugins\/seo\/ -->\n<title>Politique de confidentialit\u00e9 - Transfert Quantique<\/title>\n<meta name=\"robots\" content=\"index, follow, max-snippet:-1, max-image-preview:large, max-video-preview:-1\" \/>\n<link rel=\"canonical\" href=\"https:\/\/transfert-quantique.com\/en\/politique-de-confidentialite\/\" \/>\n<meta property=\"og:locale\" content=\"en_US\" \/>\n<meta property=\"og:type\" content=\"article\" \/>\n<meta property=\"og:title\" content=\"Politique de confidentialit\u00e9 - Transfert Quantique\" \/>\n<meta property=\"og:url\" content=\"https:\/\/transfert-quantique.com\/en\/politique-de-confidentialite\/\" \/>\n<meta property=\"og:site_name\" content=\"Transfert Quantique\" \/>\n<meta property=\"article:modified_time\" content=\"2022-01-17T13:19:25+00:00\" \/>\n<meta name=\"twitter:label1\" content=\"Est. reading time\" \/>\n\t<meta name=\"twitter:data1\" content=\"10 minutes\" \/>\n<script type=\"application\/ld+json\" class=\"yoast-schema-graph\">{\"@context\":\"https:\/\/schema.org\",\"@graph\":[{\"@type\":\"WebSite\",\"@id\":\"https:\/\/transfert-quantique.com\/#website\",\"url\":\"https:\/\/transfert-quantique.com\/\",\"name\":\"Transfert Quantique\",\"description\":\"\",\"potentialAction\":[{\"@type\":\"SearchAction\",\"target\":{\"@type\":\"EntryPoint\",\"urlTemplate\":\"https:\/\/transfert-quantique.com\/?s={search_term_string}\"},\"query-input\":\"required name=search_term_string\"}],\"inLanguage\":\"en-US\"},{\"@type\":\"WebPage\",\"@id\":\"https:\/\/transfert-quantique.com\/politique-de-confidentialite\/\",\"url\":\"https:\/\/transfert-quantique.com\/politique-de-confidentialite\/\",\"name\":\"Politique de confidentialit\u00e9 - Transfert Quantique\",\"isPartOf\":{\"@id\":\"https:\/\/transfert-quantique.com\/#website\"},\"datePublished\":\"2021-12-22T10:35:50+00:00\",\"dateModified\":\"2022-01-17T13:19:25+00:00\",\"breadcrumb\":{\"@id\":\"https:\/\/transfert-quantique.com\/politique-de-confidentialite\/#breadcrumb\"},\"inLanguage\":\"en-US\",\"potentialAction\":[{\"@type\":\"ReadAction\",\"target\":[\"https:\/\/transfert-quantique.com\/politique-de-confidentialite\/\"]}]},{\"@type\":\"BreadcrumbList\",\"@id\":\"https:\/\/transfert-quantique.com\/politique-de-confidentialite\/#breadcrumb\",\"itemListElement\":[{\"@type\":\"ListItem\",\"position\":1,\"name\":\"Accueil\",\"item\":\"https:\/\/transfert-quantique.com\/\"},{\"@type\":\"ListItem\",\"position\":2,\"name\":\"Politique de confidentialit\u00e9\"}]}]}<\/script>\n<!-- \/ Yoast SEO plugin. -->","yoast_head_json":{"title":"Politique de confidentialit\u00e9 - Transfert Quantique","robots":{"index":"index","follow":"follow","max-snippet":"max-snippet:-1","max-image-preview":"max-image-preview:large","max-video-preview":"max-video-preview:-1"},"canonical":"https:\/\/transfert-quantique.com\/en\/politique-de-confidentialite\/","og_locale":"en_US","og_type":"article","og_title":"Politique de confidentialit\u00e9 - Transfert Quantique","og_url":"https:\/\/transfert-quantique.com\/en\/politique-de-confidentialite\/","og_site_name":"Transfert Quantique","article_modified_time":"2022-01-17T13:19:25+00:00","twitter_misc":{"Est. reading time":"10 minutes"},"schema":{"@context":"https:\/\/schema.org","@graph":[{"@type":"WebSite","@id":"https:\/\/transfert-quantique.com\/#website","url":"https:\/\/transfert-quantique.com\/","name":"Transfert Quantique","description":"","potentialAction":[{"@type":"SearchAction","target":{"@type":"EntryPoint","urlTemplate":"https:\/\/transfert-quantique.com\/?s={search_term_string}"},"query-input":"required name=search_term_string"}],"inLanguage":"en-US"},{"@type":"WebPage","@id":"https:\/\/transfert-quantique.com\/politique-de-confidentialite\/","url":"https:\/\/transfert-quantique.com\/politique-de-confidentialite\/","name":"Politique de confidentialit\u00e9 - Transfert Quantique","isPartOf":{"@id":"https:\/\/transfert-quantique.com\/#website"},"datePublished":"2021-12-22T10:35:50+00:00","dateModified":"2022-01-17T13:19:25+00:00","breadcrumb":{"@id":"https:\/\/transfert-quantique.com\/politique-de-confidentialite\/#breadcrumb"},"inLanguage":"en-US","potentialAction":[{"@type":"ReadAction","target":["https:\/\/transfert-quantique.com\/politique-de-confidentialite\/"]}]},{"@type":"BreadcrumbList","@id":"https:\/\/transfert-quantique.com\/politique-de-confidentialite\/#breadcrumb","itemListElement":[{"@type":"ListItem","position":1,"name":"Accueil","item":"https:\/\/transfert-quantique.com\/"},{"@type":"ListItem","position":2,"name":"Politique de confidentialit\u00e9"}]}]}},"_links":{"self":[{"href":"https:\/\/transfert-quantique.com\/en\/wp-json\/wp\/v2\/pages\/102"}],"collection":[{"href":"https:\/\/transfert-quantique.com\/en\/wp-json\/wp\/v2\/pages"}],"about":[{"href":"https:\/\/transfert-quantique.com\/en\/wp-json\/wp\/v2\/types\/page"}],"author":[{"embeddable":true,"href":"https:\/\/transfert-quantique.com\/en\/wp-json\/wp\/v2\/users\/1"}],"replies":[{"embeddable":true,"href":"https:\/\/transfert-quantique.com\/en\/wp-json\/wp\/v2\/comments?post=102"}],"version-history":[{"count":2,"href":"https:\/\/transfert-quantique.com\/en\/wp-json\/wp\/v2\/pages\/102\/revisions"}],"predecessor-version":[{"id":211,"href":"https:\/\/transfert-quantique.com\/en\/wp-json\/wp\/v2\/pages\/102\/revisions\/211"}],"wp:attachment":[{"href":"https:\/\/transfert-quantique.com\/en\/wp-json\/wp\/v2\/media?parent=102"}],"curies":[{"name":"wp","href":"https:\/\/api.w.org\/{rel}","templated":true}]}}