{"id":104,"date":"2021-12-22T11:38:50","date_gmt":"2021-12-22T10:38:50","guid":{"rendered":"https:\/\/transfert-quantique.com\/?page_id=104"},"modified":"2024-04-23T11:23:31","modified_gmt":"2024-04-23T10:23:31","slug":"pedopsychanalyse","status":"publish","type":"page","link":"https:\/\/transfert-quantique.com\/en\/pedopsychanalyse\/","title":{"rendered":"Transfert Quantique pour les enfants et les ados"},"content":{"rendered":"<section class=\"l-section wpb_row height_large with_img\"><div class=\"l-section-img\" style=\"background-image: url(https:\/\/transfert-quantique.com\/wp-content\/uploads\/2024\/04\/Fond-vert.jpg);\" data-img-width=\"709\" data-img-height=\"709\"><\/div><div class=\"l-section-h i-cf\"><div class=\"g-cols vc_row via_grid cols_1 laptops-cols_inherit tablets-cols_inherit mobiles-cols_1 valign_top type_default stacking_default\"><div class=\"wpb_column vc_column_container\"><div class=\"vc_column-inner\"><h1 style=\"color: #ffffff;text-align: center\" class=\"vc_custom_heading us_custom_d44d8758\" >Quantum Transfer<br \/>\nFor kids and teens<\/h1><\/div><\/div><\/div><\/div><\/section><section class=\"l-section wpb_row height_medium\"><div class=\"l-section-h i-cf\"><div class=\"g-cols vc_row via_grid cols_1 laptops-cols_inherit tablets-cols_inherit mobiles-cols_1 valign_top type_default stacking_default\"><div class=\"wpb_column vc_column_container\"><div class=\"vc_column-inner\"><div class=\"w-image align_center\"><div class=\"w-image-h\"><img width=\"1024\" height=\"1024\" src=\"https:\/\/transfert-quantique.com\/wp-content\/uploads\/2024\/04\/WhatsApp-Image-2024-04-23-a-10.15.20_e4c5ae6f-1024x1024.jpg\" class=\"attachment-large size-large\" alt=\"\" loading=\"lazy\" srcset=\"https:\/\/transfert-quantique.com\/wp-content\/uploads\/2024\/04\/WhatsApp-Image-2024-04-23-a-10.15.20_e4c5ae6f.jpg 1024w, https:\/\/transfert-quantique.com\/wp-content\/uploads\/2024\/04\/WhatsApp-Image-2024-04-23-a-10.15.20_e4c5ae6f-300x300.jpg 300w, https:\/\/transfert-quantique.com\/wp-content\/uploads\/2024\/04\/WhatsApp-Image-2024-04-23-a-10.15.20_e4c5ae6f-150x150.jpg 150w\" sizes=\"(max-width: 1024px) 100vw, 1024px\" \/><\/div><\/div><div class=\"w-separator size_medium\"><\/div><div class=\"wpb_text_column us_custom_432d3f53\"><div class=\"wpb_wrapper\"><p>Quantum Transference is for all parents experiencing difficulties with their children's upbringing. It also treats behavioral disorders in children, and any other problems they may encounter. It is also aimed at all teenagers. The children concerned are aged between 0 and 18.<br \/>\nThe most frequent reasons for consultation are problems in managing the educational environment.<\/p>\n<p>Quantum Transference sessions for children and teenagers are carried out by a parent or guardian to protect the child from any uncomfortable information.<\/p>\n<p>Sessions can be held in the office or by telephone (saving time for parents).<\/p>\n<\/div><\/div><div class=\"w-separator size_medium\"><\/div><div class=\"wpb_text_column\"><div class=\"wpb_wrapper\"><p style=\"text-align: center;\"><strong>The child is the parents' symptom<\/strong><\/p>\n<\/div><\/div><div class=\"w-separator size_medium\"><\/div><div class=\"wpb_text_column\"><div class=\"wpb_wrapper\"><ul>\n<li>Sleep disorders<\/li>\n<li>Difficulties related to separation: school, bedtime, etc.<\/li>\n<li>Rejection of school and studies<\/li>\n<li>Attention deficit disorders and hyperactivity are also frequent reasons for consultation.<\/li>\n<li>Today, with more and more couples separating, new issues are arising for stepfamilies: how do we find our place? Can we exercise authority over a child who is not our own?<\/li>\n<li>Enuresis (bedwetting) problems<\/li>\n<li>How do you announce that your parents are separating?<\/li>\n<li>How to announce that mom or dad has a new lover<\/li>\n<li>When is the right time to talk to children about difficult things?<\/li>\n<li>Depression in children<\/li>\n<li>Bullying at school<\/li>\n<li>The child's difficulty in submitting to the educational framework<\/li>\n<\/ul>\n<\/div><\/div><div class=\"w-separator size_medium\"><\/div><div class=\"wpb_text_column\"><div class=\"wpb_wrapper\"><p style=\"text-align: center;\"><strong>The vast majority of today's children are hypersensitive<br \/>\n<\/strong><\/p>\n<\/div><\/div><\/div><\/div><\/div><\/div><\/section><section class=\"l-section wpb_row height_small\"><div class=\"l-section-h i-cf\"><div class=\"g-cols vc_row via_grid cols_1 laptops-cols_inherit tablets-cols_inherit mobiles-cols_1 valign_top type_default stacking_default\"><div class=\"wpb_column vc_column_container\"><div class=\"vc_column-inner\"><div class=\"w-image us_custom_eb849559 align_none\"><div class=\"w-image-h\"><img width=\"1024\" height=\"1024\" src=\"https:\/\/transfert-quantique.com\/wp-content\/uploads\/2024\/04\/enfants-heureux-1024x1024.jpeg\" class=\"attachment-large size-large\" alt=\"\" loading=\"lazy\" srcset=\"https:\/\/transfert-quantique.com\/wp-content\/uploads\/2024\/04\/enfants-heureux.jpeg 1024w, https:\/\/transfert-quantique.com\/wp-content\/uploads\/2024\/04\/enfants-heureux-300x300.jpeg 300w, https:\/\/transfert-quantique.com\/wp-content\/uploads\/2024\/04\/enfants-heureux-150x150.jpeg 150w\" sizes=\"(max-width: 1024px) 100vw, 1024px\" \/><\/div><\/div><\/div><\/div><\/div><\/div><\/section>","protected":false},"excerpt":{"rendered":"Transfert Quantique Pour enfants et adosLe transfert quantique s\u2019adresse \u00e0 tous les parents rencontrant des difficult\u00e9s d\u2019\u00e9ducation. Elle traite aussi les troubles du comportement chez l\u2019enfant, et tout autre probl\u00e8me rencontr\u00e9. Elle s\u2019adresse \u00e9galement \u00e0 tous les adolescents. Les enfants concern\u00e9s ont entre 0 et 18 ans. Les motifs de consultations les plus fr\u00e9quents sont...","protected":false},"author":1,"featured_media":0,"parent":0,"menu_order":0,"comment_status":"closed","ping_status":"closed","template":"","meta":[],"yoast_head":"<!-- This site is optimized with the Yoast SEO plugin v19.3 - https:\/\/yoast.com\/wordpress\/plugins\/seo\/ -->\n<title>Transfert Quantique pour les enfants et les ados - Transfert Quantique<\/title>\n<meta name=\"robots\" content=\"index, follow, max-snippet:-1, max-image-preview:large, max-video-preview:-1\" \/>\n<link rel=\"canonical\" href=\"https:\/\/transfert-quantique.com\/en\/pedopsychanalyse\/\" \/>\n<meta property=\"og:locale\" content=\"en_US\" \/>\n<meta property=\"og:type\" content=\"article\" \/>\n<meta property=\"og:title\" content=\"Transfert Quantique pour les enfants et les ados - Transfert Quantique\" \/>\n<meta property=\"og:url\" content=\"https:\/\/transfert-quantique.com\/en\/pedopsychanalyse\/\" \/>\n<meta property=\"og:site_name\" content=\"Transfert Quantique\" \/>\n<meta property=\"article:modified_time\" content=\"2024-04-23T10:23:31+00:00\" \/>\n<meta name=\"twitter:label1\" content=\"Est. reading time\" \/>\n\t<meta name=\"twitter:data1\" content=\"2 minutes\" \/>\n<script type=\"application\/ld+json\" class=\"yoast-schema-graph\">{\"@context\":\"https:\/\/schema.org\",\"@graph\":[{\"@type\":\"WebSite\",\"@id\":\"https:\/\/transfert-quantique.com\/#website\",\"url\":\"https:\/\/transfert-quantique.com\/\",\"name\":\"Transfert Quantique\",\"description\":\"\",\"potentialAction\":[{\"@type\":\"SearchAction\",\"target\":{\"@type\":\"EntryPoint\",\"urlTemplate\":\"https:\/\/transfert-quantique.com\/?s={search_term_string}\"},\"query-input\":\"required name=search_term_string\"}],\"inLanguage\":\"en-US\"},{\"@type\":\"WebPage\",\"@id\":\"https:\/\/transfert-quantique.com\/pedopsychanalyse\/\",\"url\":\"https:\/\/transfert-quantique.com\/pedopsychanalyse\/\",\"name\":\"Transfert Quantique pour les enfants et les ados - Transfert Quantique\",\"isPartOf\":{\"@id\":\"https:\/\/transfert-quantique.com\/#website\"},\"datePublished\":\"2021-12-22T10:38:50+00:00\",\"dateModified\":\"2024-04-23T10:23:31+00:00\",\"breadcrumb\":{\"@id\":\"https:\/\/transfert-quantique.com\/pedopsychanalyse\/#breadcrumb\"},\"inLanguage\":\"en-US\",\"potentialAction\":[{\"@type\":\"ReadAction\",\"target\":[\"https:\/\/transfert-quantique.com\/pedopsychanalyse\/\"]}]},{\"@type\":\"BreadcrumbList\",\"@id\":\"https:\/\/transfert-quantique.com\/pedopsychanalyse\/#breadcrumb\",\"itemListElement\":[{\"@type\":\"ListItem\",\"position\":1,\"name\":\"Accueil\",\"item\":\"https:\/\/transfert-quantique.com\/\"},{\"@type\":\"ListItem\",\"position\":2,\"name\":\"Transfert Quantique pour les enfants et les ados\"}]}]}<\/script>\n<!-- \/ Yoast SEO plugin. -->","yoast_head_json":{"title":"Transfert Quantique pour les enfants et les ados - Transfert Quantique","robots":{"index":"index","follow":"follow","max-snippet":"max-snippet:-1","max-image-preview":"max-image-preview:large","max-video-preview":"max-video-preview:-1"},"canonical":"https:\/\/transfert-quantique.com\/en\/pedopsychanalyse\/","og_locale":"en_US","og_type":"article","og_title":"Transfert Quantique pour les enfants et les ados - Transfert Quantique","og_url":"https:\/\/transfert-quantique.com\/en\/pedopsychanalyse\/","og_site_name":"Transfert Quantique","article_modified_time":"2024-04-23T10:23:31+00:00","twitter_misc":{"Est. reading time":"2 minutes"},"schema":{"@context":"https:\/\/schema.org","@graph":[{"@type":"WebSite","@id":"https:\/\/transfert-quantique.com\/#website","url":"https:\/\/transfert-quantique.com\/","name":"Transfert Quantique","description":"","potentialAction":[{"@type":"SearchAction","target":{"@type":"EntryPoint","urlTemplate":"https:\/\/transfert-quantique.com\/?s={search_term_string}"},"query-input":"required name=search_term_string"}],"inLanguage":"en-US"},{"@type":"WebPage","@id":"https:\/\/transfert-quantique.com\/pedopsychanalyse\/","url":"https:\/\/transfert-quantique.com\/pedopsychanalyse\/","name":"Transfert Quantique pour les enfants et les ados - Transfert Quantique","isPartOf":{"@id":"https:\/\/transfert-quantique.com\/#website"},"datePublished":"2021-12-22T10:38:50+00:00","dateModified":"2024-04-23T10:23:31+00:00","breadcrumb":{"@id":"https:\/\/transfert-quantique.com\/pedopsychanalyse\/#breadcrumb"},"inLanguage":"en-US","potentialAction":[{"@type":"ReadAction","target":["https:\/\/transfert-quantique.com\/pedopsychanalyse\/"]}]},{"@type":"BreadcrumbList","@id":"https:\/\/transfert-quantique.com\/pedopsychanalyse\/#breadcrumb","itemListElement":[{"@type":"ListItem","position":1,"name":"Accueil","item":"https:\/\/transfert-quantique.com\/"},{"@type":"ListItem","position":2,"name":"Transfert Quantique pour les enfants et les ados"}]}]}},"_links":{"self":[{"href":"https:\/\/transfert-quantique.com\/en\/wp-json\/wp\/v2\/pages\/104"}],"collection":[{"href":"https:\/\/transfert-quantique.com\/en\/wp-json\/wp\/v2\/pages"}],"about":[{"href":"https:\/\/transfert-quantique.com\/en\/wp-json\/wp\/v2\/types\/page"}],"author":[{"embeddable":true,"href":"https:\/\/transfert-quantique.com\/en\/wp-json\/wp\/v2\/users\/1"}],"replies":[{"embeddable":true,"href":"https:\/\/transfert-quantique.com\/en\/wp-json\/wp\/v2\/comments?post=104"}],"version-history":[{"count":18,"href":"https:\/\/transfert-quantique.com\/en\/wp-json\/wp\/v2\/pages\/104\/revisions"}],"predecessor-version":[{"id":692,"href":"https:\/\/transfert-quantique.com\/en\/wp-json\/wp\/v2\/pages\/104\/revisions\/692"}],"wp:attachment":[{"href":"https:\/\/transfert-quantique.com\/en\/wp-json\/wp\/v2\/media?parent=104"}],"curies":[{"name":"wp","href":"https:\/\/api.w.org\/{rel}","templated":true}]}}