{"id":106,"date":"2021-12-22T11:39:59","date_gmt":"2021-12-22T10:39:59","guid":{"rendered":"https:\/\/transfert-quantique.com\/?page_id=106"},"modified":"2025-08-23T13:59:30","modified_gmt":"2025-08-23T12:59:30","slug":"transfert-quantique","status":"publish","type":"page","link":"https:\/\/transfert-quantique.com\/en\/transfert-quantique\/","title":{"rendered":"Quantum transfer"},"content":{"rendered":"<section class=\"l-section wpb_row height_large with_img\"><div class=\"l-section-img\" style=\"background-image: url(https:\/\/transfert-quantique.com\/wp-content\/uploads\/2024\/04\/Fond-vert.jpg);background-position: bottom center;\" data-img-width=\"709\" data-img-height=\"709\"><\/div><div class=\"l-section-h i-cf\"><div class=\"g-cols vc_row via_grid cols_1 laptops-cols_inherit tablets-cols_inherit mobiles-cols_1 valign_top type_default stacking_default\"><div class=\"wpb_column vc_column_container\"><div class=\"vc_column-inner\"><h1 style=\"color: #ffffff;text-align: center\" class=\"vc_custom_heading us_custom_6df4bc3a\" >Quantum transfer<\/h1><\/div><\/div><\/div><\/div><\/section><section class=\"l-section wpb_row height_medium\"><div class=\"l-section-h i-cf\"><div class=\"g-cols vc_row via_grid cols_1 laptops-cols_inherit tablets-cols_inherit mobiles-cols_1 valign_top type_default stacking_default\"><div class=\"wpb_column vc_column_container\"><div class=\"vc_column-inner\"><div class=\"g-cols wpb_row via_grid cols_1-2 laptops-cols_inherit tablets-cols_inherit mobiles-cols_1 valign_top type_default stacking_default\"><div class=\"wpb_column vc_column_container\"><div class=\"vc_column-inner\"><div class=\"w-image style_shadow-2 align_center\"><div class=\"w-image-h\"><div class=\"w-image-shadow\" style=\"background-image:url(https:\/\/transfert-quantique.com\/wp-content\/uploads\/2024\/04\/Rubrique-transfert-quantique-1024x576.jpg);\"><\/div><img width=\"1024\" height=\"576\" src=\"https:\/\/transfert-quantique.com\/wp-content\/uploads\/2024\/04\/Rubrique-transfert-quantique-1024x576.jpg\" class=\"attachment-large size-large\" alt=\"\" loading=\"lazy\" srcset=\"https:\/\/transfert-quantique.com\/wp-content\/uploads\/2024\/04\/Rubrique-transfert-quantique-1024x576.jpg 1024w, https:\/\/transfert-quantique.com\/wp-content\/uploads\/2024\/04\/Rubrique-transfert-quantique-300x169.jpg 300w, https:\/\/transfert-quantique.com\/wp-content\/uploads\/2024\/04\/Rubrique-transfert-quantique.jpg 1137w\" sizes=\"(max-width: 1024px) 100vw, 1024px\" \/><\/div><\/div><\/div><\/div><div class=\"wpb_column vc_column_container\"><div class=\"vc_column-inner\"><div class=\"wpb_text_column us_custom_432d3f53\"><div class=\"wpb_wrapper\"><p><strong>Who am I?<\/strong><\/p>\n<p>My name is Myriam Fassio, I have ASD which gives me certain abilities that others don't have; I've always put my autistic particularities at the service of my work and research. I am a psychoanalyst, child psychoanalyst and designer of innovative therapeutic tools including Quantum Transference, PLER and the STVR tool.<\/p>\n<p>Just as you regularly update your computer or cell phone, I update your unconscious system. The idea is to deactivate or erase files and programs that no longer serve you or are causing complicated or repeated situations in your reality.<\/p>\n<p>For ten years I directed a Freudian Institute of Psychoanalysis and worked at the CHU Lapeyronie in the rheumatology department in Montpellier.<\/p>\n<p>I spend most of my time trying to understand, explain and find solutions to improve the human condition on an individual level.<\/p>\n<p><strong>Welcome to my avant-garde world!<\/strong><\/p>\n<\/div><\/div><div class=\"wpb_text_column us_custom_432d3f53\"><div class=\"wpb_wrapper\"><p>Quantum Transfer \u00ae is Quantum Therapy using an interface to transfer the patient's frequency field.<\/p>\n<p>I discovered it in 2012 and have been improving it ever since, in response to requests and therapeutic experiences.<\/p>\n<p>Transference consists in connecting to the patient \u201cs unconscious to read the programming managed by our emotions. This access enables us to go beyond the interpretation of a problem and find its origin. The source of conflicts is mostly to be found in transgenerational heritages. It can also come from a first name we carry from an ancestor, or from an experience.<\/p>\n<p>This work covers gestation, early childhood, adolescence and adult life. It covers all areas, whether emotional, professional or financial. Conflicts in intra-family relationships are a recurring theme.<\/p>\n<p>The unconscious is managed by an intelligent algorithm that proposes two default answers: the opposite or the same thing.<\/p>\n<p>When it malfunctions and proposes default responses that are problematic, even if this appears as a solution in the unconscious, it is sometimes necessary to update the system to provoke a \u201cquantum leap\u201d, which means changing values in order to make a change of state; in this way, the default response will be more adapted to the patient's comfort of life.<\/p>\n<p>Sessions are open to everyone from 0 to 99, for all life's problems, whatever they may be.<\/p>\n<p>The subjects most frequently dealt with are :<\/p>\n<ul>\n<li>unexplained anxiety<\/li>\n<li>difficulties in stabilizing an emotional life<\/li>\n<li>money problems<\/li>\n<li>lost twin syndrome<\/li>\n<li>depression<\/li>\n<li>eating disorders<\/li>\n<li>enuresis<\/li>\n<li>phobias<\/li>\n<li>fear of driving<\/li>\n<li>professional failure<\/li>\n<li>bankruptcies<\/li>\n<li>sleep disorders<\/li>\n<li>low self-esteem<\/li>\n<li>lack of self-confidence<\/li>\n<\/ul>\n<p>&nbsp;<\/p>\n<p>Each emotion has a different frequency. They make us who we are and structure our relationships, our choices, our activities and constantly inform the environment, including everyone who crosses our path.<\/p>\n<p>This is called :\u00a0<strong>Frequency field<\/strong>.<br \/>\nour cells emit light, a biological light called \u201cbiophoton\u201d (modern inventor of biophotons: biophysicist Roeland Van Wijk).<\/p>\n<\/div><\/div><\/div><\/div><\/div><div class=\"w-separator size_medium\"><\/div><div class=\"wpb_text_column\"><div class=\"wpb_wrapper\"><p style=\"text-align: center;\"><em><strong>We're connected to each other like hard disks, super-powered databases that evaluate and analyze programs and retain only what resonates.<\/strong><\/em><\/p>\n<\/div><\/div><div class=\"w-separator size_medium\"><\/div><div class=\"g-cols wpb_row via_grid cols_2-1 laptops-cols_inherit tablets-cols_inherit mobiles-cols_1 valign_top type_default stacking_default\"><div class=\"wpb_column vc_column_container\"><div class=\"vc_column-inner\"><div class=\"wpb_text_column us_custom_432d3f53\"><div class=\"wpb_wrapper\"><p>This field causes great vibratory activity, interacting with the physical body and the psyche (conscious and unconscious). This field is undulatory.<br \/>\nIt contains all the body's cellular and metabolic memory information, from the beginning of its existence to the present day; we can, of course, include womb life as well as lineage inheritance.<\/p>\n<p>The first names we bear from our grandparents, godparents, godmothers etc... are carriers of a field that also nourishes our own and can greatly influence our destiny.<\/p>\n<p>A person's symptoms tell us the nature of the problem's origin.<\/p>\n<p>A reading grid gradually takes shape, and it becomes possible to read the unconscious like a book.<\/p>\n<\/div><\/div><\/div><\/div><div class=\"wpb_column vc_column_container\"><div class=\"vc_column-inner\"><div class=\"w-image style_shadow-2 align_center\"><div class=\"w-image-h\"><div class=\"w-image-shadow\" style=\"background-image:url(https:\/\/transfert-quantique.com\/wp-content\/uploads\/2024\/04\/arbre-bleu-1024x1024.jpeg);\"><\/div><img width=\"1024\" height=\"1024\" src=\"https:\/\/transfert-quantique.com\/wp-content\/uploads\/2024\/04\/arbre-bleu-1024x1024.jpeg\" class=\"attachment-large size-large\" alt=\"\" loading=\"lazy\" srcset=\"https:\/\/transfert-quantique.com\/wp-content\/uploads\/2024\/04\/arbre-bleu.jpeg 1024w, https:\/\/transfert-quantique.com\/wp-content\/uploads\/2024\/04\/arbre-bleu-300x300.jpeg 300w, https:\/\/transfert-quantique.com\/wp-content\/uploads\/2024\/04\/arbre-bleu-150x150.jpeg 150w\" sizes=\"(max-width: 1024px) 100vw, 1024px\" \/><\/div><\/div><\/div><\/div><\/div><div class=\"w-separator size_medium\"><\/div><div class=\"g-cols wpb_row via_grid cols_1-2 laptops-cols_inherit tablets-cols_inherit mobiles-cols_1 valign_top type_default stacking_default\"><div class=\"wpb_column vc_column_container\"><div class=\"vc_column-inner\"><div class=\"w-separator size_medium\"><\/div><div class=\"w-image style_shadow-2 align_center\"><div class=\"w-image-h\"><div class=\"w-image-shadow\" style=\"background-image:url(https:\/\/transfert-quantique.com\/wp-content\/uploads\/2024\/04\/personnages-1024x1024.jpg);\"><\/div><img width=\"1024\" height=\"1024\" src=\"https:\/\/transfert-quantique.com\/wp-content\/uploads\/2024\/04\/personnages-1024x1024.jpg\" class=\"attachment-large size-large\" alt=\"\" loading=\"lazy\" srcset=\"https:\/\/transfert-quantique.com\/wp-content\/uploads\/2024\/04\/personnages.jpg 1024w, https:\/\/transfert-quantique.com\/wp-content\/uploads\/2024\/04\/personnages-300x300.jpg 300w, https:\/\/transfert-quantique.com\/wp-content\/uploads\/2024\/04\/personnages-150x150.jpg 150w\" sizes=\"(max-width: 1024px) 100vw, 1024px\" \/><\/div><\/div><\/div><\/div><div class=\"wpb_column vc_column_container\"><div class=\"vc_column-inner\"><div class=\"wpb_text_column us_custom_432d3f53\"><div class=\"wpb_wrapper\"><p>It's an exciting tool, using new science; thanks to quantum mechanics, it's now possible to explain the interconnection of the unconscious via the entanglement of fields.<\/p>\n<p>The corpuscular aspect localized in a subject's body (conscious localized in the body) and the undulatory aspect (unconscious), speak to us of quantum states to which psychic energies outside time and space are associated.<br \/>\nthe unconscious is brought to light, revealing the secrets of repressed elements; the paths it takes in its symbolism are as fascinating as they are terrifying.<\/p>\n<p>A repositioning of the unconscious is needed to put the subject back into its own energy, far from the anxiety-provoking or even pathogenic entanglements in what I call \u201cthe path of life\u201d: the life in which each of us should be, the one in which we feel we belong.<\/p>\n<p>This could be likened to updating the unconscious, like updating a hard disk, or formatting or defragmenting.<\/p>\n<p>The possible goals for the patient are unlimited.<\/p>\n<\/div><\/div><\/div><\/div><\/div><div class=\"w-separator size_medium\"><\/div><div class=\"g-cols wpb_row via_grid cols_1 laptops-cols_inherit tablets-cols_inherit mobiles-cols_1 valign_top type_default stacking_default\"><div class=\"wpb_column vc_column_container\"><div class=\"vc_column-inner\"><div class=\"wpb_text_column\"><div class=\"wpb_wrapper\"><p style=\"text-align: center;\">Pour les b\u00e9b\u00e9s et les enfants, ce sont les parents qui effectuent la s\u00e9ance \u00e0 leur place. Toutes les s\u00e9ances se font par t\u00e9l\u00e9phone uniquement.<\/p>\n<p style=\"text-align: center;\">And everything that contributes to making us who we are in our Western world and, in the end, simply being on our own path, the one that puts us where we need to be.<\/p>\n<p style=\"text-align: center;\">The aim here is to continue the work of the pioneers of psychoanalysis, with a broader vision and a more holistic approach to patient care, admittedly a little more futuristic, using quantum knowledge and its fields of application, which are only at the dawn of what they have in store for us.<\/p>\n<\/div><\/div><\/div><\/div><\/div><\/div><\/div><\/div><\/div><\/section><section class=\"l-section wpb_row height_medium\"><div class=\"l-section-h i-cf\"><div class=\"g-cols vc_row via_grid cols_1 laptops-cols_inherit tablets-cols_inherit mobiles-cols_1 valign_top type_default stacking_default\"><div class=\"wpb_column vc_column_container\"><div class=\"vc_column-inner\"><h2 style=\"text-align: center\" class=\"vc_custom_heading\" >The most frequent sessions concern<\/h2><div class=\"w-separator size_medium\"><\/div><div class=\"w-tabs layout_hor style_trendy switch_click has_scrolling\" style=\"--sections-title-size:1em\"><div class=\"w-tabs-list items_3 align_none\"><div class=\"w-tabs-list-h\"><button class=\"w-tabs-item active with_icon\" aria-controls=\"content-k209\" aria-expanded=\"false\"><i class=\"fas fa-heart\"><\/i><span class=\"w-tabs-item-title\">La vie affective<\/span><\/button><button class=\"w-tabs-item with_icon\" aria-controls=\"content-u484\" aria-expanded=\"false\"><i class=\"fas fa-euro-sign\"><\/i><span class=\"w-tabs-item-title\">Professional and financial problems<\/span><\/button><button class=\"w-tabs-item with_icon\" aria-controls=\"content-r709\" aria-expanded=\"false\"><i class=\"fas fa-birthday-cake\"><\/i><span class=\"w-tabs-item-title\">The midlife crisis<\/span><\/button><\/div><\/div><div class=\"w-tabs-sections titles-align_none icon_chevron cpos_right\"><div class=\"w-tabs-section active\" id=\"k209\"><button class=\"w-tabs-section-header active with_icon\" aria-controls=\"content-k209\" aria-expanded=\"true\"><i class=\"fas fa-heart\"><\/i><div class=\"w-tabs-section-title\">La vie affective<\/div><div class=\"w-tabs-section-control\"><\/div><\/button><div  class=\"w-tabs-section-content\" id=\"content-k209\"><div class=\"w-tabs-section-content-h i-cf\"><div class=\"wpb_text_column\"><div class=\"wpb_wrapper\"><p>Often related :<\/p>\n<ul>\n<li>twin syndrome lost in utero or afterwards<\/li>\n<li>unloving, narcissistic, perverse, ill, depressive or absent mother<\/li>\n<li>non-existent, abusive father<\/li>\n<li>lack of self-esteem<\/li>\n<li>fear of commitment after betrayal<\/li>\n<li>use of a first name, in addition to the usual one, of a character who has had serious relationship problems<\/li>\n<li>poor image of men and women initiated by parents (educators)<\/li>\n<li>poor image of the parental couple, divorce difficult or not<\/li>\n<li>guilt linked to various reasons, sick brother or sister, strict, authoritarian, demanding parents etc...<\/li>\n<li>the guilt of being born, of existing, of being loved<\/li>\n<li>and many other cases<\/li>\n<\/ul>\n<div class=\"box_holder_border\">It is then possible to understand why it is impossible to meet the right person.<\/div>\n<\/div><\/div><\/div><\/div><\/div><div class=\"w-tabs-section\" id=\"u484\"><button class=\"w-tabs-section-header with_icon\" aria-controls=\"content-u484\" aria-expanded=\"false\"><i class=\"fas fa-euro-sign\"><\/i><div class=\"w-tabs-section-title\">Professional and financial problems<\/div><div class=\"w-tabs-section-control\"><\/div><\/button><div  class=\"w-tabs-section-content\" id=\"content-u484\"><div class=\"w-tabs-section-content-h i-cf\"><div class=\"wpb_text_column\"><div class=\"wpb_wrapper\"><p>Often related :<\/p>\n<ul>\n<li>au p\u00e8re\u00a0\u00abind\u00e9passable\u00a0\u00bb dans le clan d\u2019origine<\/li>\n<li>aux pr\u00e9noms port\u00e9s<\/li>\n<li>\u00e0 la place occup\u00e9e dans la fratrie<\/li>\n<li>la situation financi\u00e8re des parents(r\u00e9p\u00e9tition par loyaut\u00e9)<\/li>\n<li>l\u2019incapacit\u00e9 \u00e0 r\u00e9ussir par loyaut\u00e9<\/li>\n<li>la culpabilit\u00e9<\/li>\n<li>au p\u00e8re d\u00e9valorisant<\/li>\n<li>aux parents n\u2019ayant pas fait d\u2019\u00e9tudes<\/li>\n<\/ul>\n<div class=\"box_holder_border\">Dans la plupart des cas, il s\u2019agit de probl\u00e8mes de loyaut\u00e9 de l\u2019enfant\u00a0; la loyaut\u00e9 est un vrai probl\u00e8me limitant choisi par l\u2019enfant lui m\u00eame, bien plus compliqu\u00e9 \u00e0 lever que l\u2019emprise qui elle, est subie.<\/div>\n<\/div><\/div><\/div><\/div><\/div><div class=\"w-tabs-section\" id=\"r709\"><button class=\"w-tabs-section-header with_icon\" aria-controls=\"content-r709\" aria-expanded=\"false\"><i class=\"fas fa-birthday-cake\"><\/i><div class=\"w-tabs-section-title\">The midlife crisis<\/div><div class=\"w-tabs-section-control\"><\/div><\/button><div  class=\"w-tabs-section-content\" id=\"content-r709\"><div class=\"w-tabs-section-content-h i-cf\"><div class=\"wpb_text_column\"><div class=\"wpb_wrapper\"><p>Souvent li\u00e9e \u00e0\u00a0:<\/p>\n<ul>\n<li>l\u2019absence de crise d\u2019adolescence, la non-\u00e9mancipation des parents qui laisse le sujet dans un \u00e9tat infantile, avec des choix de couple inadapt\u00e9s et des choix de m\u00e9tier \u00e9tay\u00e9s sur ceux des parents<\/li>\n<li>La loyaut\u00e9 exacerb\u00e9s envers les parents<\/li>\n<li>L\u2019interdiction des parents de devenir un adulte face \u00e0 eux<\/li>\n<li>Etc\u2026<\/li>\n<\/ul>\n<div class=\"box_holder_border\" style=\"text-align: center;\"><strong>\u00ab\u00a0Si l\u2019on est pas bien dans sa peau, c\u2019est que l\u2019on est pas dans la sienne\u00a0\u00bb<\/strong><\/div>\n<\/div><\/div><\/div><\/div><\/div><\/div><\/div><\/div><\/div><\/div><\/div><\/section><section class=\"l-section wpb_row height_medium\"><div class=\"l-section-h i-cf\"><div class=\"g-cols vc_row via_grid cols_1 laptops-cols_inherit tablets-cols_inherit mobiles-cols_1 valign_top type_default stacking_default\"><div class=\"wpb_column vc_column_container\"><div class=\"vc_column-inner\"><div class=\"wpb_text_column\"><div class=\"wpb_wrapper\"><p style=\"text-align: center;\"><em>\u201cThe absence of transcendence condemns man to the perpetuity of repetition\u201d.<\/em>\u00a0<strong>Schopenhauer<\/strong><\/p>\n<\/div><\/div><\/div><\/div><\/div><\/div><\/section>","protected":false},"excerpt":{"rendered":"Transfert quantiqueQui suis-je? Je m&rsquo;appelle Myriam Fassio, j&rsquo;ai un TSA qui me conf\u00e8re certaines capacit\u00e9s que d&rsquo;autres n&rsquo;ont pas; j&rsquo;ai mis mes particularit\u00e9s autistiques au service de mon activit\u00e9 et de mes recherches et cela depuis toujours. Je suis psychanalyste, p\u00e9dopsychanalyste et conceptrice d&rsquo;outils th\u00e9rapeutiques innovants dont le Transfert Quantique, le PLER,\u00a0 ainsi que l&rsquo;outil...","protected":false},"author":1,"featured_media":0,"parent":0,"menu_order":0,"comment_status":"closed","ping_status":"closed","template":"","meta":[],"yoast_head":"<!-- This site is optimized with the Yoast SEO plugin v19.3 - https:\/\/yoast.com\/wordpress\/plugins\/seo\/ -->\n<title>Transfert quantique - Transfert Quantique<\/title>\n<meta name=\"robots\" content=\"index, follow, max-snippet:-1, max-image-preview:large, max-video-preview:-1\" \/>\n<link rel=\"canonical\" href=\"https:\/\/transfert-quantique.com\/en\/transfert-quantique\/\" \/>\n<meta property=\"og:locale\" content=\"en_US\" \/>\n<meta property=\"og:type\" content=\"article\" \/>\n<meta property=\"og:title\" content=\"Transfert quantique - Transfert Quantique\" \/>\n<meta property=\"og:url\" content=\"https:\/\/transfert-quantique.com\/en\/transfert-quantique\/\" \/>\n<meta property=\"og:site_name\" content=\"Transfert Quantique\" \/>\n<meta property=\"article:modified_time\" content=\"2025-08-23T12:59:30+00:00\" \/>\n<meta name=\"twitter:label1\" content=\"Est. reading time\" \/>\n\t<meta name=\"twitter:data1\" content=\"7 minutes\" \/>\n<script type=\"application\/ld+json\" class=\"yoast-schema-graph\">{\"@context\":\"https:\/\/schema.org\",\"@graph\":[{\"@type\":\"WebSite\",\"@id\":\"https:\/\/transfert-quantique.com\/#website\",\"url\":\"https:\/\/transfert-quantique.com\/\",\"name\":\"Transfert Quantique\",\"description\":\"\",\"potentialAction\":[{\"@type\":\"SearchAction\",\"target\":{\"@type\":\"EntryPoint\",\"urlTemplate\":\"https:\/\/transfert-quantique.com\/?s={search_term_string}\"},\"query-input\":\"required name=search_term_string\"}],\"inLanguage\":\"en-US\"},{\"@type\":\"WebPage\",\"@id\":\"https:\/\/transfert-quantique.com\/transfert-quantique\/\",\"url\":\"https:\/\/transfert-quantique.com\/transfert-quantique\/\",\"name\":\"Transfert quantique - Transfert Quantique\",\"isPartOf\":{\"@id\":\"https:\/\/transfert-quantique.com\/#website\"},\"datePublished\":\"2021-12-22T10:39:59+00:00\",\"dateModified\":\"2025-08-23T12:59:30+00:00\",\"breadcrumb\":{\"@id\":\"https:\/\/transfert-quantique.com\/transfert-quantique\/#breadcrumb\"},\"inLanguage\":\"en-US\",\"potentialAction\":[{\"@type\":\"ReadAction\",\"target\":[\"https:\/\/transfert-quantique.com\/transfert-quantique\/\"]}]},{\"@type\":\"BreadcrumbList\",\"@id\":\"https:\/\/transfert-quantique.com\/transfert-quantique\/#breadcrumb\",\"itemListElement\":[{\"@type\":\"ListItem\",\"position\":1,\"name\":\"Accueil\",\"item\":\"https:\/\/transfert-quantique.com\/\"},{\"@type\":\"ListItem\",\"position\":2,\"name\":\"Transfert quantique\"}]}]}<\/script>\n<!-- \/ Yoast SEO plugin. -->","yoast_head_json":{"title":"Transfert quantique - Transfert Quantique","robots":{"index":"index","follow":"follow","max-snippet":"max-snippet:-1","max-image-preview":"max-image-preview:large","max-video-preview":"max-video-preview:-1"},"canonical":"https:\/\/transfert-quantique.com\/en\/transfert-quantique\/","og_locale":"en_US","og_type":"article","og_title":"Transfert quantique - Transfert Quantique","og_url":"https:\/\/transfert-quantique.com\/en\/transfert-quantique\/","og_site_name":"Transfert Quantique","article_modified_time":"2025-08-23T12:59:30+00:00","twitter_misc":{"Est. reading time":"7 minutes"},"schema":{"@context":"https:\/\/schema.org","@graph":[{"@type":"WebSite","@id":"https:\/\/transfert-quantique.com\/#website","url":"https:\/\/transfert-quantique.com\/","name":"Transfert Quantique","description":"","potentialAction":[{"@type":"SearchAction","target":{"@type":"EntryPoint","urlTemplate":"https:\/\/transfert-quantique.com\/?s={search_term_string}"},"query-input":"required name=search_term_string"}],"inLanguage":"en-US"},{"@type":"WebPage","@id":"https:\/\/transfert-quantique.com\/transfert-quantique\/","url":"https:\/\/transfert-quantique.com\/transfert-quantique\/","name":"Transfert quantique - Transfert Quantique","isPartOf":{"@id":"https:\/\/transfert-quantique.com\/#website"},"datePublished":"2021-12-22T10:39:59+00:00","dateModified":"2025-08-23T12:59:30+00:00","breadcrumb":{"@id":"https:\/\/transfert-quantique.com\/transfert-quantique\/#breadcrumb"},"inLanguage":"en-US","potentialAction":[{"@type":"ReadAction","target":["https:\/\/transfert-quantique.com\/transfert-quantique\/"]}]},{"@type":"BreadcrumbList","@id":"https:\/\/transfert-quantique.com\/transfert-quantique\/#breadcrumb","itemListElement":[{"@type":"ListItem","position":1,"name":"Accueil","item":"https:\/\/transfert-quantique.com\/"},{"@type":"ListItem","position":2,"name":"Transfert quantique"}]}]}},"_links":{"self":[{"href":"https:\/\/transfert-quantique.com\/en\/wp-json\/wp\/v2\/pages\/106"}],"collection":[{"href":"https:\/\/transfert-quantique.com\/en\/wp-json\/wp\/v2\/pages"}],"about":[{"href":"https:\/\/transfert-quantique.com\/en\/wp-json\/wp\/v2\/types\/page"}],"author":[{"embeddable":true,"href":"https:\/\/transfert-quantique.com\/en\/wp-json\/wp\/v2\/users\/1"}],"replies":[{"embeddable":true,"href":"https:\/\/transfert-quantique.com\/en\/wp-json\/wp\/v2\/comments?post=106"}],"version-history":[{"count":23,"href":"https:\/\/transfert-quantique.com\/en\/wp-json\/wp\/v2\/pages\/106\/revisions"}],"predecessor-version":[{"id":720,"href":"https:\/\/transfert-quantique.com\/en\/wp-json\/wp\/v2\/pages\/106\/revisions\/720"}],"wp:attachment":[{"href":"https:\/\/transfert-quantique.com\/en\/wp-json\/wp\/v2\/media?parent=106"}],"curies":[{"name":"wp","href":"https:\/\/api.w.org\/{rel}","templated":true}]}}