{"id":108,"date":"2021-12-22T11:41:20","date_gmt":"2021-12-22T10:41:20","guid":{"rendered":"https:\/\/transfert-quantique.com\/?page_id=108"},"modified":"2026-01-11T13:58:12","modified_gmt":"2026-01-11T12:58:12","slug":"contact","status":"publish","type":"page","link":"https:\/\/transfert-quantique.com\/en\/contact\/","title":{"rendered":"Contact"},"content":{"rendered":"<section class=\"l-section wpb_row height_large with_img\"><div class=\"l-section-img\" style=\"background-image: url(https:\/\/transfert-quantique.com\/wp-content\/uploads\/2024\/04\/Fond-vert.jpg);\" data-img-width=\"709\" data-img-height=\"709\"><\/div><div class=\"l-section-h i-cf\"><div class=\"g-cols vc_row via_grid cols_1 laptops-cols_inherit tablets-cols_inherit mobiles-cols_1 valign_top type_default stacking_default\"><div class=\"wpb_column vc_column_container\"><div class=\"vc_column-inner\"><h1 style=\"color: #ffffff;text-align: center\" class=\"vc_custom_heading\" >CONTACT<\/h1><\/div><\/div><\/div><\/div><\/section><section class=\"l-section wpb_row height_medium\"><div class=\"l-section-h i-cf\"><div class=\"g-cols vc_row via_grid cols_1 laptops-cols_inherit tablets-cols_inherit mobiles-cols_1 valign_top type_default stacking_default\"><div class=\"wpb_column vc_column_container\"><div class=\"vc_column-inner\"><h2 style=\"text-align: center\" class=\"vc_custom_heading\" >GETTING IN TOUCH<\/h2><div class=\"w-separator size_medium\"><\/div><div class=\"w-iconbox us_custom_432d3f53 iconpos_left style_circle color_secondary align_left\"><div class=\"w-iconbox-icon\" style=\"font-size:22px;\"><i class=\"fas fa-phone\"><\/i><\/div><div class=\"w-iconbox-meta\"><h4 class=\"w-iconbox-title\">Tel : 06 46 41 78 85<\/h4><div class=\"w-iconbox-text\"><p>Les rendez-vous se prennent uniquement par t\u00e9l\u00e9phone au secr\u00e9tariat sauf si vous vivez \u00e0 l&rsquo;\u00e9tranger et que vous \u00eates sur un fuseau horaire diff\u00e9rent, le secr\u00e9tariat est ouvert tous les jours ouvrables de 8H \u00e0 19H.<\/p>\n<p>Please take the time difference into account so that your session fits into my set time slots.<\/p>\n<p>Please inform the secretary <strong>imperatively<\/strong> your country code if you're abroad.<\/p>\n<p><strong><span style=\"color: #1a1a1a;\">Toutes les s\u00e9ances pour les enfants ados et pour les pathologies sont prisent en chargent par ma fille Shana\u00ebl Munier : prise de rdv en transfert quantique \u00e0 son secr\u00e9tariat au 0652867649. Si mes d\u00e9lais sont trop longs vous pouvez \u00e9galement prendre rdv avec Shanael Munier . Notre fa\u00e7on de travailler est identique.<br \/>\n<\/span><\/strong><\/p>\n<p>Vous pouvez \u00e9galement demander \u00e0 \u00eatre mis sur liste d&rsquo;attente, les annulations sont nombreuses du fait des d\u00e9lais.<\/p>\n<p>&nbsp;<\/p>\n<p><span style=\"color: #ff0000;\"><strong>Attention: les demandes et les annulations de rdv ne seront en aucun cas prises en compte par SMS et donc imp\u00e9rativement au secr\u00e9tariat .Les RDV non annul\u00e9s 48h \u00e0 l&rsquo;avance resteront d\u00fbs.<br \/>\n<\/strong><\/span><\/p>\n<\/div><\/div><\/div><div class=\"g-cols wpb_row via_grid cols_2 laptops-cols_inherit tablets-cols_inherit mobiles-cols_1 valign_top type_default stacking_default\"><div class=\"wpb_column vc_column_container\"><div class=\"vc_column-inner\"><div class=\"wpb_text_column us_custom_432d3f53\"><div class=\"wpb_wrapper\"><p><strong>Practice address<\/strong><\/p>\n<p>Institut Flora 16 bis Corniche de Neuburg 34200 S\u00e8te<\/p>\n<p>Pour le stationnement, il est pr\u00e9f\u00e9rable de se garer sur le petit parking du minimarket. Mon cabinet se trouve dans l&rsquo;Institut FLora situ\u00e9 un peu plus bas que le restaurant \u00ab\u00a0le petit bistrot\u00a0\u00bb. Entrez et prenez place dans la salle d&rsquo;attente.<\/p>\n<p><strong>S\u00e9ances par t\u00e9l\u00e9phone pour les rdv en France et par WhatsApp pour les rdv pour l&rsquo;\u00e9tranger.(Pour l&rsquo;\u00e9tranger ,vous pouvez contacter la direction \u00e0 Direction@permatel.fr)<br \/>\n<\/strong><\/p>\n<p><span style=\"color: #ff0000;\">Attention : Aucun rdv en transfert quantique ne se fait en pr\u00e9sentiel.<\/span><\/p>\n<\/div><\/div><\/div><\/div><div class=\"wpb_column vc_column_container\"><div class=\"vc_column-inner\"><\/div><\/div><\/div><\/div><\/div><\/div><\/div><\/section>","protected":false},"excerpt":{"rendered":"CONTACTPRISE DE CONTACTTel : 06 46 41 78 85Les rendez-vous se prennent uniquement par t\u00e9l\u00e9phone au secr\u00e9tariat sauf si vous vivez \u00e0 l'\u00e9tranger et que vous \u00eates sur un fuseau horaire diff\u00e9rent, le secr\u00e9tariat est ouvert tous les jours ouvrables de 8H \u00e0 19H. Merci de tenir compte du d\u00e9calage horaire pour que votre s\u00e9ance...","protected":false},"author":1,"featured_media":0,"parent":0,"menu_order":0,"comment_status":"closed","ping_status":"closed","template":"","meta":[],"yoast_head":"<!-- This site is optimized with the Yoast SEO plugin v19.3 - https:\/\/yoast.com\/wordpress\/plugins\/seo\/ -->\n<title>Contact - Transfert Quantique<\/title>\n<meta name=\"robots\" content=\"index, follow, max-snippet:-1, max-image-preview:large, max-video-preview:-1\" \/>\n<link rel=\"canonical\" href=\"https:\/\/transfert-quantique.com\/en\/contact\/\" \/>\n<meta property=\"og:locale\" content=\"en_US\" \/>\n<meta property=\"og:type\" content=\"article\" \/>\n<meta property=\"og:title\" content=\"Contact - Transfert Quantique\" \/>\n<meta property=\"og:url\" content=\"https:\/\/transfert-quantique.com\/en\/contact\/\" \/>\n<meta property=\"og:site_name\" content=\"Transfert Quantique\" \/>\n<meta property=\"article:modified_time\" content=\"2026-01-11T12:58:12+00:00\" \/>\n<meta name=\"twitter:label1\" content=\"Est. reading time\" \/>\n\t<meta name=\"twitter:data1\" content=\"2 minutes\" \/>\n<script type=\"application\/ld+json\" class=\"yoast-schema-graph\">{\"@context\":\"https:\/\/schema.org\",\"@graph\":[{\"@type\":\"WebSite\",\"@id\":\"https:\/\/transfert-quantique.com\/#website\",\"url\":\"https:\/\/transfert-quantique.com\/\",\"name\":\"Transfert Quantique\",\"description\":\"\",\"potentialAction\":[{\"@type\":\"SearchAction\",\"target\":{\"@type\":\"EntryPoint\",\"urlTemplate\":\"https:\/\/transfert-quantique.com\/?s={search_term_string}\"},\"query-input\":\"required name=search_term_string\"}],\"inLanguage\":\"en-US\"},{\"@type\":\"WebPage\",\"@id\":\"https:\/\/transfert-quantique.com\/contact\/\",\"url\":\"https:\/\/transfert-quantique.com\/contact\/\",\"name\":\"Contact - Transfert Quantique\",\"isPartOf\":{\"@id\":\"https:\/\/transfert-quantique.com\/#website\"},\"datePublished\":\"2021-12-22T10:41:20+00:00\",\"dateModified\":\"2026-01-11T12:58:12+00:00\",\"breadcrumb\":{\"@id\":\"https:\/\/transfert-quantique.com\/contact\/#breadcrumb\"},\"inLanguage\":\"en-US\",\"potentialAction\":[{\"@type\":\"ReadAction\",\"target\":[\"https:\/\/transfert-quantique.com\/contact\/\"]}]},{\"@type\":\"BreadcrumbList\",\"@id\":\"https:\/\/transfert-quantique.com\/contact\/#breadcrumb\",\"itemListElement\":[{\"@type\":\"ListItem\",\"position\":1,\"name\":\"Accueil\",\"item\":\"https:\/\/transfert-quantique.com\/\"},{\"@type\":\"ListItem\",\"position\":2,\"name\":\"Contact\"}]}]}<\/script>\n<!-- \/ Yoast SEO plugin. -->","yoast_head_json":{"title":"Contact - Transfert Quantique","robots":{"index":"index","follow":"follow","max-snippet":"max-snippet:-1","max-image-preview":"max-image-preview:large","max-video-preview":"max-video-preview:-1"},"canonical":"https:\/\/transfert-quantique.com\/en\/contact\/","og_locale":"en_US","og_type":"article","og_title":"Contact - Transfert Quantique","og_url":"https:\/\/transfert-quantique.com\/en\/contact\/","og_site_name":"Transfert Quantique","article_modified_time":"2026-01-11T12:58:12+00:00","twitter_misc":{"Est. reading time":"2 minutes"},"schema":{"@context":"https:\/\/schema.org","@graph":[{"@type":"WebSite","@id":"https:\/\/transfert-quantique.com\/#website","url":"https:\/\/transfert-quantique.com\/","name":"Transfert Quantique","description":"","potentialAction":[{"@type":"SearchAction","target":{"@type":"EntryPoint","urlTemplate":"https:\/\/transfert-quantique.com\/?s={search_term_string}"},"query-input":"required name=search_term_string"}],"inLanguage":"en-US"},{"@type":"WebPage","@id":"https:\/\/transfert-quantique.com\/contact\/","url":"https:\/\/transfert-quantique.com\/contact\/","name":"Contact - Transfert Quantique","isPartOf":{"@id":"https:\/\/transfert-quantique.com\/#website"},"datePublished":"2021-12-22T10:41:20+00:00","dateModified":"2026-01-11T12:58:12+00:00","breadcrumb":{"@id":"https:\/\/transfert-quantique.com\/contact\/#breadcrumb"},"inLanguage":"en-US","potentialAction":[{"@type":"ReadAction","target":["https:\/\/transfert-quantique.com\/contact\/"]}]},{"@type":"BreadcrumbList","@id":"https:\/\/transfert-quantique.com\/contact\/#breadcrumb","itemListElement":[{"@type":"ListItem","position":1,"name":"Accueil","item":"https:\/\/transfert-quantique.com\/"},{"@type":"ListItem","position":2,"name":"Contact"}]}]}},"_links":{"self":[{"href":"https:\/\/transfert-quantique.com\/en\/wp-json\/wp\/v2\/pages\/108"}],"collection":[{"href":"https:\/\/transfert-quantique.com\/en\/wp-json\/wp\/v2\/pages"}],"about":[{"href":"https:\/\/transfert-quantique.com\/en\/wp-json\/wp\/v2\/types\/page"}],"author":[{"embeddable":true,"href":"https:\/\/transfert-quantique.com\/en\/wp-json\/wp\/v2\/users\/1"}],"replies":[{"embeddable":true,"href":"https:\/\/transfert-quantique.com\/en\/wp-json\/wp\/v2\/comments?post=108"}],"version-history":[{"count":32,"href":"https:\/\/transfert-quantique.com\/en\/wp-json\/wp\/v2\/pages\/108\/revisions"}],"predecessor-version":[{"id":745,"href":"https:\/\/transfert-quantique.com\/en\/wp-json\/wp\/v2\/pages\/108\/revisions\/745"}],"wp:attachment":[{"href":"https:\/\/transfert-quantique.com\/en\/wp-json\/wp\/v2\/media?parent=108"}],"curies":[{"name":"wp","href":"https:\/\/api.w.org\/{rel}","templated":true}]}}