{"id":112,"date":"2021-12-22T11:42:44","date_gmt":"2021-12-22T10:42:44","guid":{"rendered":"https:\/\/transfert-quantique.com\/?page_id=112"},"modified":"2025-08-23T17:33:52","modified_gmt":"2025-08-23T16:33:52","slug":"constellations-familiales","status":"publish","type":"page","link":"https:\/\/transfert-quantique.com\/en\/constellations-familiales\/","title":{"rendered":"Family Constellations"},"content":{"rendered":"<section class=\"l-section wpb_row height_medium\"><div class=\"l-section-h i-cf\"><div class=\"g-cols vc_row via_grid cols_1 laptops-cols_inherit tablets-cols_inherit mobiles-cols_1 valign_top type_default stacking_default\"><div class=\"wpb_column vc_column_container\"><div class=\"vc_column-inner\"><h1 style=\"text-align: center\" class=\"vc_custom_heading\" >Family Constellations<\/h1><\/div><\/div><\/div><\/div><\/section><section class=\"l-section wpb_row height_medium\"><div class=\"l-section-h i-cf\"><div class=\"g-cols vc_row via_grid cols_1 laptops-cols_inherit tablets-cols_inherit mobiles-cols_1 valign_top type_default stacking_default\"><div class=\"wpb_column vc_column_container\"><div class=\"vc_column-inner\"><div class=\"g-cols wpb_row via_grid cols_1-2 laptops-cols_inherit tablets-cols_inherit mobiles-cols_1 valign_top type_default stacking_default\"><div class=\"wpb_column vc_column_container\"><div class=\"vc_column-inner\"><div class=\"w-image align_center\"><div class=\"w-image-h\"><img class=\"g-placeholder\" src=\"https:\/\/transfert-quantique.com\/wp-content\/plugins\/us-core\/assets\/images\/placeholder.svg\" width=\"1024\" height=\"1024\" alt><\/div><\/div><\/div><\/div><div class=\"wpb_column vc_column_container\"><div class=\"vc_column-inner\"><div class=\"wpb_text_column\"><div class=\"wpb_wrapper\"><p>Une constellation familiale permet d\u2019identifier les conflits relationnels qui sont en jeu dans nos syst\u00e8mes familiaux sur plusieurs g\u00e9n\u00e9rations et de nous en lib\u00e9rer dans la compr\u00e9hension et la paix.<\/p>\n<p>Durant une session de constellation familiale, l&rsquo;objectif est d&rsquo;identifier, comprendre la source d&rsquo;un probl\u00e8me en cherchant quel(s) personnage(s) et \u00e9l\u00e9ment(s) sont impliqu\u00e9s. Dans un premier temps, il est n\u00e9cessaire de comprendre et d&rsquo;apaiser les interactions\u00a0 parent-enfant \u00e0 plusieurs niveaux: l&rsquo;enfant, l&rsquo;adolescent puis l&rsquo;adulte. Parfois il est opportun de confronter la partie foetus et nourrisson si par exemple , le trauma se situe au moment de la naissance ou in ut\u00e9ro. La sagesse, r\u00e9sultat de l&rsquo;acceptation sera la clef de r\u00e9solution. Nul besoin de r\u00e9gler ses comptes avec les protagonistes. La constellation permet l&rsquo;apaisement des tensions et la lev\u00e9e des conflits. Ce travail de groupe participe \u00e0 lib\u00e9rer progressivement les fardeaux familiaux, le jeu d\u2019interaction propos\u00e9 est \u00e9quivoque, tout s\u2019\u00e9claire et prend du sens. C\u2019est bien au-del\u00e0 d\u2019un simple jeu de r\u00f4le et pour ceux qui l&rsquo;ont d\u00e9j\u00e0 exp\u00e9rimenter. C\u2019est une vraie exp\u00e9rience m\u00e9taphysique. Les r\u00e9sultats sont remarquables. C&rsquo;est un exercice qui implique un investissement et un profond respect.<\/p>\n<p>Si vous ne connaissez pas le principe, je vous invite \u00e0 regarder la s\u00e9rie sur Netflix \u00ab\u00a0Le chemin de l&rsquo;olivier\u00a0\u00bb : ce que je pratique s&rsquo;en rapproche beaucoup.<\/p>\n<p><span style=\"color: #008000;\">Pour les constellations familiales en format classique \u00e0 S\u00e8te, les inscriptions se font au secr\u00e9tariat au 0646417885. Pour \u00eatre averti de la prochaine date, inscrivez vous sur la newsletter de ce site.<\/span><\/p>\n<p><span style=\"color: #333399;\">Je vous invite \u00e0 nous rejoindre sur la tourn\u00e9e ABCTalk Constellations Int\u00e9grales anim\u00e9e par ma fille Shanael Munier et moi-m\u00eame.<\/span><\/p>\n<p><a href=\"https:\/\/abctalk.fr\/evenements\/constellations-familiales#ticket\">inscriptions :https:\/\/abctalk.fr\/evenements\/constellations-familiales#ticket<\/a><\/p>\n<\/div><\/div><\/div><\/div><\/div><div class=\"w-separator size_medium\"><\/div><div class=\"wpb_text_column\"><div class=\"wpb_wrapper\"><p style=\"text-align: center;\">\u00ab Il y a une vie avant et apr\u00e8s l\u2019exp\u00e9rimentation des constellations syst\u00e9miques \u00bb.<\/p>\n<p style=\"text-align: center;\">Nous vous proposons un voyage extraordinaire au c\u0153ur de la nature humaine Si vous \u00eates curieux et impliqu\u00e9s\u2026<\/p>\n<p style=\"text-align: center;\">Pour tout renseignement ou vous inscrire \u00e0 la prochaine session merci de m\u2019\u00e9crire a : <strong>myriam.fassio@gmail.com<\/strong><\/p>\n<p style=\"text-align: center;\"><span style=\"color: #ff0000;\">les prochaines dates sont diffus\u00e9s sur les r\u00e9seaux \u00a0Myriam Fassio<\/span><\/p>\n<p style=\"text-align: center;\"><strong>Anim\u00e9e par Myriam Fassio<br \/>\n<\/strong><\/p>\n<\/div><\/div><\/div><\/div><\/div><\/div><\/section><section class=\"l-section wpb_row height_medium\"><div class=\"l-section-h i-cf\"><div class=\"g-cols vc_row via_grid cols_1 laptops-cols_inherit tablets-cols_inherit mobiles-cols_1 valign_top type_default stacking_default\"><div class=\"wpb_column vc_column_container\"><div class=\"vc_column-inner\"><h2 style=\"text-align: center\" class=\"vc_custom_heading\" >NEWSLETTER<\/h2><div class=\"wpb_text_column\"><div class=\"wpb_wrapper\"><hr class=\"traitrose\" align=\"center\" \/>\n<\/div><\/div><div class=\"wpb_text_column\"><div class=\"wpb_wrapper\"><p style=\"text-align: center;\">Pour \u00eatre inform\u00e9 sur les prochaines sessions de formation et \u00e9v\u00e8nements, inscrivez-vous \u00e0 notre newsletter :<\/p>\n<\/div><\/div><div class=\"wpb_text_column\"><div class=\"wpb_wrapper\">\n<\/div><\/div><\/div><\/div><\/div><\/div><\/section>","protected":false},"excerpt":{"rendered":"Constellations FamilialesUne constellation familiale permet d\u2019identifier les conflits relationnels qui sont en jeu dans nos syst\u00e8mes familiaux sur plusieurs g\u00e9n\u00e9rations et de nous en lib\u00e9rer dans la compr\u00e9hension et la paix. Durant une session de constellation familiale, l&rsquo;objectif est d&rsquo;identifier, comprendre la source d&rsquo;un probl\u00e8me en cherchant quel(s) personnage(s) et \u00e9l\u00e9ment(s) sont impliqu\u00e9s. Dans un...","protected":false},"author":1,"featured_media":0,"parent":0,"menu_order":0,"comment_status":"closed","ping_status":"closed","template":"","meta":[],"yoast_head":"<!-- This site is optimized with the Yoast SEO plugin v19.3 - https:\/\/yoast.com\/wordpress\/plugins\/seo\/ -->\n<title>Constellations Familiales - Transfert Quantique<\/title>\n<meta name=\"robots\" content=\"index, follow, max-snippet:-1, max-image-preview:large, max-video-preview:-1\" \/>\n<link rel=\"canonical\" href=\"https:\/\/transfert-quantique.com\/en\/constellations-familiales\/\" \/>\n<meta property=\"og:locale\" content=\"en_US\" \/>\n<meta property=\"og:type\" content=\"article\" \/>\n<meta property=\"og:title\" content=\"Constellations Familiales - Transfert Quantique\" \/>\n<meta property=\"og:url\" content=\"https:\/\/transfert-quantique.com\/en\/constellations-familiales\/\" \/>\n<meta property=\"og:site_name\" content=\"Transfert Quantique\" \/>\n<meta property=\"article:modified_time\" content=\"2025-08-23T16:33:52+00:00\" \/>\n<meta name=\"twitter:label1\" content=\"Est. reading time\" \/>\n\t<meta name=\"twitter:data1\" content=\"2 minutes\" \/>\n<script type=\"application\/ld+json\" class=\"yoast-schema-graph\">{\"@context\":\"https:\/\/schema.org\",\"@graph\":[{\"@type\":\"WebSite\",\"@id\":\"https:\/\/transfert-quantique.com\/#website\",\"url\":\"https:\/\/transfert-quantique.com\/\",\"name\":\"Transfert Quantique\",\"description\":\"\",\"potentialAction\":[{\"@type\":\"SearchAction\",\"target\":{\"@type\":\"EntryPoint\",\"urlTemplate\":\"https:\/\/transfert-quantique.com\/?s={search_term_string}\"},\"query-input\":\"required name=search_term_string\"}],\"inLanguage\":\"en-US\"},{\"@type\":\"WebPage\",\"@id\":\"https:\/\/transfert-quantique.com\/constellations-familiales\/\",\"url\":\"https:\/\/transfert-quantique.com\/constellations-familiales\/\",\"name\":\"Constellations Familiales - Transfert Quantique\",\"isPartOf\":{\"@id\":\"https:\/\/transfert-quantique.com\/#website\"},\"datePublished\":\"2021-12-22T10:42:44+00:00\",\"dateModified\":\"2025-08-23T16:33:52+00:00\",\"breadcrumb\":{\"@id\":\"https:\/\/transfert-quantique.com\/constellations-familiales\/#breadcrumb\"},\"inLanguage\":\"en-US\",\"potentialAction\":[{\"@type\":\"ReadAction\",\"target\":[\"https:\/\/transfert-quantique.com\/constellations-familiales\/\"]}]},{\"@type\":\"BreadcrumbList\",\"@id\":\"https:\/\/transfert-quantique.com\/constellations-familiales\/#breadcrumb\",\"itemListElement\":[{\"@type\":\"ListItem\",\"position\":1,\"name\":\"Accueil\",\"item\":\"https:\/\/transfert-quantique.com\/\"},{\"@type\":\"ListItem\",\"position\":2,\"name\":\"Constellations Familiales\"}]}]}<\/script>\n<!-- \/ Yoast SEO plugin. -->","yoast_head_json":{"title":"Constellations Familiales - Transfert Quantique","robots":{"index":"index","follow":"follow","max-snippet":"max-snippet:-1","max-image-preview":"max-image-preview:large","max-video-preview":"max-video-preview:-1"},"canonical":"https:\/\/transfert-quantique.com\/en\/constellations-familiales\/","og_locale":"en_US","og_type":"article","og_title":"Constellations Familiales - Transfert Quantique","og_url":"https:\/\/transfert-quantique.com\/en\/constellations-familiales\/","og_site_name":"Transfert Quantique","article_modified_time":"2025-08-23T16:33:52+00:00","twitter_misc":{"Est. reading time":"2 minutes"},"schema":{"@context":"https:\/\/schema.org","@graph":[{"@type":"WebSite","@id":"https:\/\/transfert-quantique.com\/#website","url":"https:\/\/transfert-quantique.com\/","name":"Transfert Quantique","description":"","potentialAction":[{"@type":"SearchAction","target":{"@type":"EntryPoint","urlTemplate":"https:\/\/transfert-quantique.com\/?s={search_term_string}"},"query-input":"required name=search_term_string"}],"inLanguage":"en-US"},{"@type":"WebPage","@id":"https:\/\/transfert-quantique.com\/constellations-familiales\/","url":"https:\/\/transfert-quantique.com\/constellations-familiales\/","name":"Constellations Familiales - Transfert Quantique","isPartOf":{"@id":"https:\/\/transfert-quantique.com\/#website"},"datePublished":"2021-12-22T10:42:44+00:00","dateModified":"2025-08-23T16:33:52+00:00","breadcrumb":{"@id":"https:\/\/transfert-quantique.com\/constellations-familiales\/#breadcrumb"},"inLanguage":"en-US","potentialAction":[{"@type":"ReadAction","target":["https:\/\/transfert-quantique.com\/constellations-familiales\/"]}]},{"@type":"BreadcrumbList","@id":"https:\/\/transfert-quantique.com\/constellations-familiales\/#breadcrumb","itemListElement":[{"@type":"ListItem","position":1,"name":"Accueil","item":"https:\/\/transfert-quantique.com\/"},{"@type":"ListItem","position":2,"name":"Constellations Familiales"}]}]}},"_links":{"self":[{"href":"https:\/\/transfert-quantique.com\/en\/wp-json\/wp\/v2\/pages\/112"}],"collection":[{"href":"https:\/\/transfert-quantique.com\/en\/wp-json\/wp\/v2\/pages"}],"about":[{"href":"https:\/\/transfert-quantique.com\/en\/wp-json\/wp\/v2\/types\/page"}],"author":[{"embeddable":true,"href":"https:\/\/transfert-quantique.com\/en\/wp-json\/wp\/v2\/users\/1"}],"replies":[{"embeddable":true,"href":"https:\/\/transfert-quantique.com\/en\/wp-json\/wp\/v2\/comments?post=112"}],"version-history":[{"count":11,"href":"https:\/\/transfert-quantique.com\/en\/wp-json\/wp\/v2\/pages\/112\/revisions"}],"predecessor-version":[{"id":738,"href":"https:\/\/transfert-quantique.com\/en\/wp-json\/wp\/v2\/pages\/112\/revisions\/738"}],"wp:attachment":[{"href":"https:\/\/transfert-quantique.com\/en\/wp-json\/wp\/v2\/media?parent=112"}],"curies":[{"name":"wp","href":"https:\/\/api.w.org\/{rel}","templated":true}]}}