{"id":125,"date":"2021-12-22T11:47:25","date_gmt":"2021-12-22T10:47:25","guid":{"rendered":"https:\/\/transfert-quantique.com\/?page_id=125"},"modified":"2024-10-31T09:03:23","modified_gmt":"2024-10-31T08:03:23","slug":"livres","status":"publish","type":"page","link":"https:\/\/transfert-quantique.com\/en\/livres\/","title":{"rendered":"Books"},"content":{"rendered":"<section class=\"l-section wpb_row height_large with_img\"><div class=\"l-section-img\" style=\"background-image: url(https:\/\/transfert-quantique.com\/wp-content\/uploads\/2024\/04\/Fond-vert.jpg);\" data-img-width=\"709\" data-img-height=\"709\"><\/div><div class=\"l-section-h i-cf\"><div class=\"g-cols vc_row via_grid cols_1 laptops-cols_inherit tablets-cols_inherit mobiles-cols_1 valign_top type_default stacking_default\"><div class=\"wpb_column vc_column_container\"><div class=\"vc_column-inner\"><h1 style=\"color: #ffffff;text-align: center\" class=\"vc_custom_heading\" >Books<\/h1><\/div><\/div><\/div><\/div><\/section><section class=\"l-section wpb_row height_medium\"><div class=\"l-section-h i-cf\"><div class=\"g-cols vc_row via_grid cols_1 laptops-cols_inherit tablets-cols_inherit mobiles-cols_1 valign_top type_default stacking_default\"><div class=\"wpb_column vc_column_container\"><div class=\"vc_column-inner\"><div class=\"g-cols wpb_row via_grid cols_2 laptops-cols_inherit tablets-cols_inherit mobiles-cols_1 valign_top type_default stacking_default\"><div class=\"wpb_column vc_column_container\"><div class=\"vc_column-inner\"><div class=\"w-image align_center\"><div class=\"w-image-h\"><img width=\"245\" height=\"300\" src=\"https:\/\/transfert-quantique.com\/wp-content\/uploads\/2022\/07\/livre-transfert-quantique-linconscient-devoile-myriam-fassio-245x300.jpg\" class=\"attachment-medium size-medium\" alt=\"\" loading=\"lazy\" srcset=\"https:\/\/transfert-quantique.com\/wp-content\/uploads\/2022\/07\/livre-transfert-quantique-linconscient-devoile-myriam-fassio-245x300.jpg 245w, https:\/\/transfert-quantique.com\/wp-content\/uploads\/2022\/07\/livre-transfert-quantique-linconscient-devoile-myriam-fassio.jpg 533w\" sizes=\"(max-width: 245px) 100vw, 245px\" \/><\/div><\/div><div class=\"w-separator size_small\"><\/div><h2 style=\"text-align: left\" class=\"vc_custom_heading us_custom_aa1aee10\" >Quantum Transference, The unconscious revealed<\/h2><div class=\"wpb_text_column us_custom_432d3f53\"><div class=\"wpb_wrapper\"><p>We exchange information that interacts with our respective histories. They form a code that governs our family, sentimental, social and professional relationships. Unbeknownst to us, they constrain us in our choices, which sometimes run counter to our conscious desires; like a computer program out of control.<\/p>\n<p><span style=\"text-align: center;\">What are we waiting for to take back the power we delegate to the people in our lives?<\/span><\/p>\n<p><span style=\"text-align: center;\">Quantum Transference enables us to reprogram our unconscious so that we can fully take our place. It's for anyone seeking freedom and self-realization.<\/span><\/p>\n<\/div><\/div><div class=\"w-btn-wrapper align_center\"><a class=\"w-btn us-btn-style_1\" target=\"_blank\" href=\"https:\/\/www.amazon.fr\/Transfert-Quantique-Linconscient-d\u00e9voil\u00e9-linconscient-ebook\/dp\/B08C2CXHR4\/ref=sr_1_1?qid=1641829414&amp;refinements=p_27:Myriam+Yahimi-Fassio&amp;s=digital-text&amp;sr=1-1&amp;text=Myriam+Yahimi-Fassio\" rel=\"noopener\"><span class=\"w-btn-label\">ACHETER CE LIVRE<\/span><\/a><\/div><\/div><\/div><div class=\"wpb_column vc_column_container\"><div class=\"vc_column-inner\"><div class=\"w-image align_center\"><div class=\"w-image-h\"><img width=\"245\" height=\"300\" src=\"https:\/\/transfert-quantique.com\/wp-content\/uploads\/2022\/07\/Protocole-transfert-quantique-myriam-fassio-245x300.jpg\" class=\"attachment-medium size-medium\" alt=\"\" loading=\"lazy\" srcset=\"https:\/\/transfert-quantique.com\/wp-content\/uploads\/2022\/07\/Protocole-transfert-quantique-myriam-fassio-245x300.jpg 245w, https:\/\/transfert-quantique.com\/wp-content\/uploads\/2022\/07\/Protocole-transfert-quantique-myriam-fassio.jpg 533w\" sizes=\"(max-width: 245px) 100vw, 245px\" \/><\/div><\/div><div class=\"w-separator size_small\"><\/div><h2 style=\"text-align: left\" class=\"vc_custom_heading us_custom_aa1aee10\" >Quantum transfer protocol<\/h2><div class=\"wpb_text_column us_custom_432d3f53\"><div class=\"wpb_wrapper\"><p>This manual is intended for all therapists with a spiritual approach. it contains healing intentions that emit a strong vibration. they are to be used with respect, gratitude and humility. nothing is immutable; our life is but the symphony of our intentions.<\/p>\n<\/div><\/div><div class=\"w-btn-wrapper align_center\"><a class=\"w-btn us-btn-style_1\" target=\"_blank\" href=\"https:\/\/www.amazon.fr\/Protocole-transfert-quantique-Myriam-Yahimi\/dp\/2322118141\/ref=sr_1_1?s=books&amp;ie=UTF8&amp;qid=1546252535&amp;sr=1-1&amp;keywords=protocole+transfert+quantique\" rel=\"noopener\"><span class=\"w-btn-label\">ACHETER CE LIVRE<\/span><\/a><\/div><\/div><\/div><\/div><div class=\"w-separator size_large\"><\/div><div class=\"g-cols wpb_row via_grid cols_2 laptops-cols_inherit tablets-cols_inherit mobiles-cols_1 valign_top type_default stacking_default\"><div class=\"wpb_column vc_column_container\"><div class=\"vc_column-inner\"><div class=\"w-image align_center\"><div class=\"w-image-h\"><img width=\"245\" height=\"300\" src=\"https:\/\/transfert-quantique.com\/wp-content\/uploads\/2022\/07\/pensees-creatrices-troules-autismes-myriam-fassio-245x300.jpg\" class=\"attachment-medium size-medium\" alt=\"\" loading=\"lazy\" srcset=\"https:\/\/transfert-quantique.com\/wp-content\/uploads\/2022\/07\/pensees-creatrices-troules-autismes-myriam-fassio-245x300.jpg 245w, https:\/\/transfert-quantique.com\/wp-content\/uploads\/2022\/07\/pensees-creatrices-troules-autismes-myriam-fassio.jpg 533w\" sizes=\"(max-width: 245px) 100vw, 245px\" \/><\/div><\/div><div class=\"w-separator size_small\"><\/div><h2 style=\"text-align: left\" class=\"vc_custom_heading us_custom_aa1aee10\" >Creative thinking: Helping to free oneself from autism-related disorders<\/h2><div class=\"wpb_text_column us_custom_432d3f53\"><div class=\"wpb_wrapper\"><p>This book has been created for all those concerned by autistic disorder, children and adults alike.<br \/>\nis a collection of small prayers to accompany those in need, and to give our own people a chance to be active.<\/p>\n<p>These texts are creative thoughts that are easy to use.<\/p>\n<p>The illustration is the work of Zara Adams, a young autistic artist who has given me the honor of sharing this project. Her mother shares her experience as a parent of an autistic child with a lot of love and hope.<\/p>\n<\/div><\/div><div class=\"w-btn-wrapper align_center\"><a class=\"w-btn us-btn-style_1\" target=\"_blank\" href=\"https:\/\/www.amazon.fr\/gp\/product\/B09FQB6R27\/ref=dbs_a_def_rwt_bibl_vppi_i3\" rel=\"noopener\"><span class=\"w-btn-label\">ACHETER CE LIVRE<\/span><\/a><\/div><\/div><\/div><div class=\"wpb_column vc_column_container\"><div class=\"vc_column-inner\"><div class=\"w-image align_center\"><div class=\"w-image-h\"><img width=\"245\" height=\"300\" src=\"https:\/\/transfert-quantique.com\/wp-content\/uploads\/2022\/07\/pensees-creatrices-pour-les-enfants-myriam-fassio-245x300.jpg\" class=\"attachment-medium size-medium\" alt=\"\" loading=\"lazy\" srcset=\"https:\/\/transfert-quantique.com\/wp-content\/uploads\/2022\/07\/pensees-creatrices-pour-les-enfants-myriam-fassio-245x300.jpg 245w, https:\/\/transfert-quantique.com\/wp-content\/uploads\/2022\/07\/pensees-creatrices-pour-les-enfants-myriam-fassio.jpg 533w\" sizes=\"(max-width: 245px) 100vw, 245px\" \/><\/div><\/div><div class=\"w-separator size_small\"><\/div><h2 style=\"text-align: left\" class=\"vc_custom_heading us_custom_aa1aee10\" >Creative thinking: For children<\/h2><div class=\"wpb_text_column us_custom_432d3f53\"><div class=\"wpb_wrapper\"><p>The aim of this book is to give parents the opportunity to best accompany their children on the path of evolution. It is both poetic and spiritual.<\/p>\n<p>Today's children are different, much more sensitive and receptive, and they have the future of the planet and humanity in their hands.<br \/>\nThese creative thoughts are imbued with gentleness, love and Light....that they sow the flowers of the future beneath their every step....<\/p>\n<\/div><\/div><div class=\"w-btn-wrapper align_center\"><a class=\"w-btn us-btn-style_1\" target=\"_blank\" href=\"https:\/\/www.amazon.fr\/gp\/product\/B08W9F68V9\/ref=dbs_a_def_rwt_bibl_vppi_i6\" rel=\"noopener\"><span class=\"w-btn-label\">ACHETER CE LIVRE<\/span><\/a><\/div><\/div><\/div><\/div><div class=\"w-separator size_large\"><\/div><div class=\"g-cols wpb_row via_grid cols_2 laptops-cols_inherit tablets-cols_inherit mobiles-cols_1 valign_top type_default stacking_default\"><div class=\"wpb_column vc_column_container\"><div class=\"vc_column-inner\"><div class=\"w-image align_center\"><div class=\"w-image-h\"><img width=\"245\" height=\"300\" src=\"https:\/\/transfert-quantique.com\/wp-content\/uploads\/2022\/07\/pensees-creatrices-myriam-fassio-245x300.jpg\" class=\"attachment-medium size-medium\" alt=\"\" loading=\"lazy\" srcset=\"https:\/\/transfert-quantique.com\/wp-content\/uploads\/2022\/07\/pensees-creatrices-myriam-fassio-245x300.jpg 245w, https:\/\/transfert-quantique.com\/wp-content\/uploads\/2022\/07\/pensees-creatrices-myriam-fassio.jpg 533w\" sizes=\"(max-width: 245px) 100vw, 245px\" \/><\/div><\/div><div class=\"w-separator size_small\"><\/div><h2 style=\"text-align: left\" class=\"vc_custom_heading us_custom_aa1aee10\" >Creative thinking<\/h2><div class=\"wpb_text_column us_custom_432d3f53\"><div class=\"wpb_wrapper\"><p>This book is a collection of creative thoughts for anyone on the path to awakening.<\/p>\n<p>Use to make all areas of life easier.<\/p>\n<\/div><\/div><div class=\"w-btn-wrapper align_center\"><a class=\"w-btn us-btn-style_1\" target=\"_blank\" href=\"https:\/\/www.amazon.fr\/gp\/product\/B08V5KCFMZ\/ref=dbs_a_def_rwt_bibl_vppi_i7\" rel=\"noopener\"><span class=\"w-btn-label\">ACHETER CE LIVRE<\/span><\/a><\/div><\/div><\/div><div class=\"wpb_column vc_column_container\"><div class=\"vc_column-inner\"><div class=\"w-image align_center\"><div class=\"w-image-h\"><img width=\"245\" height=\"300\" src=\"https:\/\/transfert-quantique.com\/wp-content\/uploads\/2022\/07\/pensees-creatrices-volume-2-myriam-fassio-245x300.jpg\" class=\"attachment-medium size-medium\" alt=\"\" loading=\"lazy\" srcset=\"https:\/\/transfert-quantique.com\/wp-content\/uploads\/2022\/07\/pensees-creatrices-volume-2-myriam-fassio-245x300.jpg 245w, https:\/\/transfert-quantique.com\/wp-content\/uploads\/2022\/07\/pensees-creatrices-volume-2-myriam-fassio.jpg 533w\" sizes=\"(max-width: 245px) 100vw, 245px\" \/><\/div><\/div><div class=\"w-separator size_small\"><\/div><h2 style=\"text-align: left\" class=\"vc_custom_heading us_custom_aa1aee10\" >Creative thinking VOL. 2<\/h2><div class=\"wpb_text_column us_custom_432d3f53\"><div class=\"wpb_wrapper\"><p>This book is the sequel to the first part entitled \u201cCREATIVE THOUGHTS\u201d and completes the areas to be corrected, whether it's chakra alignment, releasing perverts' hold and many more...<\/p>\n<\/div><\/div><div class=\"w-btn-wrapper align_center\"><a class=\"w-btn us-btn-style_1\" target=\"_blank\" href=\"https:\/\/www.amazon.fr\/gp\/product\/B08VJJZRWH\/ref=dbs_a_def_rwt_bibl_vppi_i2\" rel=\"noopener\"><span class=\"w-btn-label\">ACHETER CE LIVRE<\/span><\/a><\/div><\/div><\/div><\/div><div class=\"w-separator size_large\"><\/div><div class=\"g-cols wpb_row via_grid cols_2 laptops-cols_inherit tablets-cols_inherit mobiles-cols_1 valign_top type_default stacking_default\"><div class=\"wpb_column vc_column_container\"><div class=\"vc_column-inner\"><div class=\"w-image align_center\"><div class=\"w-image-h\"><img width=\"245\" height=\"300\" src=\"https:\/\/transfert-quantique.com\/wp-content\/uploads\/2022\/07\/pensees-creatrices-volumes-3-aider-guerir-des-maladies-245x300.jpg\" class=\"attachment-medium size-medium\" alt=\"\" loading=\"lazy\" srcset=\"https:\/\/transfert-quantique.com\/wp-content\/uploads\/2022\/07\/pensees-creatrices-volumes-3-aider-guerir-des-maladies-245x300.jpg 245w, https:\/\/transfert-quantique.com\/wp-content\/uploads\/2022\/07\/pensees-creatrices-volumes-3-aider-guerir-des-maladies.jpg 533w\" sizes=\"(max-width: 245px) 100vw, 245px\" \/><\/div><\/div><div class=\"w-separator size_small\"><\/div><h2 style=\"text-align: left\" class=\"vc_custom_heading us_custom_aa1aee10\" >Creative thinking VOL.3 : Helping to heal illnesses<\/h2><div class=\"wpb_text_column us_custom_432d3f53\"><div class=\"wpb_wrapper\"><div id=\"bookDescription_feature_div\" class=\"celwidget\" data-feature-name=\"bookDescription\" data-csa-c-id=\"6u5wc-k0pj5c-e94yyw-qgrb95\" data-cel-widget=\"bookDescription_feature_div\">\n<div class=\"a-expander-collapsed-height a-row a-expander-container a-spacing-base a-expander-partial-collapse-container\" aria-live=\"polite\" data-a-expander-name=\"book_description_expander\" data-a-expander-collapsed-height=\"140\">\n<div class=\"a-expander-content a-expander-partial-collapse-content\" aria-expanded=\"false\">\n<p>This book is intended to help heal illnesses that are difficult to cure. It offers texts that some call \u201cprayers\u201d, others \u201ccreative thoughts\u201d or \u201cintentions\u201d.<\/p>\n<p>These texts provide valuable insights into the meaning of pathologies.<\/p>\n<p>You can use them for yourself and your loved ones.<\/p>\n<\/div>\n<\/div>\n<\/div>\n<\/div><\/div><div class=\"w-btn-wrapper align_center\"><a class=\"w-btn us-btn-style_1\" target=\"_blank\" href=\"https:\/\/www.amazon.fr\/gp\/product\/B08WJL94JN\/ref=dbs_a_def_rwt_bibl_vppi_i5\" rel=\"noopener\"><span class=\"w-btn-label\">ACHETER CE LIVRE<\/span><\/a><\/div><\/div><\/div><div class=\"wpb_column vc_column_container\"><div class=\"vc_column-inner\"><div class=\"w-image align_center\"><div class=\"w-image-h\"><img width=\"245\" height=\"300\" src=\"https:\/\/transfert-quantique.com\/wp-content\/uploads\/2022\/07\/pensees-creatrices-vol-1-2-4-nouvelle-edition-245x300.jpg\" class=\"attachment-medium size-medium\" alt=\"\" loading=\"lazy\" srcset=\"https:\/\/transfert-quantique.com\/wp-content\/uploads\/2022\/07\/pensees-creatrices-vol-1-2-4-nouvelle-edition-245x300.jpg 245w, https:\/\/transfert-quantique.com\/wp-content\/uploads\/2022\/07\/pensees-creatrices-vol-1-2-4-nouvelle-edition.jpg 533w\" sizes=\"(max-width: 245px) 100vw, 245px\" \/><\/div><\/div><div class=\"w-separator size_small\"><\/div><h2 style=\"text-align: left\" class=\"vc_custom_heading us_custom_aa1aee10\" >Creative Thinking VOL 1, 2 and 4 : New Edition<\/h2><div class=\"wpb_text_column us_custom_432d3f53\"><div class=\"wpb_wrapper\"><p>These sacred texts from the Akashic field have the power to update your information in the unconscious and release your blockages.<\/p>\n<p>The purpose of this book is to help you rediscover your true nature and cultivate your inner soil, so that the tree of life that you are will produce the most beautiful fruit.<\/p>\n<p>Time is speeding up, and so are materializations, so be vigilant and watch your thoughts.<\/p>\n<\/div><\/div><div class=\"w-btn-wrapper align_center\"><a class=\"w-btn us-btn-style_1\" target=\"_blank\" href=\"https:\/\/www.amazon.fr\/gp\/product\/B093HG8M2V\/ref=dbs_a_def_rwt_bibl_vppi_i4\" rel=\"noopener\"><span class=\"w-btn-label\">ACHETER CE LIVRE<\/span><\/a><\/div><\/div><\/div><\/div><\/div><\/div><\/div><\/div><\/section><section class=\"l-section wpb_row height_medium\"><div class=\"l-section-h i-cf\"><div class=\"g-cols vc_row via_grid cols_1 laptops-cols_inherit tablets-cols_inherit mobiles-cols_1 valign_top type_default stacking_default\"><div class=\"wpb_column vc_column_container\"><div class=\"vc_column-inner\"><div class=\"w-image align_center\"><div class=\"w-image-h\"><img width=\"212\" height=\"300\" src=\"https:\/\/transfert-quantique.com\/wp-content\/uploads\/2022\/07\/41ENBACOuXL._SX350_BO1204203200_-1-212x300.jpg\" class=\"attachment-medium size-medium\" alt=\"\" loading=\"lazy\" srcset=\"https:\/\/transfert-quantique.com\/wp-content\/uploads\/2022\/07\/41ENBACOuXL._SX350_BO1204203200_-1-212x300.jpg 212w, https:\/\/transfert-quantique.com\/wp-content\/uploads\/2022\/07\/41ENBACOuXL._SX350_BO1204203200_-1.jpg 359w\" sizes=\"(max-width: 212px) 100vw, 212px\" \/><\/div><\/div><h2 style=\"text-align: left\" class=\"vc_custom_heading us_custom_aa1aee10\" >Transfert quantique\u00ae The Unconscious Unveiled: Accessing the unconscious mind to free ourselves from our lineages'weights and blockages<\/h2><div class=\"wpb_text_column us_custom_432d3f53\"><div class=\"wpb_wrapper\"><p>Myriam and Olivier Fassio are psychoanalysts. Myriam Fassio invented a meta-language out of necessity because she couldn&rsquo;t understand one of her patient&rsquo;s symptoms. This tool allowed her to access her patient&rsquo;s story, her emotions and to understand where her blockages came from. olivier Fassio, as a trangenerationnal psychoanalyst, decides to join the Transfert Quantique adventure. Quantum because we are all entangled without considerations of time, space or distance. Quantum because information management is linked to our intentions, our thoughts ans we now know that, despite ourselves, our convictions guide and create our lives. \u00ab\u00a0NOTHING IS IMMUABLE, OUR LIFE IS JUSTE THE SYMPHONY OF OUR INTENTIONS\u00a0\u00bb. Myriam Fassio<\/p>\n<\/div><\/div><div class=\"w-btn-wrapper align_center\"><a class=\"w-btn us-btn-style_1\" target=\"_blank\" href=\"https:\/\/www.amazon.fr\/dp\/2322438189\/ref=cm_sw_r_api_i_A5E3GQNTMSCVCC2PB7JE_0\" rel=\"noopener\"><span class=\"w-btn-label\">ACHETER CE LIVRE<\/span><\/a><\/div><\/div><\/div><\/div><\/div><\/section>","protected":false},"excerpt":{"rendered":"LivresTransfert Quantique, L'inconscient d\u00e9voil\u00e9Nous \u00e9changeons des informations qui interagissent en r\u00e9sonance avec nos histoires respectives. Elles dessinent un code qui r\u00e9git nos relations familiales, sentimentales, sociales et professionnelles. A notre insu, elles nous contraignent dans nos choix qui vont parfois \u00e0 l&rsquo;encontre de nos d\u00e9sirs conscients ; comme un programme informatique qui serait hors de...","protected":false},"author":1,"featured_media":0,"parent":0,"menu_order":0,"comment_status":"closed","ping_status":"closed","template":"","meta":[],"yoast_head":"<!-- This site is optimized with the Yoast SEO plugin v19.3 - https:\/\/yoast.com\/wordpress\/plugins\/seo\/ -->\n<title>Livres - Transfert Quantique<\/title>\n<meta name=\"robots\" content=\"index, follow, max-snippet:-1, max-image-preview:large, max-video-preview:-1\" \/>\n<link rel=\"canonical\" href=\"https:\/\/transfert-quantique.com\/en\/livres\/\" \/>\n<meta property=\"og:locale\" content=\"en_US\" \/>\n<meta property=\"og:type\" content=\"article\" \/>\n<meta property=\"og:title\" content=\"Livres - Transfert Quantique\" \/>\n<meta property=\"og:url\" content=\"https:\/\/transfert-quantique.com\/en\/livres\/\" \/>\n<meta property=\"og:site_name\" content=\"Transfert Quantique\" \/>\n<meta property=\"article:modified_time\" content=\"2024-10-31T08:03:23+00:00\" \/>\n<meta name=\"twitter:label1\" content=\"Est. reading time\" \/>\n\t<meta name=\"twitter:data1\" content=\"4 minutes\" \/>\n<script type=\"application\/ld+json\" class=\"yoast-schema-graph\">{\"@context\":\"https:\/\/schema.org\",\"@graph\":[{\"@type\":\"WebSite\",\"@id\":\"https:\/\/transfert-quantique.com\/#website\",\"url\":\"https:\/\/transfert-quantique.com\/\",\"name\":\"Transfert Quantique\",\"description\":\"\",\"potentialAction\":[{\"@type\":\"SearchAction\",\"target\":{\"@type\":\"EntryPoint\",\"urlTemplate\":\"https:\/\/transfert-quantique.com\/?s={search_term_string}\"},\"query-input\":\"required name=search_term_string\"}],\"inLanguage\":\"en-US\"},{\"@type\":\"WebPage\",\"@id\":\"https:\/\/transfert-quantique.com\/livres\/\",\"url\":\"https:\/\/transfert-quantique.com\/livres\/\",\"name\":\"Livres - Transfert Quantique\",\"isPartOf\":{\"@id\":\"https:\/\/transfert-quantique.com\/#website\"},\"datePublished\":\"2021-12-22T10:47:25+00:00\",\"dateModified\":\"2024-10-31T08:03:23+00:00\",\"breadcrumb\":{\"@id\":\"https:\/\/transfert-quantique.com\/livres\/#breadcrumb\"},\"inLanguage\":\"en-US\",\"potentialAction\":[{\"@type\":\"ReadAction\",\"target\":[\"https:\/\/transfert-quantique.com\/livres\/\"]}]},{\"@type\":\"BreadcrumbList\",\"@id\":\"https:\/\/transfert-quantique.com\/livres\/#breadcrumb\",\"itemListElement\":[{\"@type\":\"ListItem\",\"position\":1,\"name\":\"Accueil\",\"item\":\"https:\/\/transfert-quantique.com\/\"},{\"@type\":\"ListItem\",\"position\":2,\"name\":\"Livres\"}]}]}<\/script>\n<!-- \/ Yoast SEO plugin. -->","yoast_head_json":{"title":"Livres - Transfert Quantique","robots":{"index":"index","follow":"follow","max-snippet":"max-snippet:-1","max-image-preview":"max-image-preview:large","max-video-preview":"max-video-preview:-1"},"canonical":"https:\/\/transfert-quantique.com\/en\/livres\/","og_locale":"en_US","og_type":"article","og_title":"Livres - Transfert Quantique","og_url":"https:\/\/transfert-quantique.com\/en\/livres\/","og_site_name":"Transfert Quantique","article_modified_time":"2024-10-31T08:03:23+00:00","twitter_misc":{"Est. reading time":"4 minutes"},"schema":{"@context":"https:\/\/schema.org","@graph":[{"@type":"WebSite","@id":"https:\/\/transfert-quantique.com\/#website","url":"https:\/\/transfert-quantique.com\/","name":"Transfert Quantique","description":"","potentialAction":[{"@type":"SearchAction","target":{"@type":"EntryPoint","urlTemplate":"https:\/\/transfert-quantique.com\/?s={search_term_string}"},"query-input":"required name=search_term_string"}],"inLanguage":"en-US"},{"@type":"WebPage","@id":"https:\/\/transfert-quantique.com\/livres\/","url":"https:\/\/transfert-quantique.com\/livres\/","name":"Livres - Transfert Quantique","isPartOf":{"@id":"https:\/\/transfert-quantique.com\/#website"},"datePublished":"2021-12-22T10:47:25+00:00","dateModified":"2024-10-31T08:03:23+00:00","breadcrumb":{"@id":"https:\/\/transfert-quantique.com\/livres\/#breadcrumb"},"inLanguage":"en-US","potentialAction":[{"@type":"ReadAction","target":["https:\/\/transfert-quantique.com\/livres\/"]}]},{"@type":"BreadcrumbList","@id":"https:\/\/transfert-quantique.com\/livres\/#breadcrumb","itemListElement":[{"@type":"ListItem","position":1,"name":"Accueil","item":"https:\/\/transfert-quantique.com\/"},{"@type":"ListItem","position":2,"name":"Livres"}]}]}},"_links":{"self":[{"href":"https:\/\/transfert-quantique.com\/en\/wp-json\/wp\/v2\/pages\/125"}],"collection":[{"href":"https:\/\/transfert-quantique.com\/en\/wp-json\/wp\/v2\/pages"}],"about":[{"href":"https:\/\/transfert-quantique.com\/en\/wp-json\/wp\/v2\/types\/page"}],"author":[{"embeddable":true,"href":"https:\/\/transfert-quantique.com\/en\/wp-json\/wp\/v2\/users\/1"}],"replies":[{"embeddable":true,"href":"https:\/\/transfert-quantique.com\/en\/wp-json\/wp\/v2\/comments?post=125"}],"version-history":[{"count":28,"href":"https:\/\/transfert-quantique.com\/en\/wp-json\/wp\/v2\/pages\/125\/revisions"}],"predecessor-version":[{"id":697,"href":"https:\/\/transfert-quantique.com\/en\/wp-json\/wp\/v2\/pages\/125\/revisions\/697"}],"wp:attachment":[{"href":"https:\/\/transfert-quantique.com\/en\/wp-json\/wp\/v2\/media?parent=125"}],"curies":[{"name":"wp","href":"https:\/\/api.w.org\/{rel}","templated":true}]}}