{"id":304,"date":"2023-07-05T15:14:41","date_gmt":"2023-07-05T14:14:41","guid":{"rendered":"https:\/\/transfert-quantique.com\/?page_id=304"},"modified":"2025-08-23T14:36:53","modified_gmt":"2025-08-23T13:36:53","slug":"application-smartphone","status":"publish","type":"page","link":"https:\/\/transfert-quantique.com\/en\/application-smartphone\/","title":{"rendered":"Mobile Application"},"content":{"rendered":"<section class=\"l-section wpb_row height_medium\"><div class=\"l-section-h i-cf\"><div class=\"g-cols vc_row via_grid cols_1 laptops-cols_inherit tablets-cols_inherit mobiles-cols_1 valign_top type_default stacking_default\"><div class=\"wpb_column vc_column_container\"><div class=\"vc_column-inner\"><div class=\"wpb_text_column us_custom_432d3f53\"><div class=\"wpb_wrapper\"><h1 style=\"text-align: center;\"><strong>Mobile Application<br \/>\n<\/strong><\/h1>\n<p><em><a ref=\"magnificPopup\" href=\"https:\/\/transfert-quantique.com\/wp-content\/uploads\/2024\/04\/Pensees-creatrices-1.png\"><img loading=\"lazy\" class=\"size-full wp-image-411 alignleft\" src=\"https:\/\/transfert-quantique.com\/wp-content\/uploads\/2024\/04\/Pensees-creatrices-1.png\" alt=\"\" width=\"271\" height=\"299\" \/><\/a><\/em><\/p>\n<p><strong><em> New mobile audio application: \u201cCreative Thoughts\"<\/em><\/strong><\/p>\n<p>Discover now my mobile application designed to help you optimize your life in all areas.<\/p>\n<p>With this mobile application, unleash your life potential to optimize your reality. Whether to improve your professional life, gain self-confidence, integrate recognition and\/or self-esteem, improve family and social relationships and other areas.<\/p>\n<p><strong>This AUDIO application can be used by the whole family, from parents and grandparents to teenagers and toddlers.<\/strong> There's no need to look at the screen, just listen to the sessions pre-recorded for you in a professional studio.<\/p>\n<p>The application is local, so it doesn't need a wifi connection, making it easy to use on the move in planes, trains and cars.<\/p>\n<p><strong>Il s&rsquo;agit d&rsquo;un achat unique et \u00e0 vie \u00e0 moins de 10 euros sans connexion wifi. Si vous souhaitez en savoir plus, vous avez \u00e0 votre disposition une vid\u00e9o sur ma chaine youtube \u00ab\u00a0Myriam Fassio\u00a0\u00bb.<br \/>\n<\/strong><\/p>\n<p><span style=\"color: #ff0000;\">Attention:il est n\u00e9cessaire de d\u00e9sactiver le mode \u00ab\u00a0sourdine\u00a0\u00bb et le mode \u00ab\u00a0veille\u00a0\u00bb pour utiliser au mieux votre application.<\/span><\/p>\n<p><span style=\"color: #ff0000;\">Il vous suffit d&rsquo;\u00e9couter les enregistrements. Dans la rubrique \u00ab\u00a0pri\u00e8res de gu\u00e9rison\u00a0\u00bb, vous n&rsquo;avez rien \u00e0 faire, juste \u00e9couter.<\/span><\/p>\n<p>Discover \u201cCreative Thoughts\u201d for<strong> iPhone<\/strong> or <strong>iPad<\/strong> on <span style=\"color: #0000ff;\"><strong><a style=\"color: #0000ff;\" href=\"https:\/\/apps.apple.com\/fr\/app\/pens%C3%A9es-cr%C3%A9atrices\/id6449266238\">Apple store<\/a><\/strong><\/span> or for <strong>Android<\/strong> on <strong><span style=\"color: #0000ff;\"><a style=\"color: #0000ff;\" href=\"https:\/\/play.google.com\/store\/apps\/details?id=com.myriamfassio.penseescreatrices\">Google Play<\/a><\/span><\/strong><\/p>\n<\/div><\/div><\/div><\/div><\/div><\/div><\/section><section class=\"l-section wpb_row height_medium\"><div class=\"l-section-h i-cf\"><div class=\"g-cols vc_row via_grid cols_3 laptops-cols_inherit tablets-cols_inherit mobiles-cols_1 valign_top type_default stacking_default\"><div class=\"wpb_column vc_column_container\"><div class=\"vc_column-inner\"><div class=\"w-image align_none\"><div class=\"w-image-h\"><img width=\"1024\" height=\"1024\" src=\"https:\/\/transfert-quantique.com\/wp-content\/uploads\/2024\/04\/Appli-mobile_papi-1024x1024.jpg\" class=\"attachment-large size-large\" alt=\"\" loading=\"lazy\" srcset=\"https:\/\/transfert-quantique.com\/wp-content\/uploads\/2024\/04\/Appli-mobile_papi.jpg 1024w, https:\/\/transfert-quantique.com\/wp-content\/uploads\/2024\/04\/Appli-mobile_papi-300x300.jpg 300w, https:\/\/transfert-quantique.com\/wp-content\/uploads\/2024\/04\/Appli-mobile_papi-150x150.jpg 150w\" sizes=\"(max-width: 1024px) 100vw, 1024px\" \/><\/div><\/div><\/div><\/div><div class=\"wpb_column vc_column_container\"><div class=\"vc_column-inner\"><div class=\"w-image align_none\"><div class=\"w-image-h\"><img width=\"1024\" height=\"1024\" src=\"https:\/\/transfert-quantique.com\/wp-content\/uploads\/2024\/04\/Appli-mobile_hom-1024x1024.jpg\" class=\"attachment-large size-large\" alt=\"\" loading=\"lazy\" srcset=\"https:\/\/transfert-quantique.com\/wp-content\/uploads\/2024\/04\/Appli-mobile_hom.jpg 1024w, https:\/\/transfert-quantique.com\/wp-content\/uploads\/2024\/04\/Appli-mobile_hom-300x300.jpg 300w, https:\/\/transfert-quantique.com\/wp-content\/uploads\/2024\/04\/Appli-mobile_hom-150x150.jpg 150w\" sizes=\"(max-width: 1024px) 100vw, 1024px\" \/><\/div><\/div><\/div><\/div><div class=\"wpb_column vc_column_container\"><div class=\"vc_column-inner\"><div class=\"w-image align_none\"><div class=\"w-image-h\"><img width=\"1024\" height=\"1024\" src=\"https:\/\/transfert-quantique.com\/wp-content\/uploads\/2024\/04\/Appli-mobile_mamie-1024x1024.jpg\" class=\"attachment-large size-large\" alt=\"\" loading=\"lazy\" srcset=\"https:\/\/transfert-quantique.com\/wp-content\/uploads\/2024\/04\/Appli-mobile_mamie.jpg 1024w, https:\/\/transfert-quantique.com\/wp-content\/uploads\/2024\/04\/Appli-mobile_mamie-300x300.jpg 300w, https:\/\/transfert-quantique.com\/wp-content\/uploads\/2024\/04\/Appli-mobile_mamie-150x150.jpg 150w\" sizes=\"(max-width: 1024px) 100vw, 1024px\" \/><\/div><\/div><\/div><\/div><\/div><\/div><\/section><section class=\"l-section wpb_row height_medium\"><div class=\"l-section-h i-cf\"><div class=\"g-cols vc_row via_grid cols_3 laptops-cols_inherit tablets-cols_inherit mobiles-cols_1 valign_top type_default stacking_default\"><div class=\"wpb_column vc_column_container\"><div class=\"vc_column-inner\"><div class=\"w-image align_none\"><div class=\"w-image-h\"><img width=\"1024\" height=\"1024\" src=\"https:\/\/transfert-quantique.com\/wp-content\/uploads\/2024\/04\/Appli-mobile_5-1024x1024.jpg\" class=\"attachment-large size-large\" alt=\"\" loading=\"lazy\" srcset=\"https:\/\/transfert-quantique.com\/wp-content\/uploads\/2024\/04\/Appli-mobile_5.jpg 1024w, https:\/\/transfert-quantique.com\/wp-content\/uploads\/2024\/04\/Appli-mobile_5-300x300.jpg 300w, https:\/\/transfert-quantique.com\/wp-content\/uploads\/2024\/04\/Appli-mobile_5-150x150.jpg 150w\" sizes=\"(max-width: 1024px) 100vw, 1024px\" \/><\/div><\/div><\/div><\/div><div class=\"wpb_column vc_column_container\"><div class=\"vc_column-inner\"><div class=\"w-image align_none\"><div class=\"w-image-h\"><img width=\"1024\" height=\"1024\" src=\"https:\/\/transfert-quantique.com\/wp-content\/uploads\/2024\/04\/Appli-mobile_Einstein-1024x1024.jpg\" class=\"attachment-large size-large\" alt=\"\" loading=\"lazy\" srcset=\"https:\/\/transfert-quantique.com\/wp-content\/uploads\/2024\/04\/Appli-mobile_Einstein.jpg 1024w, https:\/\/transfert-quantique.com\/wp-content\/uploads\/2024\/04\/Appli-mobile_Einstein-300x300.jpg 300w, https:\/\/transfert-quantique.com\/wp-content\/uploads\/2024\/04\/Appli-mobile_Einstein-150x150.jpg 150w\" sizes=\"(max-width: 1024px) 100vw, 1024px\" \/><\/div><\/div><\/div><\/div><div class=\"wpb_column vc_column_container\"><div class=\"vc_column-inner\"><div class=\"w-image align_none\"><div class=\"w-image-h\"><img width=\"1024\" height=\"1024\" src=\"https:\/\/transfert-quantique.com\/wp-content\/uploads\/2024\/04\/Appli-mobile_1-1024x1024.jpg\" class=\"attachment-large size-large\" alt=\"\" loading=\"lazy\" srcset=\"https:\/\/transfert-quantique.com\/wp-content\/uploads\/2024\/04\/Appli-mobile_1.jpg 1024w, https:\/\/transfert-quantique.com\/wp-content\/uploads\/2024\/04\/Appli-mobile_1-300x300.jpg 300w, https:\/\/transfert-quantique.com\/wp-content\/uploads\/2024\/04\/Appli-mobile_1-150x150.jpg 150w\" sizes=\"(max-width: 1024px) 100vw, 1024px\" \/><\/div><\/div><\/div><\/div><\/div><\/div><\/section>","protected":false},"excerpt":{"rendered":"Application Mobile Nouvelle application mobile audio : \u00ab\u00a0Pens\u00e9es Cr\u00e9atrices\u00a0\u00bb D\u00e9couvrez d\u00e8s maintenant mon application mobile con\u00e7ue pour vous aider \u00e0 optimiser votre vie dans tous les domaines. Avec cette application mobile, lib\u00e9rez votre potentiel de vie pour optimiser votre r\u00e9alit\u00e9. Que ce soit pour am\u00e9liorer votre vie professionnelle, pour gagner en confiance en soi, pour...","protected":false},"author":1,"featured_media":0,"parent":0,"menu_order":0,"comment_status":"closed","ping_status":"closed","template":"","meta":[],"yoast_head":"<!-- This site is optimized with the Yoast SEO plugin v19.3 - https:\/\/yoast.com\/wordpress\/plugins\/seo\/ -->\n<title>Application Mobile - Transfert Quantique<\/title>\n<meta name=\"robots\" content=\"index, follow, max-snippet:-1, max-image-preview:large, max-video-preview:-1\" \/>\n<link rel=\"canonical\" href=\"https:\/\/transfert-quantique.com\/en\/application-smartphone\/\" \/>\n<meta property=\"og:locale\" content=\"en_US\" \/>\n<meta property=\"og:type\" content=\"article\" \/>\n<meta property=\"og:title\" content=\"Application Mobile - Transfert Quantique\" \/>\n<meta property=\"og:url\" content=\"https:\/\/transfert-quantique.com\/en\/application-smartphone\/\" \/>\n<meta property=\"og:site_name\" content=\"Transfert Quantique\" \/>\n<meta property=\"article:modified_time\" content=\"2025-08-23T13:36:53+00:00\" \/>\n<meta property=\"og:image\" content=\"https:\/\/transfert-quantique.com\/wp-content\/uploads\/2024\/04\/Pensees-creatrices-1.png\" \/>\n<meta name=\"twitter:label1\" content=\"Est. reading time\" \/>\n\t<meta name=\"twitter:data1\" content=\"2 minutes\" \/>\n<script type=\"application\/ld+json\" class=\"yoast-schema-graph\">{\"@context\":\"https:\/\/schema.org\",\"@graph\":[{\"@type\":\"WebSite\",\"@id\":\"https:\/\/transfert-quantique.com\/#website\",\"url\":\"https:\/\/transfert-quantique.com\/\",\"name\":\"Transfert Quantique\",\"description\":\"\",\"potentialAction\":[{\"@type\":\"SearchAction\",\"target\":{\"@type\":\"EntryPoint\",\"urlTemplate\":\"https:\/\/transfert-quantique.com\/?s={search_term_string}\"},\"query-input\":\"required name=search_term_string\"}],\"inLanguage\":\"en-US\"},{\"@type\":\"ImageObject\",\"inLanguage\":\"en-US\",\"@id\":\"https:\/\/transfert-quantique.com\/application-smartphone\/#primaryimage\",\"url\":\"https:\/\/transfert-quantique.com\/wp-content\/uploads\/2024\/04\/Pensees-creatrices-1.png\",\"contentUrl\":\"https:\/\/transfert-quantique.com\/wp-content\/uploads\/2024\/04\/Pensees-creatrices-1.png\",\"width\":271,\"height\":299},{\"@type\":\"WebPage\",\"@id\":\"https:\/\/transfert-quantique.com\/application-smartphone\/\",\"url\":\"https:\/\/transfert-quantique.com\/application-smartphone\/\",\"name\":\"Application Mobile - Transfert Quantique\",\"isPartOf\":{\"@id\":\"https:\/\/transfert-quantique.com\/#website\"},\"primaryImageOfPage\":{\"@id\":\"https:\/\/transfert-quantique.com\/application-smartphone\/#primaryimage\"},\"datePublished\":\"2023-07-05T14:14:41+00:00\",\"dateModified\":\"2025-08-23T13:36:53+00:00\",\"breadcrumb\":{\"@id\":\"https:\/\/transfert-quantique.com\/application-smartphone\/#breadcrumb\"},\"inLanguage\":\"en-US\",\"potentialAction\":[{\"@type\":\"ReadAction\",\"target\":[\"https:\/\/transfert-quantique.com\/application-smartphone\/\"]}]},{\"@type\":\"BreadcrumbList\",\"@id\":\"https:\/\/transfert-quantique.com\/application-smartphone\/#breadcrumb\",\"itemListElement\":[{\"@type\":\"ListItem\",\"position\":1,\"name\":\"Accueil\",\"item\":\"https:\/\/transfert-quantique.com\/\"},{\"@type\":\"ListItem\",\"position\":2,\"name\":\"Application Mobile\"}]}]}<\/script>\n<!-- \/ Yoast SEO plugin. -->","yoast_head_json":{"title":"Application Mobile - Transfert Quantique","robots":{"index":"index","follow":"follow","max-snippet":"max-snippet:-1","max-image-preview":"max-image-preview:large","max-video-preview":"max-video-preview:-1"},"canonical":"https:\/\/transfert-quantique.com\/en\/application-smartphone\/","og_locale":"en_US","og_type":"article","og_title":"Application Mobile - Transfert Quantique","og_url":"https:\/\/transfert-quantique.com\/en\/application-smartphone\/","og_site_name":"Transfert Quantique","article_modified_time":"2025-08-23T13:36:53+00:00","og_image":[{"url":"https:\/\/transfert-quantique.com\/wp-content\/uploads\/2024\/04\/Pensees-creatrices-1.png"}],"twitter_misc":{"Est. reading time":"2 minutes"},"schema":{"@context":"https:\/\/schema.org","@graph":[{"@type":"WebSite","@id":"https:\/\/transfert-quantique.com\/#website","url":"https:\/\/transfert-quantique.com\/","name":"Transfert Quantique","description":"","potentialAction":[{"@type":"SearchAction","target":{"@type":"EntryPoint","urlTemplate":"https:\/\/transfert-quantique.com\/?s={search_term_string}"},"query-input":"required name=search_term_string"}],"inLanguage":"en-US"},{"@type":"ImageObject","inLanguage":"en-US","@id":"https:\/\/transfert-quantique.com\/application-smartphone\/#primaryimage","url":"https:\/\/transfert-quantique.com\/wp-content\/uploads\/2024\/04\/Pensees-creatrices-1.png","contentUrl":"https:\/\/transfert-quantique.com\/wp-content\/uploads\/2024\/04\/Pensees-creatrices-1.png","width":271,"height":299},{"@type":"WebPage","@id":"https:\/\/transfert-quantique.com\/application-smartphone\/","url":"https:\/\/transfert-quantique.com\/application-smartphone\/","name":"Application Mobile - Transfert Quantique","isPartOf":{"@id":"https:\/\/transfert-quantique.com\/#website"},"primaryImageOfPage":{"@id":"https:\/\/transfert-quantique.com\/application-smartphone\/#primaryimage"},"datePublished":"2023-07-05T14:14:41+00:00","dateModified":"2025-08-23T13:36:53+00:00","breadcrumb":{"@id":"https:\/\/transfert-quantique.com\/application-smartphone\/#breadcrumb"},"inLanguage":"en-US","potentialAction":[{"@type":"ReadAction","target":["https:\/\/transfert-quantique.com\/application-smartphone\/"]}]},{"@type":"BreadcrumbList","@id":"https:\/\/transfert-quantique.com\/application-smartphone\/#breadcrumb","itemListElement":[{"@type":"ListItem","position":1,"name":"Accueil","item":"https:\/\/transfert-quantique.com\/"},{"@type":"ListItem","position":2,"name":"Application Mobile"}]}]}},"_links":{"self":[{"href":"https:\/\/transfert-quantique.com\/en\/wp-json\/wp\/v2\/pages\/304"}],"collection":[{"href":"https:\/\/transfert-quantique.com\/en\/wp-json\/wp\/v2\/pages"}],"about":[{"href":"https:\/\/transfert-quantique.com\/en\/wp-json\/wp\/v2\/types\/page"}],"author":[{"embeddable":true,"href":"https:\/\/transfert-quantique.com\/en\/wp-json\/wp\/v2\/users\/1"}],"replies":[{"embeddable":true,"href":"https:\/\/transfert-quantique.com\/en\/wp-json\/wp\/v2\/comments?post=304"}],"version-history":[{"count":22,"href":"https:\/\/transfert-quantique.com\/en\/wp-json\/wp\/v2\/pages\/304\/revisions"}],"predecessor-version":[{"id":721,"href":"https:\/\/transfert-quantique.com\/en\/wp-json\/wp\/v2\/pages\/304\/revisions\/721"}],"wp:attachment":[{"href":"https:\/\/transfert-quantique.com\/en\/wp-json\/wp\/v2\/media?parent=304"}],"curies":[{"name":"wp","href":"https:\/\/api.w.org\/{rel}","templated":true}]}}