{"id":430,"date":"2024-04-09T11:15:05","date_gmt":"2024-04-09T10:15:05","guid":{"rendered":"https:\/\/transfert-quantique.com\/?page_id=430"},"modified":"2024-04-16T10:31:50","modified_gmt":"2024-04-16T09:31:50","slug":"psychotherapie","status":"publish","type":"page","link":"https:\/\/transfert-quantique.com\/en\/psychotherapie\/","title":{"rendered":"Augmented psychotherapy"},"content":{"rendered":"<section class=\"l-section wpb_row height_large with_img\"><div class=\"l-section-img\" style=\"background-image: url(https:\/\/transfert-quantique.com\/wp-content\/uploads\/2024\/04\/Fond-vert.jpg);\" data-img-width=\"709\" data-img-height=\"709\"><\/div><div class=\"l-section-h i-cf\"><div class=\"g-cols vc_row via_grid cols_1 laptops-cols_inherit tablets-cols_inherit mobiles-cols_1 valign_top type_default stacking_default\"><div class=\"wpb_column vc_column_container\"><div class=\"vc_column-inner\"><h1 style=\"color: #ffffff;text-align: center\" class=\"vc_custom_heading us_custom_eb849559\" >Augmented psychotherapy<\/h1><\/div><\/div><\/div><\/div><\/section><section class=\"l-section wpb_row height_medium\"><div class=\"l-section-h i-cf\"><div class=\"g-cols vc_row via_grid cols_2 laptops-cols_inherit tablets-cols_inherit mobiles-cols_1 valign_top type_default stacking_default\"><div class=\"wpb_column vc_column_container\"><div class=\"vc_column-inner\"><div class=\"w-image align_center\"><div class=\"w-image-h\"><img width=\"1024\" height=\"1024\" src=\"https:\/\/transfert-quantique.com\/wp-content\/uploads\/2024\/04\/WhatsApp-Image-2024-04-16-a-10.35.00_09342cfd-1024x1024.jpg\" class=\"attachment-large size-large\" alt=\"\" loading=\"lazy\" srcset=\"https:\/\/transfert-quantique.com\/wp-content\/uploads\/2024\/04\/WhatsApp-Image-2024-04-16-a-10.35.00_09342cfd.jpg 1024w, https:\/\/transfert-quantique.com\/wp-content\/uploads\/2024\/04\/WhatsApp-Image-2024-04-16-a-10.35.00_09342cfd-300x300.jpg 300w, https:\/\/transfert-quantique.com\/wp-content\/uploads\/2024\/04\/WhatsApp-Image-2024-04-16-a-10.35.00_09342cfd-150x150.jpg 150w\" sizes=\"(max-width: 1024px) 100vw, 1024px\" \/><\/div><\/div><\/div><\/div><div class=\"wpb_column vc_column_container\"><div class=\"vc_column-inner\"><div class=\"w-separator size_small\"><\/div><div class=\"w-separator size_huge\"><\/div><div class=\"wpb_text_column us_custom_432d3f53\"><div class=\"wpb_wrapper\"><p>Traditional psychotherapy is based on an interview, a verbal exchange between therapist and patient.<\/p>\n<p>Here, I propose to explore psychotherapy augmented by the connection to the unconscious, which enables us to move beyond interpretation by accessing programming and thus finding the real reasons for the problem we're talking about.<\/p>\n<p>Sessions last 45 minutes.<\/p>\n<\/div><\/div><\/div><\/div><\/div><\/div><\/section>","protected":false},"excerpt":{"rendered":"Psychoth\u00e9rapie augment\u00e9eLa psychoth\u00e9rapie traditionnelle repose sur un entretien , un \u00e9change verbale entre le th\u00e9rapeute et le patient. Ici, je vous propose d&rsquo;explorer la psychoth\u00e9rapie augment\u00e9e par la connexion \u00e0 l&rsquo;inconscient qui permet de sortir de l&rsquo;interpr\u00e9tation en acc\u00e9dant \u00e0 la programmation et ainsi y trouver les vraies raisons du probl\u00e8me \u00e9voqu\u00e9. Les s\u00e9ances ont...","protected":false},"author":1,"featured_media":0,"parent":0,"menu_order":0,"comment_status":"closed","ping_status":"closed","template":"","meta":[],"yoast_head":"<!-- This site is optimized with the Yoast SEO plugin v19.3 - https:\/\/yoast.com\/wordpress\/plugins\/seo\/ -->\n<title>Psychoth\u00e9rapie augment\u00e9e - Transfert Quantique<\/title>\n<meta name=\"robots\" content=\"index, follow, max-snippet:-1, max-image-preview:large, max-video-preview:-1\" \/>\n<link rel=\"canonical\" href=\"https:\/\/transfert-quantique.com\/en\/psychotherapie\/\" \/>\n<meta property=\"og:locale\" content=\"en_US\" \/>\n<meta property=\"og:type\" content=\"article\" \/>\n<meta property=\"og:title\" content=\"Psychoth\u00e9rapie augment\u00e9e - Transfert Quantique\" \/>\n<meta property=\"og:url\" content=\"https:\/\/transfert-quantique.com\/en\/psychotherapie\/\" \/>\n<meta property=\"og:site_name\" content=\"Transfert Quantique\" \/>\n<meta property=\"article:modified_time\" content=\"2024-04-16T09:31:50+00:00\" \/>\n<meta name=\"twitter:label1\" content=\"Est. reading time\" \/>\n\t<meta name=\"twitter:data1\" content=\"1 minute\" \/>\n<script type=\"application\/ld+json\" class=\"yoast-schema-graph\">{\"@context\":\"https:\/\/schema.org\",\"@graph\":[{\"@type\":\"WebSite\",\"@id\":\"https:\/\/transfert-quantique.com\/#website\",\"url\":\"https:\/\/transfert-quantique.com\/\",\"name\":\"Transfert Quantique\",\"description\":\"\",\"potentialAction\":[{\"@type\":\"SearchAction\",\"target\":{\"@type\":\"EntryPoint\",\"urlTemplate\":\"https:\/\/transfert-quantique.com\/?s={search_term_string}\"},\"query-input\":\"required name=search_term_string\"}],\"inLanguage\":\"en-US\"},{\"@type\":\"WebPage\",\"@id\":\"https:\/\/transfert-quantique.com\/psychotherapie\/\",\"url\":\"https:\/\/transfert-quantique.com\/psychotherapie\/\",\"name\":\"Psychoth\u00e9rapie augment\u00e9e - Transfert Quantique\",\"isPartOf\":{\"@id\":\"https:\/\/transfert-quantique.com\/#website\"},\"datePublished\":\"2024-04-09T10:15:05+00:00\",\"dateModified\":\"2024-04-16T09:31:50+00:00\",\"breadcrumb\":{\"@id\":\"https:\/\/transfert-quantique.com\/psychotherapie\/#breadcrumb\"},\"inLanguage\":\"en-US\",\"potentialAction\":[{\"@type\":\"ReadAction\",\"target\":[\"https:\/\/transfert-quantique.com\/psychotherapie\/\"]}]},{\"@type\":\"BreadcrumbList\",\"@id\":\"https:\/\/transfert-quantique.com\/psychotherapie\/#breadcrumb\",\"itemListElement\":[{\"@type\":\"ListItem\",\"position\":1,\"name\":\"Accueil\",\"item\":\"https:\/\/transfert-quantique.com\/\"},{\"@type\":\"ListItem\",\"position\":2,\"name\":\"Psychoth\u00e9rapie augment\u00e9e\"}]}]}<\/script>\n<!-- \/ Yoast SEO plugin. -->","yoast_head_json":{"title":"Psychoth\u00e9rapie augment\u00e9e - Transfert Quantique","robots":{"index":"index","follow":"follow","max-snippet":"max-snippet:-1","max-image-preview":"max-image-preview:large","max-video-preview":"max-video-preview:-1"},"canonical":"https:\/\/transfert-quantique.com\/en\/psychotherapie\/","og_locale":"en_US","og_type":"article","og_title":"Psychoth\u00e9rapie augment\u00e9e - Transfert Quantique","og_url":"https:\/\/transfert-quantique.com\/en\/psychotherapie\/","og_site_name":"Transfert Quantique","article_modified_time":"2024-04-16T09:31:50+00:00","twitter_misc":{"Est. reading time":"1 minute"},"schema":{"@context":"https:\/\/schema.org","@graph":[{"@type":"WebSite","@id":"https:\/\/transfert-quantique.com\/#website","url":"https:\/\/transfert-quantique.com\/","name":"Transfert Quantique","description":"","potentialAction":[{"@type":"SearchAction","target":{"@type":"EntryPoint","urlTemplate":"https:\/\/transfert-quantique.com\/?s={search_term_string}"},"query-input":"required name=search_term_string"}],"inLanguage":"en-US"},{"@type":"WebPage","@id":"https:\/\/transfert-quantique.com\/psychotherapie\/","url":"https:\/\/transfert-quantique.com\/psychotherapie\/","name":"Psychoth\u00e9rapie augment\u00e9e - Transfert Quantique","isPartOf":{"@id":"https:\/\/transfert-quantique.com\/#website"},"datePublished":"2024-04-09T10:15:05+00:00","dateModified":"2024-04-16T09:31:50+00:00","breadcrumb":{"@id":"https:\/\/transfert-quantique.com\/psychotherapie\/#breadcrumb"},"inLanguage":"en-US","potentialAction":[{"@type":"ReadAction","target":["https:\/\/transfert-quantique.com\/psychotherapie\/"]}]},{"@type":"BreadcrumbList","@id":"https:\/\/transfert-quantique.com\/psychotherapie\/#breadcrumb","itemListElement":[{"@type":"ListItem","position":1,"name":"Accueil","item":"https:\/\/transfert-quantique.com\/"},{"@type":"ListItem","position":2,"name":"Psychoth\u00e9rapie augment\u00e9e"}]}]}},"_links":{"self":[{"href":"https:\/\/transfert-quantique.com\/en\/wp-json\/wp\/v2\/pages\/430"}],"collection":[{"href":"https:\/\/transfert-quantique.com\/en\/wp-json\/wp\/v2\/pages"}],"about":[{"href":"https:\/\/transfert-quantique.com\/en\/wp-json\/wp\/v2\/types\/page"}],"author":[{"embeddable":true,"href":"https:\/\/transfert-quantique.com\/en\/wp-json\/wp\/v2\/users\/1"}],"replies":[{"embeddable":true,"href":"https:\/\/transfert-quantique.com\/en\/wp-json\/wp\/v2\/comments?post=430"}],"version-history":[{"count":17,"href":"https:\/\/transfert-quantique.com\/en\/wp-json\/wp\/v2\/pages\/430\/revisions"}],"predecessor-version":[{"id":552,"href":"https:\/\/transfert-quantique.com\/en\/wp-json\/wp\/v2\/pages\/430\/revisions\/552"}],"wp:attachment":[{"href":"https:\/\/transfert-quantique.com\/en\/wp-json\/wp\/v2\/media?parent=430"}],"curies":[{"name":"wp","href":"https:\/\/api.w.org\/{rel}","templated":true}]}}