{"id":436,"date":"2024-04-09T11:41:23","date_gmt":"2024-04-09T10:41:23","guid":{"rendered":"https:\/\/transfert-quantique.com\/?page_id=436"},"modified":"2025-08-23T17:32:16","modified_gmt":"2025-08-23T16:32:16","slug":"pler-mouvement-oculaire","status":"publish","type":"page","link":"https:\/\/transfert-quantique.com\/en\/pler-mouvement-oculaire\/","title":{"rendered":"PLER :  Processus de Lib\u00e9ration des Emotions Refoul\u00e9es"},"content":{"rendered":"<section class=\"l-section wpb_row height_large with_img\"><div class=\"l-section-img\" style=\"background-image: url(https:\/\/transfert-quantique.com\/wp-content\/uploads\/2024\/04\/Fond-vert.jpg);\" data-img-width=\"709\" data-img-height=\"709\"><\/div><div class=\"l-section-h i-cf\"><div class=\"g-cols vc_row via_grid cols_1 laptops-cols_inherit tablets-cols_inherit mobiles-cols_1 valign_top type_default stacking_default\"><div class=\"wpb_column vc_column_container\"><div class=\"vc_column-inner\"><h1 style=\"color: #ffffff;text-align: center\" class=\"vc_custom_heading\" >PLER :  Processus de Lib\u00e9ration des Emotions Refoul\u00e9es<\/h1><\/div><\/div><\/div><\/div><\/section><section class=\"l-section wpb_row height_medium\"><div class=\"l-section-h i-cf\"><div class=\"g-cols vc_row via_grid cols_2 laptops-cols_inherit tablets-cols_inherit mobiles-cols_1 valign_top type_default stacking_default\"><div class=\"wpb_column vc_column_container\"><div class=\"vc_column-inner\"><div class=\"w-separator size_huge\"><\/div><div class=\"wpb_text_column us_custom_432d3f53\"><div class=\"wpb_wrapper\"><p>The PLER process for releasing repressed emotions is a trauma release technique and a tool for reprogramming beliefs. This system makes use of the natural information management that occurs during sleep. Information from the previous day is analyzed and classified in the preconscious mind. In the event of a traumatic event or strong emotion, the unconscious is unable to classify the information, leaving it to be classified in the unconscious, which can lead to symptoms such as unexplained anxiety, phobias and even physical symptoms.<\/p>\n<p>Le PLER permet le classement et une d\u00e9programmation de l&rsquo;information de mani\u00e8re acc\u00e9l\u00e9r\u00e9e. Une s\u00e9ance suffit en g\u00e9n\u00e9ral \u00e0 traiter un sujet.<\/p>\n<\/div><\/div><\/div><\/div><div class=\"wpb_column vc_column_container\"><div class=\"vc_column-inner\"><div class=\"w-image align_none\"><div class=\"w-image-h\"><img width=\"1024\" height=\"1024\" src=\"https:\/\/transfert-quantique.com\/wp-content\/uploads\/2024\/04\/WhatsApp-Image-2024-04-16-a-10.42.40_221e62e7-1024x1024.jpg\" class=\"attachment-large size-large\" alt=\"\" loading=\"lazy\" srcset=\"https:\/\/transfert-quantique.com\/wp-content\/uploads\/2024\/04\/WhatsApp-Image-2024-04-16-a-10.42.40_221e62e7.jpg 1024w, https:\/\/transfert-quantique.com\/wp-content\/uploads\/2024\/04\/WhatsApp-Image-2024-04-16-a-10.42.40_221e62e7-300x300.jpg 300w, https:\/\/transfert-quantique.com\/wp-content\/uploads\/2024\/04\/WhatsApp-Image-2024-04-16-a-10.42.40_221e62e7-150x150.jpg 150w\" sizes=\"(max-width: 1024px) 100vw, 1024px\" \/><\/div><\/div><\/div><\/div><\/div><\/div><\/section><section class=\"l-section wpb_row height_medium\"><div class=\"l-section-h i-cf\"><div class=\"g-cols vc_row via_grid cols_1 laptops-cols_inherit tablets-cols_inherit mobiles-cols_1 valign_top type_default stacking_default\"><div class=\"wpb_column vc_column_container\"><div class=\"vc_column-inner\"><div class=\"wpb_text_column\"><div class=\"wpb_wrapper\"><p style=\"text-align: center;\"><strong>For whom? <\/strong><\/p>\n<p>Teenagers and adults<\/p>\n<p style=\"text-align: center;\"><strong>What for?<\/strong><\/p>\n<ul>\n<li>Phobias<\/li>\n<li>les emprises<\/li>\n<li>Fears<\/li>\n<li>Mourning<\/li>\n<li>Break-ups<\/li>\n<li>Fear of flying<\/li>\n<li>Seasickness<\/li>\n<li>The guilt<\/li>\n<li>Transforming beliefs<\/li>\n<li>Self-confidence<\/li>\n<li>Anger<\/li>\n<li>Anxiety<\/li>\n<li>Sadness<\/li>\n<li>Job loss<\/li>\n<li>A situation of rejection<\/li>\n<li>Helping couples<\/li>\n<li>Etc<\/li>\n<\/ul>\n<\/div><\/div><\/div><\/div><\/div><\/div><\/section>","protected":false},"excerpt":{"rendered":"PLER : Processus de Lib\u00e9ration des Emotions Refoul\u00e9esLe PLER processus de lib\u00e9ration des \u00e9motions refoul\u00e9es est une technique de d\u00e9foulement des traumas et un outil de reprogrammation des croyances. Ce syst\u00e8me fait appel \u00e0 la gestion naturelle de l&rsquo;information qui se produit pendant le sommeil. Les informations de la veille sont analys\u00e9es puis class\u00e9es dans...","protected":false},"author":1,"featured_media":0,"parent":0,"menu_order":0,"comment_status":"closed","ping_status":"closed","template":"","meta":[],"yoast_head":"<!-- This site is optimized with the Yoast SEO plugin v19.3 - https:\/\/yoast.com\/wordpress\/plugins\/seo\/ -->\n<title>PLER : Processus de Lib\u00e9ration des Emotions Refoul\u00e9es - Transfert Quantique<\/title>\n<meta name=\"robots\" content=\"index, follow, max-snippet:-1, max-image-preview:large, max-video-preview:-1\" \/>\n<link rel=\"canonical\" href=\"https:\/\/transfert-quantique.com\/en\/pler-mouvement-oculaire\/\" \/>\n<meta property=\"og:locale\" content=\"en_US\" \/>\n<meta property=\"og:type\" content=\"article\" \/>\n<meta property=\"og:title\" content=\"PLER : Processus de Lib\u00e9ration des Emotions Refoul\u00e9es - Transfert Quantique\" \/>\n<meta property=\"og:url\" content=\"https:\/\/transfert-quantique.com\/en\/pler-mouvement-oculaire\/\" \/>\n<meta property=\"og:site_name\" content=\"Transfert Quantique\" \/>\n<meta property=\"article:modified_time\" content=\"2025-08-23T16:32:16+00:00\" \/>\n<meta name=\"twitter:label1\" content=\"Est. reading time\" \/>\n\t<meta name=\"twitter:data1\" content=\"1 minute\" \/>\n<script type=\"application\/ld+json\" class=\"yoast-schema-graph\">{\"@context\":\"https:\/\/schema.org\",\"@graph\":[{\"@type\":\"WebSite\",\"@id\":\"https:\/\/transfert-quantique.com\/#website\",\"url\":\"https:\/\/transfert-quantique.com\/\",\"name\":\"Transfert Quantique\",\"description\":\"\",\"potentialAction\":[{\"@type\":\"SearchAction\",\"target\":{\"@type\":\"EntryPoint\",\"urlTemplate\":\"https:\/\/transfert-quantique.com\/?s={search_term_string}\"},\"query-input\":\"required name=search_term_string\"}],\"inLanguage\":\"en-US\"},{\"@type\":\"WebPage\",\"@id\":\"https:\/\/transfert-quantique.com\/pler-mouvement-oculaire\/\",\"url\":\"https:\/\/transfert-quantique.com\/pler-mouvement-oculaire\/\",\"name\":\"PLER : Processus de Lib\u00e9ration des Emotions Refoul\u00e9es - Transfert Quantique\",\"isPartOf\":{\"@id\":\"https:\/\/transfert-quantique.com\/#website\"},\"datePublished\":\"2024-04-09T10:41:23+00:00\",\"dateModified\":\"2025-08-23T16:32:16+00:00\",\"breadcrumb\":{\"@id\":\"https:\/\/transfert-quantique.com\/pler-mouvement-oculaire\/#breadcrumb\"},\"inLanguage\":\"en-US\",\"potentialAction\":[{\"@type\":\"ReadAction\",\"target\":[\"https:\/\/transfert-quantique.com\/pler-mouvement-oculaire\/\"]}]},{\"@type\":\"BreadcrumbList\",\"@id\":\"https:\/\/transfert-quantique.com\/pler-mouvement-oculaire\/#breadcrumb\",\"itemListElement\":[{\"@type\":\"ListItem\",\"position\":1,\"name\":\"Accueil\",\"item\":\"https:\/\/transfert-quantique.com\/\"},{\"@type\":\"ListItem\",\"position\":2,\"name\":\"PLER : Processus de Lib\u00e9ration des Emotions Refoul\u00e9es\"}]}]}<\/script>\n<!-- \/ Yoast SEO plugin. -->","yoast_head_json":{"title":"PLER : Processus de Lib\u00e9ration des Emotions Refoul\u00e9es - Transfert Quantique","robots":{"index":"index","follow":"follow","max-snippet":"max-snippet:-1","max-image-preview":"max-image-preview:large","max-video-preview":"max-video-preview:-1"},"canonical":"https:\/\/transfert-quantique.com\/en\/pler-mouvement-oculaire\/","og_locale":"en_US","og_type":"article","og_title":"PLER : Processus de Lib\u00e9ration des Emotions Refoul\u00e9es - Transfert Quantique","og_url":"https:\/\/transfert-quantique.com\/en\/pler-mouvement-oculaire\/","og_site_name":"Transfert Quantique","article_modified_time":"2025-08-23T16:32:16+00:00","twitter_misc":{"Est. reading time":"1 minute"},"schema":{"@context":"https:\/\/schema.org","@graph":[{"@type":"WebSite","@id":"https:\/\/transfert-quantique.com\/#website","url":"https:\/\/transfert-quantique.com\/","name":"Transfert Quantique","description":"","potentialAction":[{"@type":"SearchAction","target":{"@type":"EntryPoint","urlTemplate":"https:\/\/transfert-quantique.com\/?s={search_term_string}"},"query-input":"required name=search_term_string"}],"inLanguage":"en-US"},{"@type":"WebPage","@id":"https:\/\/transfert-quantique.com\/pler-mouvement-oculaire\/","url":"https:\/\/transfert-quantique.com\/pler-mouvement-oculaire\/","name":"PLER : Processus de Lib\u00e9ration des Emotions Refoul\u00e9es - Transfert Quantique","isPartOf":{"@id":"https:\/\/transfert-quantique.com\/#website"},"datePublished":"2024-04-09T10:41:23+00:00","dateModified":"2025-08-23T16:32:16+00:00","breadcrumb":{"@id":"https:\/\/transfert-quantique.com\/pler-mouvement-oculaire\/#breadcrumb"},"inLanguage":"en-US","potentialAction":[{"@type":"ReadAction","target":["https:\/\/transfert-quantique.com\/pler-mouvement-oculaire\/"]}]},{"@type":"BreadcrumbList","@id":"https:\/\/transfert-quantique.com\/pler-mouvement-oculaire\/#breadcrumb","itemListElement":[{"@type":"ListItem","position":1,"name":"Accueil","item":"https:\/\/transfert-quantique.com\/"},{"@type":"ListItem","position":2,"name":"PLER : Processus de Lib\u00e9ration des Emotions Refoul\u00e9es"}]}]}},"_links":{"self":[{"href":"https:\/\/transfert-quantique.com\/en\/wp-json\/wp\/v2\/pages\/436"}],"collection":[{"href":"https:\/\/transfert-quantique.com\/en\/wp-json\/wp\/v2\/pages"}],"about":[{"href":"https:\/\/transfert-quantique.com\/en\/wp-json\/wp\/v2\/types\/page"}],"author":[{"embeddable":true,"href":"https:\/\/transfert-quantique.com\/en\/wp-json\/wp\/v2\/users\/1"}],"replies":[{"embeddable":true,"href":"https:\/\/transfert-quantique.com\/en\/wp-json\/wp\/v2\/comments?post=436"}],"version-history":[{"count":15,"href":"https:\/\/transfert-quantique.com\/en\/wp-json\/wp\/v2\/pages\/436\/revisions"}],"predecessor-version":[{"id":737,"href":"https:\/\/transfert-quantique.com\/en\/wp-json\/wp\/v2\/pages\/436\/revisions\/737"}],"wp:attachment":[{"href":"https:\/\/transfert-quantique.com\/en\/wp-json\/wp\/v2\/media?parent=436"}],"curies":[{"name":"wp","href":"https:\/\/api.w.org\/{rel}","templated":true}]}}