{"id":557,"date":"2024-04-16T10:44:49","date_gmt":"2024-04-16T09:44:49","guid":{"rendered":"https:\/\/transfert-quantique.com\/?page_id=557"},"modified":"2026-01-11T14:30:05","modified_gmt":"2026-01-11T13:30:05","slug":"conferences","status":"publish","type":"page","link":"https:\/\/transfert-quantique.com\/en\/conferences\/","title":{"rendered":"Conferences"},"content":{"rendered":"<section class=\"l-section wpb_row height_large with_img\"><div class=\"l-section-img\" style=\"background-image: url(https:\/\/transfert-quantique.com\/wp-content\/uploads\/2024\/04\/Fond-vert.jpg);\" data-img-width=\"709\" data-img-height=\"709\"><\/div><div class=\"l-section-h i-cf\"><div class=\"g-cols vc_row via_grid cols_1 laptops-cols_inherit tablets-cols_inherit mobiles-cols_1 valign_top type_default stacking_default\"><div class=\"wpb_column vc_column_container\"><div class=\"vc_column-inner\"><h1 style=\"color: #ffffff;text-align: center\" class=\"vc_custom_heading\" >Conferences<\/h1><\/div><\/div><\/div><\/div><\/section><section class=\"l-section wpb_row height_medium\"><div class=\"l-section-h i-cf\"><div class=\"g-cols vc_row via_grid cols_2 laptops-cols_inherit tablets-cols_inherit mobiles-cols_1 valign_top type_default stacking_default\"><div class=\"wpb_column vc_column_container\"><div class=\"vc_column-inner\"><div class=\"w-image align_none\"><div class=\"w-image-h\"><img width=\"1024\" height=\"1024\" src=\"https:\/\/transfert-quantique.com\/wp-content\/uploads\/2024\/04\/WhatsApp-Image-2024-04-23-a-10.15.34_0276f31d-1024x1024.jpg\" class=\"attachment-large size-large\" alt=\"\" loading=\"lazy\" srcset=\"https:\/\/transfert-quantique.com\/wp-content\/uploads\/2024\/04\/WhatsApp-Image-2024-04-23-a-10.15.34_0276f31d.jpg 1024w, https:\/\/transfert-quantique.com\/wp-content\/uploads\/2024\/04\/WhatsApp-Image-2024-04-23-a-10.15.34_0276f31d-300x300.jpg 300w, https:\/\/transfert-quantique.com\/wp-content\/uploads\/2024\/04\/WhatsApp-Image-2024-04-23-a-10.15.34_0276f31d-150x150.jpg 150w\" sizes=\"(max-width: 1024px) 100vw, 1024px\" \/><\/div><\/div><\/div><\/div><div class=\"wpb_column vc_column_container\"><div class=\"vc_column-inner\"><div class=\"wpb_text_column us_custom_432d3f53\"><div class=\"wpb_wrapper\"><p>In March 2012, I was lucky enough to discover access to the unconscious, which for me is a Copernican discovery. Through my lectures, I'd like to take you on a journey to the heart of the unconscious, to discover how it's organized, how it works and how it determines our reality. In each of my lectures, I aim to provide you with new explanations, unheard of in psychology, and a clear vision of how our Pandora's box works.<\/p>\n<p>Where does the information come from? Why do we repeat the same patterns? Why are we sick? How can we change the data to obtain a result that leads us to a life that is true to our aspirations? How can we identify the source of problems and blockages? Why do we fail? I've spent 30 years researching and 12 years navigating the unconscious in order to understand its secrets. As many answers as questions...<\/p>\n<p>I invite you to open your mind and your heart wide. You're bound to come away transformed by these conferences.<\/p>\n<\/div><\/div><\/div><\/div><\/div><\/div><\/section><section class=\"l-section wpb_row height_medium\"><div class=\"l-section-h i-cf\"><div class=\"g-cols vc_row via_grid cols_1 laptops-cols_inherit tablets-cols_inherit mobiles-cols_1 valign_top type_default stacking_default\"><div class=\"wpb_column vc_column_container\"><div class=\"vc_column-inner\"><h2 style=\"text-align: left\" class=\"vc_custom_heading us_custom_eb849559\" >Upcoming conferences<\/h2><div class=\"wpb_text_column us_custom_eb849559\"><div class=\"wpb_wrapper\"><p style=\"text-align: center;\"><strong>\u00a0\u00ab\u00a0TRANSG\u00c9N\u00c9RATIONNEL ET MALADIES\u00a0\u00bb<\/strong><\/p>\n<p style=\"text-align: center;\">Pr\u00e9sent\u00e9e par Myriam Fassio en 1\u00e8re partie<\/p>\n<p style=\"text-align: center;\"><strong>\u00ab\u00a0CONTACTS DEFUNTS\u00a0\u00bb<\/strong><\/p>\n<p style=\"text-align: center;\">Pr\u00e9sent\u00e9e par Sonia Andr\u00e9 en 2\u00e8me partie<\/p>\n<p style=\"text-align: center;\">Le 28 f\u00e9vrier 2026 de 14h \u00e0 17h<\/p>\n<p style=\"text-align: center;\"><b>S\u00e8te : Hotel de Paris<\/b><\/p>\n<p style=\"text-align: center;\"><strong><span style=\"color: #000000;\">Infos et inscriptions au secr\u00e9tariat 0646417885<\/span><\/strong><\/p>\n<p style=\"text-align: center;\"><span style=\"color: #ff0000;\">Attention places limit\u00e9es<\/span><\/p>\n<p>NB: Apporter une photo de votre proche disparu, un message par personne.<\/p>\n<p>Tarif : 20 euros<\/p>\n<\/div><\/div><\/div><\/div><\/div><\/div><\/section><section class=\"l-section wpb_row height_medium\"><div class=\"l-section-h i-cf\"><div class=\"g-cols vc_row via_grid cols_1 laptops-cols_inherit tablets-cols_inherit mobiles-cols_1 valign_top type_default stacking_default\"><div class=\"wpb_column vc_column_container\"><div class=\"vc_column-inner\"><div class=\"wpb_text_column\"><div class=\"wpb_wrapper\"><p style=\"text-align: center;\"><strong>COMING SOON<\/strong><\/p>\n<\/div><\/div><\/div><\/div><\/div><\/div><\/section><section class=\"l-section wpb_row height_medium\"><div class=\"l-section-h i-cf\"><div class=\"g-cols vc_row via_grid cols_1 laptops-cols_inherit tablets-cols_inherit mobiles-cols_1 valign_top type_default stacking_default\"><div class=\"wpb_column vc_column_container\"><div class=\"vc_column-inner\"><div class=\"wpb_text_column\"><div class=\"wpb_wrapper\"><h2 data-start=\"170\" data-end=\"203\">Les Constellations Int\u00e9grales\u00ae<\/h2>\n<p data-start=\"205\" data-end=\"434\">Les <strong data-start=\"209\" data-end=\"239\">Constellations Int\u00e9grales\u00ae<\/strong> sont une approche d\u2019accompagnement innovante et structur\u00e9e, centr\u00e9e sur la compr\u00e9hension et la transformation des relations fondamentales entre l\u2019enfant et ses parents, \u00e0 chaque \u00e9tape de la vie.<\/p>\n<p data-start=\"436\" data-end=\"657\">Cette m\u00e9thode unique mise au point par MYRIAM FASSIO permet d\u2019explorer en profondeur ce qui se joue dans les liens parentaux \u2014 qu\u2019il s\u2019agisse de la relation \u00e0 la m\u00e8re ou au p\u00e8re \u2014 selon trois temps essentiels :<br data-start=\"607\" data-end=\"610\" \/><strong data-start=\"610\" data-end=\"622\">l\u2019enfant<\/strong>, <strong data-start=\"624\" data-end=\"640\">l\u2019adolescent<\/strong> et <strong data-start=\"644\" data-end=\"656\">l\u2019adulte<\/strong>.<\/p>\n<p data-start=\"659\" data-end=\"949\">En travaillant ces diff\u00e9rentes \u00e9tapes de mani\u00e8re distincte, les Constellations Int\u00e9grales\u00ae offrent une lecture pr\u00e9cise des blocages relationnels, des conflits int\u00e9rieurs, des r\u00e9p\u00e9titions \u00e9motionnelles et des d\u00e9s\u00e9quilibres qui peuvent impacter la vie affective, relationnelle ou personnelle.<\/p>\n<p data-start=\"951\" data-end=\"1109\">L\u2019exp\u00e9rience se vit de fa\u00e7on concr\u00e8te et immersive, sans analyse mentale ni interpr\u00e9tation intellectuelle, dans un cadre structur\u00e9, respectueux et s\u00e9curisant.<\/p>\n<hr data-start=\"1111\" data-end=\"1114\" \/>\n<h2 data-start=\"1116\" data-end=\"1139\">Comment participer ?<\/h2>\n<p data-start=\"1141\" data-end=\"1259\">Les Constellations Int\u00e9grales\u00ae sont propos\u00e9es lors de journ\u00e9es \u00a0en pr\u00e9sentiel, dans diff\u00e9rentes villes.<\/p>\n<p data-start=\"1261\" data-end=\"1309\">\ud83d\udc49 <strong data-start=\"1264\" data-end=\"1293\">Pour r\u00e9server votre place<\/strong>, il suffit de :<\/p>\n<ol data-start=\"1310\" data-end=\"1476\">\n<li data-start=\"1310\" data-end=\"1352\">\n<p data-start=\"1313\" data-end=\"1352\">se rendre sur le site <strong data-start=\"1335\" data-end=\"1349\">abctalk.fr<\/strong>,<\/p>\n<\/li>\n<li data-start=\"1353\" data-end=\"1395\">\n<p data-start=\"1356\" data-end=\"1395\">acc\u00e9der \u00e0 la rubrique <strong data-start=\"1378\" data-end=\"1392\">\u00c9v\u00e9nements<\/strong>,<\/p>\n<\/li>\n<li data-start=\"1396\" data-end=\"1437\">\n<p data-start=\"1399\" data-end=\"1437\">choisir la <strong data-start=\"1410\" data-end=\"1434\">ville de votre choix<\/strong>,<\/p>\n<\/li>\n<li data-start=\"1438\" data-end=\"1476\">\n<p data-start=\"1441\" data-end=\"1476\">proc\u00e9der \u00e0 la r\u00e9servation en ligne.<\/p>\n<\/li>\n<\/ol>\n<p data-start=\"1478\" data-end=\"1574\">\u26a0\ufe0f <strong data-start=\"1481\" data-end=\"1509\">Les places sont limit\u00e9es<\/strong> afin de garantir la qualit\u00e9 de l\u2019exp\u00e9rience et du cadre propos\u00e9.<\/p>\n<\/div><\/div><\/div><\/div><\/div><\/div><\/section>","protected":false},"excerpt":{"rendered":"Conf\u00e9rencesJ&rsquo;ai eut la chance en mars 2012, de d\u00e9couvrir l&rsquo;acc\u00e8s \u00e0 l&rsquo;inconscient, qui pour moi rel\u00e8ve d&rsquo;une d\u00e9couverte copernicienne, et je viens au travers de mes conf\u00e9rences, vous proposer un voyage au c\u0153ur de l&rsquo;inconscient pour y d\u00e9couvrir son organisation, son fonctionnement et comment il d\u00e9termine notre r\u00e9alit\u00e9. J&rsquo;ai \u00e0 c\u0153ur dans chacune de mes...","protected":false},"author":1,"featured_media":0,"parent":0,"menu_order":0,"comment_status":"closed","ping_status":"closed","template":"","meta":[],"yoast_head":"<!-- This site is optimized with the Yoast SEO plugin v19.3 - https:\/\/yoast.com\/wordpress\/plugins\/seo\/ -->\n<title>Conf\u00e9rences - Transfert Quantique<\/title>\n<meta name=\"robots\" content=\"index, follow, max-snippet:-1, max-image-preview:large, max-video-preview:-1\" \/>\n<link rel=\"canonical\" href=\"https:\/\/transfert-quantique.com\/en\/conferences\/\" \/>\n<meta property=\"og:locale\" content=\"en_US\" \/>\n<meta property=\"og:type\" content=\"article\" \/>\n<meta property=\"og:title\" content=\"Conf\u00e9rences - Transfert Quantique\" \/>\n<meta property=\"og:url\" content=\"https:\/\/transfert-quantique.com\/en\/conferences\/\" \/>\n<meta property=\"og:site_name\" content=\"Transfert Quantique\" \/>\n<meta property=\"article:modified_time\" content=\"2026-01-11T13:30:05+00:00\" \/>\n<meta name=\"twitter:label1\" content=\"Est. reading time\" \/>\n\t<meta name=\"twitter:data1\" content=\"3 minutes\" \/>\n<script type=\"application\/ld+json\" class=\"yoast-schema-graph\">{\"@context\":\"https:\/\/schema.org\",\"@graph\":[{\"@type\":\"WebSite\",\"@id\":\"https:\/\/transfert-quantique.com\/#website\",\"url\":\"https:\/\/transfert-quantique.com\/\",\"name\":\"Transfert Quantique\",\"description\":\"\",\"potentialAction\":[{\"@type\":\"SearchAction\",\"target\":{\"@type\":\"EntryPoint\",\"urlTemplate\":\"https:\/\/transfert-quantique.com\/?s={search_term_string}\"},\"query-input\":\"required name=search_term_string\"}],\"inLanguage\":\"en-US\"},{\"@type\":\"WebPage\",\"@id\":\"https:\/\/transfert-quantique.com\/conferences\/\",\"url\":\"https:\/\/transfert-quantique.com\/conferences\/\",\"name\":\"Conf\u00e9rences - Transfert Quantique\",\"isPartOf\":{\"@id\":\"https:\/\/transfert-quantique.com\/#website\"},\"datePublished\":\"2024-04-16T09:44:49+00:00\",\"dateModified\":\"2026-01-11T13:30:05+00:00\",\"breadcrumb\":{\"@id\":\"https:\/\/transfert-quantique.com\/conferences\/#breadcrumb\"},\"inLanguage\":\"en-US\",\"potentialAction\":[{\"@type\":\"ReadAction\",\"target\":[\"https:\/\/transfert-quantique.com\/conferences\/\"]}]},{\"@type\":\"BreadcrumbList\",\"@id\":\"https:\/\/transfert-quantique.com\/conferences\/#breadcrumb\",\"itemListElement\":[{\"@type\":\"ListItem\",\"position\":1,\"name\":\"Accueil\",\"item\":\"https:\/\/transfert-quantique.com\/\"},{\"@type\":\"ListItem\",\"position\":2,\"name\":\"Conf\u00e9rences\"}]}]}<\/script>\n<!-- \/ Yoast SEO plugin. -->","yoast_head_json":{"title":"Conf\u00e9rences - Transfert Quantique","robots":{"index":"index","follow":"follow","max-snippet":"max-snippet:-1","max-image-preview":"max-image-preview:large","max-video-preview":"max-video-preview:-1"},"canonical":"https:\/\/transfert-quantique.com\/en\/conferences\/","og_locale":"en_US","og_type":"article","og_title":"Conf\u00e9rences - Transfert Quantique","og_url":"https:\/\/transfert-quantique.com\/en\/conferences\/","og_site_name":"Transfert Quantique","article_modified_time":"2026-01-11T13:30:05+00:00","twitter_misc":{"Est. reading time":"3 minutes"},"schema":{"@context":"https:\/\/schema.org","@graph":[{"@type":"WebSite","@id":"https:\/\/transfert-quantique.com\/#website","url":"https:\/\/transfert-quantique.com\/","name":"Transfert Quantique","description":"","potentialAction":[{"@type":"SearchAction","target":{"@type":"EntryPoint","urlTemplate":"https:\/\/transfert-quantique.com\/?s={search_term_string}"},"query-input":"required name=search_term_string"}],"inLanguage":"en-US"},{"@type":"WebPage","@id":"https:\/\/transfert-quantique.com\/conferences\/","url":"https:\/\/transfert-quantique.com\/conferences\/","name":"Conf\u00e9rences - Transfert Quantique","isPartOf":{"@id":"https:\/\/transfert-quantique.com\/#website"},"datePublished":"2024-04-16T09:44:49+00:00","dateModified":"2026-01-11T13:30:05+00:00","breadcrumb":{"@id":"https:\/\/transfert-quantique.com\/conferences\/#breadcrumb"},"inLanguage":"en-US","potentialAction":[{"@type":"ReadAction","target":["https:\/\/transfert-quantique.com\/conferences\/"]}]},{"@type":"BreadcrumbList","@id":"https:\/\/transfert-quantique.com\/conferences\/#breadcrumb","itemListElement":[{"@type":"ListItem","position":1,"name":"Accueil","item":"https:\/\/transfert-quantique.com\/"},{"@type":"ListItem","position":2,"name":"Conf\u00e9rences"}]}]}},"_links":{"self":[{"href":"https:\/\/transfert-quantique.com\/en\/wp-json\/wp\/v2\/pages\/557"}],"collection":[{"href":"https:\/\/transfert-quantique.com\/en\/wp-json\/wp\/v2\/pages"}],"about":[{"href":"https:\/\/transfert-quantique.com\/en\/wp-json\/wp\/v2\/types\/page"}],"author":[{"embeddable":true,"href":"https:\/\/transfert-quantique.com\/en\/wp-json\/wp\/v2\/users\/1"}],"replies":[{"embeddable":true,"href":"https:\/\/transfert-quantique.com\/en\/wp-json\/wp\/v2\/comments?post=557"}],"version-history":[{"count":32,"href":"https:\/\/transfert-quantique.com\/en\/wp-json\/wp\/v2\/pages\/557\/revisions"}],"predecessor-version":[{"id":751,"href":"https:\/\/transfert-quantique.com\/en\/wp-json\/wp\/v2\/pages\/557\/revisions\/751"}],"wp:attachment":[{"href":"https:\/\/transfert-quantique.com\/en\/wp-json\/wp\/v2\/media?parent=557"}],"curies":[{"name":"wp","href":"https:\/\/api.w.org\/{rel}","templated":true}]}}