{"id":558,"date":"2024-04-16T10:44:49","date_gmt":"2024-04-16T09:44:49","guid":{"rendered":"https:\/\/transfert-quantique.com\/?page_id=558"},"modified":"2025-08-23T17:41:32","modified_gmt":"2025-08-23T16:41:32","slug":"constellations-familliales","status":"publish","type":"page","link":"https:\/\/transfert-quantique.com\/en\/constellations-familliales\/","title":{"rendered":"Family Constellations"},"content":{"rendered":"<section class=\"l-section wpb_row height_large with_img\"><div class=\"l-section-img\" style=\"background-image: url(https:\/\/transfert-quantique.com\/wp-content\/uploads\/2024\/04\/Fond-vert.jpg);\" data-img-width=\"709\" data-img-height=\"709\"><\/div><div class=\"l-section-h i-cf\"><div class=\"g-cols vc_row via_grid cols_1 laptops-cols_inherit tablets-cols_inherit mobiles-cols_1 valign_top type_default stacking_default\"><div class=\"wpb_column vc_column_container\"><div class=\"vc_column-inner\"><h1 style=\"color: #ffffff;text-align: center\" class=\"vc_custom_heading\" >Family Constellations<\/h1><\/div><\/div><\/div><\/div><\/section><section class=\"l-section wpb_row height_medium\"><div class=\"l-section-h i-cf\"><div class=\"g-cols vc_row via_grid cols_2 laptops-cols_inherit tablets-cols_inherit mobiles-cols_1 valign_top type_default stacking_default\"><div class=\"wpb_column vc_column_container\"><div class=\"vc_column-inner\"><div class=\"w-separator size_huge\"><\/div><div class=\"w-separator size_large\"><\/div><div class=\"wpb_text_column us_custom_432d3f53\"><div class=\"wpb_wrapper\"><p>Je vous vous propose de vivre l&rsquo;aventure des constellations familiales, venez d\u00e9couvrir les coulisses \u00e9motionnelles de vos familles, l&rsquo;origine des vos blocages et les r\u00e9solutions possibles.<\/p>\n<p><strong>A powerful, transpersonal human experience, open to all who are curious.<\/strong><\/p>\n<p><strong><span style=\"color: #008000;\">PROCHAINE DATE : 21 SEPTEMBRE 2025 \u00e0 Issanka. inscriptions et informations au secr\u00e9tariat au 0646417885<\/span><\/strong><\/p>\n<\/div><\/div><\/div><\/div><div class=\"wpb_column vc_column_container\"><div class=\"vc_column-inner\"><div class=\"w-image align_none\"><div class=\"w-image-h\"><img width=\"1024\" height=\"1024\" src=\"https:\/\/transfert-quantique.com\/wp-content\/uploads\/2024\/04\/WhatsApp-Image-2024-04-16-a-11.53.22_98739f97-1024x1024.jpg\" class=\"attachment-large size-large\" alt=\"\" loading=\"lazy\" srcset=\"https:\/\/transfert-quantique.com\/wp-content\/uploads\/2024\/04\/WhatsApp-Image-2024-04-16-a-11.53.22_98739f97.jpg 1024w, https:\/\/transfert-quantique.com\/wp-content\/uploads\/2024\/04\/WhatsApp-Image-2024-04-16-a-11.53.22_98739f97-300x300.jpg 300w, https:\/\/transfert-quantique.com\/wp-content\/uploads\/2024\/04\/WhatsApp-Image-2024-04-16-a-11.53.22_98739f97-150x150.jpg 150w\" sizes=\"(max-width: 1024px) 100vw, 1024px\" \/><\/div><\/div><\/div><\/div><\/div><\/div><\/section><section class=\"l-section wpb_row height_medium\"><div class=\"l-section-h i-cf\"><div class=\"g-cols vc_row via_grid cols_2 laptops-cols_inherit tablets-cols_inherit mobiles-cols_1 valign_top type_default stacking_default\"><div class=\"wpb_column vc_column_container\"><div class=\"vc_column-inner\"><div class=\"w-image align_none\"><div class=\"w-image-h\"><img width=\"1024\" height=\"1024\" src=\"https:\/\/transfert-quantique.com\/wp-content\/uploads\/2024\/04\/WhatsApp-Image-2024-04-16-a-11.55.55_358a9bf5-1024x1024.jpg\" class=\"attachment-large size-large\" alt=\"\" loading=\"lazy\" srcset=\"https:\/\/transfert-quantique.com\/wp-content\/uploads\/2024\/04\/WhatsApp-Image-2024-04-16-a-11.55.55_358a9bf5.jpg 1024w, https:\/\/transfert-quantique.com\/wp-content\/uploads\/2024\/04\/WhatsApp-Image-2024-04-16-a-11.55.55_358a9bf5-300x300.jpg 300w, https:\/\/transfert-quantique.com\/wp-content\/uploads\/2024\/04\/WhatsApp-Image-2024-04-16-a-11.55.55_358a9bf5-150x150.jpg 150w\" sizes=\"(max-width: 1024px) 100vw, 1024px\" \/><\/div><\/div><\/div><\/div><div class=\"wpb_column vc_column_container\"><div class=\"vc_column-inner\"><div class=\"w-separator size_huge\"><\/div><h2 style=\"text-align: left\" class=\"vc_custom_heading\" >Upcoming dates<\/h2><div class=\"wpb_text_column\"><div class=\"wpb_wrapper\"><p>Rejoigniez nous sur la tourn\u00e9e CONSTELLATIONS INT\u00c9GRALES produite par ABCtalk, a partir de la rentr\u00e9e septembre 2025.<\/p>\n<p>Choisissez votre ville et r\u00e9servez vos places avec ce lien :<\/p>\n<p><a href=\"https:\/\/abctalk.fr\/evenements\/constellations-familiales#ticket\">Prochaines<\/a> <a href=\"https:\/\/abctalk.fr\/evenements\/constellations-familiales#ticket\">dates annonc\u00e9es sur instagram et la newsletter du site sur laquelle vous devez vous inscrire au pr\u00e9alable pour \u00eatre inform\u00e9<\/a><\/p>\n<p style=\"text-align: center;\"><span style=\"color: #3366ff;\"><strong>Infos et inscriptions uniquement au secr\u00e9tariat <\/strong><\/span><\/p>\n<p style=\"text-align: center;\"><span style=\"color: #3366ff;\"><strong>appelez le\u00a0 06.46.41.78.85<\/strong><\/span><\/p>\n<\/div><\/div><\/div><\/div><\/div><\/div><\/section>","protected":false},"excerpt":{"rendered":"Constellations famillialesJe vous vous propose de vivre l&rsquo;aventure des constellations familiales, venez d\u00e9couvrir les coulisses \u00e9motionnelles de vos familles, l&rsquo;origine des vos blocages et les r\u00e9solutions possibles. Exp\u00e9rience humaine forte, transpersonnelle, ouverte \u00e0 tous les curieux. PROCHAINE DATE : 21 SEPTEMBRE 2025 \u00e0 Issanka. inscriptions et informations au secr\u00e9tariat au 0646417885 Prochaines datesRejoigniez nous sur...","protected":false},"author":1,"featured_media":0,"parent":0,"menu_order":0,"comment_status":"closed","ping_status":"closed","template":"","meta":[],"yoast_head":"<!-- This site is optimized with the Yoast SEO plugin v19.3 - https:\/\/yoast.com\/wordpress\/plugins\/seo\/ -->\n<title>Constellations familliales - Transfert Quantique<\/title>\n<meta name=\"robots\" content=\"index, follow, max-snippet:-1, max-image-preview:large, max-video-preview:-1\" \/>\n<link rel=\"canonical\" href=\"https:\/\/transfert-quantique.com\/en\/constellations-familliales\/\" \/>\n<meta property=\"og:locale\" content=\"en_US\" \/>\n<meta property=\"og:type\" content=\"article\" \/>\n<meta property=\"og:title\" content=\"Constellations familliales - Transfert Quantique\" \/>\n<meta property=\"og:url\" content=\"https:\/\/transfert-quantique.com\/en\/constellations-familliales\/\" \/>\n<meta property=\"og:site_name\" content=\"Transfert Quantique\" \/>\n<meta property=\"article:modified_time\" content=\"2025-08-23T16:41:32+00:00\" \/>\n<meta name=\"twitter:label1\" content=\"Est. reading time\" \/>\n\t<meta name=\"twitter:data1\" content=\"1 minute\" \/>\n<script type=\"application\/ld+json\" class=\"yoast-schema-graph\">{\"@context\":\"https:\/\/schema.org\",\"@graph\":[{\"@type\":\"WebSite\",\"@id\":\"https:\/\/transfert-quantique.com\/#website\",\"url\":\"https:\/\/transfert-quantique.com\/\",\"name\":\"Transfert Quantique\",\"description\":\"\",\"potentialAction\":[{\"@type\":\"SearchAction\",\"target\":{\"@type\":\"EntryPoint\",\"urlTemplate\":\"https:\/\/transfert-quantique.com\/?s={search_term_string}\"},\"query-input\":\"required name=search_term_string\"}],\"inLanguage\":\"en-US\"},{\"@type\":\"WebPage\",\"@id\":\"https:\/\/transfert-quantique.com\/constellations-familliales\/\",\"url\":\"https:\/\/transfert-quantique.com\/constellations-familliales\/\",\"name\":\"Constellations familliales - Transfert Quantique\",\"isPartOf\":{\"@id\":\"https:\/\/transfert-quantique.com\/#website\"},\"datePublished\":\"2024-04-16T09:44:49+00:00\",\"dateModified\":\"2025-08-23T16:41:32+00:00\",\"breadcrumb\":{\"@id\":\"https:\/\/transfert-quantique.com\/constellations-familliales\/#breadcrumb\"},\"inLanguage\":\"en-US\",\"potentialAction\":[{\"@type\":\"ReadAction\",\"target\":[\"https:\/\/transfert-quantique.com\/constellations-familliales\/\"]}]},{\"@type\":\"BreadcrumbList\",\"@id\":\"https:\/\/transfert-quantique.com\/constellations-familliales\/#breadcrumb\",\"itemListElement\":[{\"@type\":\"ListItem\",\"position\":1,\"name\":\"Accueil\",\"item\":\"https:\/\/transfert-quantique.com\/\"},{\"@type\":\"ListItem\",\"position\":2,\"name\":\"Constellations familliales\"}]}]}<\/script>\n<!-- \/ Yoast SEO plugin. -->","yoast_head_json":{"title":"Constellations familliales - Transfert Quantique","robots":{"index":"index","follow":"follow","max-snippet":"max-snippet:-1","max-image-preview":"max-image-preview:large","max-video-preview":"max-video-preview:-1"},"canonical":"https:\/\/transfert-quantique.com\/en\/constellations-familliales\/","og_locale":"en_US","og_type":"article","og_title":"Constellations familliales - Transfert Quantique","og_url":"https:\/\/transfert-quantique.com\/en\/constellations-familliales\/","og_site_name":"Transfert Quantique","article_modified_time":"2025-08-23T16:41:32+00:00","twitter_misc":{"Est. reading time":"1 minute"},"schema":{"@context":"https:\/\/schema.org","@graph":[{"@type":"WebSite","@id":"https:\/\/transfert-quantique.com\/#website","url":"https:\/\/transfert-quantique.com\/","name":"Transfert Quantique","description":"","potentialAction":[{"@type":"SearchAction","target":{"@type":"EntryPoint","urlTemplate":"https:\/\/transfert-quantique.com\/?s={search_term_string}"},"query-input":"required name=search_term_string"}],"inLanguage":"en-US"},{"@type":"WebPage","@id":"https:\/\/transfert-quantique.com\/constellations-familliales\/","url":"https:\/\/transfert-quantique.com\/constellations-familliales\/","name":"Constellations familliales - Transfert Quantique","isPartOf":{"@id":"https:\/\/transfert-quantique.com\/#website"},"datePublished":"2024-04-16T09:44:49+00:00","dateModified":"2025-08-23T16:41:32+00:00","breadcrumb":{"@id":"https:\/\/transfert-quantique.com\/constellations-familliales\/#breadcrumb"},"inLanguage":"en-US","potentialAction":[{"@type":"ReadAction","target":["https:\/\/transfert-quantique.com\/constellations-familliales\/"]}]},{"@type":"BreadcrumbList","@id":"https:\/\/transfert-quantique.com\/constellations-familliales\/#breadcrumb","itemListElement":[{"@type":"ListItem","position":1,"name":"Accueil","item":"https:\/\/transfert-quantique.com\/"},{"@type":"ListItem","position":2,"name":"Constellations familliales"}]}]}},"_links":{"self":[{"href":"https:\/\/transfert-quantique.com\/en\/wp-json\/wp\/v2\/pages\/558"}],"collection":[{"href":"https:\/\/transfert-quantique.com\/en\/wp-json\/wp\/v2\/pages"}],"about":[{"href":"https:\/\/transfert-quantique.com\/en\/wp-json\/wp\/v2\/types\/page"}],"author":[{"embeddable":true,"href":"https:\/\/transfert-quantique.com\/en\/wp-json\/wp\/v2\/users\/1"}],"replies":[{"embeddable":true,"href":"https:\/\/transfert-quantique.com\/en\/wp-json\/wp\/v2\/comments?post=558"}],"version-history":[{"count":36,"href":"https:\/\/transfert-quantique.com\/en\/wp-json\/wp\/v2\/pages\/558\/revisions"}],"predecessor-version":[{"id":740,"href":"https:\/\/transfert-quantique.com\/en\/wp-json\/wp\/v2\/pages\/558\/revisions\/740"}],"wp:attachment":[{"href":"https:\/\/transfert-quantique.com\/en\/wp-json\/wp\/v2\/media?parent=558"}],"curies":[{"name":"wp","href":"https:\/\/api.w.org\/{rel}","templated":true}]}}