{"id":84,"date":"2021-12-22T11:09:31","date_gmt":"2021-12-22T10:09:31","guid":{"rendered":"https:\/\/transfert-quantique.com\/?page_id=84"},"modified":"2024-04-16T10:09:18","modified_gmt":"2024-04-16T09:09:18","slug":"psychanalyse-transfert-quantique","status":"publish","type":"page","link":"https:\/\/transfert-quantique.com\/en\/","title":{"rendered":"Psychanalyse Transfert Quantique"},"content":{"rendered":"<section class=\"l-section wpb_row height_auto\"><div class=\"l-section-overlay\" style=\"background:var(--color-content-primary)\"><\/div><div class=\"l-section-h i-cf\"><div class=\"g-cols vc_row via_grid cols_1 laptops-cols_inherit tablets-cols_inherit mobiles-cols_1 valign_top type_default stacking_default\"><div class=\"wpb_column vc_column_container\"><div class=\"vc_column-inner\"><div class=\"w-image style_shadow-2 align_center\"><div class=\"w-image-h\"><div class=\"w-image-shadow\" style=\"background-image:url(https:\/\/transfert-quantique.com\/wp-content\/uploads\/2024\/04\/image-accueil-726x1024.png);\"><\/div><img width=\"726\" height=\"1024\" src=\"https:\/\/transfert-quantique.com\/wp-content\/uploads\/2024\/04\/image-accueil-726x1024.png\" class=\"attachment-large size-large\" alt=\"\" loading=\"lazy\" srcset=\"https:\/\/transfert-quantique.com\/wp-content\/uploads\/2024\/04\/image-accueil-726x1024.png 726w, https:\/\/transfert-quantique.com\/wp-content\/uploads\/2024\/04\/image-accueil-213x300.png 213w, https:\/\/transfert-quantique.com\/wp-content\/uploads\/2024\/04\/image-accueil.png 1240w\" sizes=\"(max-width: 726px) 100vw, 726px\" \/><\/div><\/div><div class=\"w-separator size_large\"><\/div><h2 style=\"text-align: center\" class=\"vc_custom_heading us_custom_49f317a8\" >Psychoanalyst - Child psychoanalyst - Supervision - Quantum Transference - Pler Eye Movement - Family Constellations - Lecturer - Trainer - Author - Designer of innovative therapeutic tools<\/h2><div class=\"w-separator size_medium\"><\/div><\/div><\/div><\/div><\/div><\/section><section class=\"l-section wpb_row height_medium\"><div class=\"l-section-h i-cf\"><div class=\"g-cols vc_row via_grid cols_4 laptops-cols_inherit tablets-cols_inherit mobiles-cols_1 valign_top type_default stacking_default\"><div class=\"wpb_column vc_column_container\"><div class=\"vc_column-inner\"><div class=\"w-image align_none\"><div class=\"w-image-h\"><img width=\"1024\" height=\"1024\" src=\"https:\/\/transfert-quantique.com\/wp-content\/uploads\/2024\/04\/WhatsApp-Image-2024-04-16-a-10.24.39_f23801b5-1024x1024.jpg\" class=\"attachment-large size-large\" alt=\"\" loading=\"lazy\" srcset=\"https:\/\/transfert-quantique.com\/wp-content\/uploads\/2024\/04\/WhatsApp-Image-2024-04-16-a-10.24.39_f23801b5.jpg 1024w, https:\/\/transfert-quantique.com\/wp-content\/uploads\/2024\/04\/WhatsApp-Image-2024-04-16-a-10.24.39_f23801b5-300x300.jpg 300w, https:\/\/transfert-quantique.com\/wp-content\/uploads\/2024\/04\/WhatsApp-Image-2024-04-16-a-10.24.39_f23801b5-150x150.jpg 150w\" sizes=\"(max-width: 1024px) 100vw, 1024px\" \/><\/div><\/div><div class=\"w-separator size_small\"><\/div><div class=\"wpb_text_column\"><div class=\"wpb_wrapper\"><h3 style=\"text-align: center;\"><strong>Psychotherapy TQ<\/strong><\/h3>\n<\/div><\/div><\/div><\/div><div class=\"wpb_column vc_column_container\"><div class=\"vc_column-inner\"><div class=\"w-image align_none\"><div class=\"w-image-h\"><img width=\"1024\" height=\"1024\" src=\"https:\/\/transfert-quantique.com\/wp-content\/uploads\/2024\/04\/Image-PEDOPSY-1024x1024.jpg\" class=\"attachment-large size-large\" alt=\"\" loading=\"lazy\" srcset=\"https:\/\/transfert-quantique.com\/wp-content\/uploads\/2024\/04\/Image-PEDOPSY.jpg 1024w, https:\/\/transfert-quantique.com\/wp-content\/uploads\/2024\/04\/Image-PEDOPSY-300x300.jpg 300w, https:\/\/transfert-quantique.com\/wp-content\/uploads\/2024\/04\/Image-PEDOPSY-150x150.jpg 150w\" sizes=\"(max-width: 1024px) 100vw, 1024px\" \/><\/div><\/div><div class=\"w-separator size_small\"><\/div><div class=\"wpb_text_column\"><div class=\"wpb_wrapper\"><h3 style=\"text-align: center;\"><strong>Teenager transfer<\/strong><\/h3>\n<\/div><\/div><\/div><\/div><div class=\"wpb_column vc_column_container\"><div class=\"vc_column-inner\"><div class=\"w-image align_none\"><div class=\"w-image-h\"><img width=\"1024\" height=\"1024\" src=\"https:\/\/transfert-quantique.com\/wp-content\/uploads\/2024\/04\/Coquelicot_3-1024x1024.jpg\" class=\"attachment-large size-large\" alt=\"\" loading=\"lazy\" srcset=\"https:\/\/transfert-quantique.com\/wp-content\/uploads\/2024\/04\/Coquelicot_3.jpg 1024w, https:\/\/transfert-quantique.com\/wp-content\/uploads\/2024\/04\/Coquelicot_3-300x300.jpg 300w, https:\/\/transfert-quantique.com\/wp-content\/uploads\/2024\/04\/Coquelicot_3-150x150.jpg 150w\" sizes=\"(max-width: 1024px) 100vw, 1024px\" \/><\/div><\/div><div class=\"w-separator size_small\"><\/div><div class=\"wpb_text_column\"><div class=\"wpb_wrapper\"><h3 style=\"text-align: center;\"><strong>Family Constellations<\/strong><\/h3>\n<\/div><\/div><div class=\"w-separator size_small\"><\/div><\/div><\/div><div class=\"wpb_column vc_column_container\"><div class=\"vc_column-inner\"><div class=\"w-image align_none\"><div class=\"w-image-h\"><img width=\"1024\" height=\"1024\" src=\"https:\/\/transfert-quantique.com\/wp-content\/uploads\/2024\/04\/Image-TQ2-1024x1024.jpeg\" class=\"attachment-large size-large\" alt=\"\" loading=\"lazy\" srcset=\"https:\/\/transfert-quantique.com\/wp-content\/uploads\/2024\/04\/Image-TQ2.jpeg 1024w, https:\/\/transfert-quantique.com\/wp-content\/uploads\/2024\/04\/Image-TQ2-300x300.jpeg 300w, https:\/\/transfert-quantique.com\/wp-content\/uploads\/2024\/04\/Image-TQ2-150x150.jpeg 150w\" sizes=\"(max-width: 1024px) 100vw, 1024px\" \/><\/div><\/div><div class=\"w-separator size_small\"><\/div><div class=\"wpb_text_column\"><div class=\"wpb_wrapper\"><h3 style=\"text-align: center;\"><strong>Quantum transfer \u00ae<\/strong><\/h3>\n<\/div><\/div><\/div><\/div><\/div><\/div><\/section><section class=\"l-section wpb_row height_medium\"><div class=\"l-section-overlay\" style=\"background:#e8cace\"><\/div><div class=\"l-section-h i-cf\"><div class=\"g-cols vc_row via_grid cols_1 laptops-cols_inherit tablets-cols_inherit mobiles-cols_1 valign_top type_default stacking_default\"><div class=\"wpb_column vc_column_container\"><div class=\"vc_column-inner\"><h2 style=\"text-align: center\" class=\"vc_custom_heading long-line us_custom_9465ce2d\" >NEWSLETTER<\/h2><div class=\"wpb_text_column\"><div class=\"wpb_wrapper\"><hr class=\"traitrose\" align=\"center\" \/>\n<\/div><\/div><div class=\"wpb_text_column\"><div class=\"wpb_wrapper\"><p style=\"text-align: center;\">Receive information on upcoming training courses, my new articles...<\/p>\n<p style=\"text-align: center;\">To register, please enter your email address :<\/p>\n<\/div><\/div><div class=\"wpb_text_column\"><div class=\"wpb_wrapper\"><script>(function() {\n\twindow.mc4wp = window.mc4wp || {\n\t\tlisteners: [],\n\t\tforms: {\n\t\t\ton: function(evt, cb) {\n\t\t\t\twindow.mc4wp.listeners.push(\n\t\t\t\t\t{\n\t\t\t\t\t\tevent   : evt,\n\t\t\t\t\t\tcallback: cb\n\t\t\t\t\t}\n\t\t\t\t);\n\t\t\t}\n\t\t}\n\t}\n})();\n<\/script><!-- Mailchimp for WordPress v4.12.2 - https:\/\/wordpress.org\/plugins\/mailchimp-for-wp\/ --><form id=\"mc4wp-form-1\" class=\"mc4wp-form mc4wp-form-134\" method=\"post\" data-id=\"134\" data-name=\"Newsletter\" action=\"\" ><div class=\"mc4wp-form-fields\"><p>\r\n\t \r\n\t\t<input type=\"email\" name=\"EMAIL\" placeholder=\"Your e-mail address\" required \/>\r\n\r\n<\/p>\r\n\r\n<p>\r\n\t          <center>   <input type=\"submit\" value=\"REGISTER\" \/><\/center>\r\n<\/p><\/div><label style=\"display: none !important;\">Leave this field empty if you're human: <input type=\"text\" name=\"_mc4wp_honeypot\" value=\"\" tabindex=\"-1\" autocomplete=\"off\" \/><\/label><input type=\"hidden\" name=\"_mc4wp_timestamp\" value=\"1776771853\" \/><input type=\"hidden\" name=\"_mc4wp_form_id\" value=\"134\" \/><input type=\"hidden\" name=\"_mc4wp_form_element_id\" value=\"mc4wp-form-1\" \/><div class=\"mc4wp-response\"><\/div><input type=\"hidden\" name=\"trp-form-language\" value=\"en\"\/><\/form><!-- \/ Mailchimp for WordPress Plugin -->\n<\/div><\/div><\/div><\/div><\/div><\/div><\/section>","protected":false},"excerpt":{"rendered":"Psychanalyste - P\u00e9dopsychanalyste - Supervision - Transfert Quantique - Pler Mo Mouvements Oculaires - Constellations familiales - Conf\u00e9renci\u00e8re - Formatrice - Auteure - Conceptrice d'outils th\u00e9rapeutiques innovantsPsychot\u00e9rapie TQ Transfert enfants ados Constellations Familiales Transfert quantique \u00ae NEWSLETTER Recevez des informations sur les prochaines formations, mes nouveaux articles&#8230; Pour vous inscrire, veuillez renseigner votre adresse email...","protected":false},"author":1,"featured_media":0,"parent":0,"menu_order":0,"comment_status":"closed","ping_status":"closed","template":"","meta":[],"yoast_head":"<!-- This site is optimized with the Yoast SEO plugin v19.3 - https:\/\/yoast.com\/wordpress\/plugins\/seo\/ -->\n<title>Psychanalyse Transfert Quantique - Transfert Quantique<\/title>\n<meta name=\"robots\" content=\"index, follow, max-snippet:-1, max-image-preview:large, max-video-preview:-1\" \/>\n<link rel=\"canonical\" href=\"https:\/\/transfert-quantique.com\/en\/\" \/>\n<meta property=\"og:locale\" content=\"en_US\" \/>\n<meta property=\"og:type\" content=\"article\" \/>\n<meta property=\"og:title\" content=\"Psychanalyse Transfert Quantique - Transfert Quantique\" \/>\n<meta property=\"og:url\" content=\"https:\/\/transfert-quantique.com\/en\/\" \/>\n<meta property=\"og:site_name\" content=\"Transfert Quantique\" \/>\n<meta property=\"article:modified_time\" content=\"2024-04-16T09:09:18+00:00\" \/>\n<meta name=\"twitter:label1\" content=\"Est. reading time\" \/>\n\t<meta name=\"twitter:data1\" content=\"1 minute\" \/>\n<script type=\"application\/ld+json\" class=\"yoast-schema-graph\">{\"@context\":\"https:\/\/schema.org\",\"@graph\":[{\"@type\":\"WebSite\",\"@id\":\"https:\/\/transfert-quantique.com\/#website\",\"url\":\"https:\/\/transfert-quantique.com\/\",\"name\":\"Transfert Quantique\",\"description\":\"\",\"potentialAction\":[{\"@type\":\"SearchAction\",\"target\":{\"@type\":\"EntryPoint\",\"urlTemplate\":\"https:\/\/transfert-quantique.com\/?s={search_term_string}\"},\"query-input\":\"required name=search_term_string\"}],\"inLanguage\":\"en-US\"},{\"@type\":\"WebPage\",\"@id\":\"https:\/\/transfert-quantique.com\/\",\"url\":\"https:\/\/transfert-quantique.com\/\",\"name\":\"Psychanalyse Transfert Quantique - Transfert Quantique\",\"isPartOf\":{\"@id\":\"https:\/\/transfert-quantique.com\/#website\"},\"datePublished\":\"2021-12-22T10:09:31+00:00\",\"dateModified\":\"2024-04-16T09:09:18+00:00\",\"breadcrumb\":{\"@id\":\"https:\/\/transfert-quantique.com\/#breadcrumb\"},\"inLanguage\":\"en-US\",\"potentialAction\":[{\"@type\":\"ReadAction\",\"target\":[\"https:\/\/transfert-quantique.com\/\"]}]},{\"@type\":\"BreadcrumbList\",\"@id\":\"https:\/\/transfert-quantique.com\/#breadcrumb\",\"itemListElement\":[{\"@type\":\"ListItem\",\"position\":1,\"name\":\"Accueil\",\"item\":\"https:\/\/transfert-quantique.com\/\"},{\"@type\":\"ListItem\",\"position\":2,\"name\":\"Psychanalyse Transfert Quantique\"}]}]}<\/script>\n<!-- \/ Yoast SEO plugin. -->","yoast_head_json":{"title":"Psychanalyse Transfert Quantique - Transfert Quantique","robots":{"index":"index","follow":"follow","max-snippet":"max-snippet:-1","max-image-preview":"max-image-preview:large","max-video-preview":"max-video-preview:-1"},"canonical":"https:\/\/transfert-quantique.com\/en\/","og_locale":"en_US","og_type":"article","og_title":"Psychanalyse Transfert Quantique - Transfert Quantique","og_url":"https:\/\/transfert-quantique.com\/en\/","og_site_name":"Transfert Quantique","article_modified_time":"2024-04-16T09:09:18+00:00","twitter_misc":{"Est. reading time":"1 minute"},"schema":{"@context":"https:\/\/schema.org","@graph":[{"@type":"WebSite","@id":"https:\/\/transfert-quantique.com\/#website","url":"https:\/\/transfert-quantique.com\/","name":"Transfert Quantique","description":"","potentialAction":[{"@type":"SearchAction","target":{"@type":"EntryPoint","urlTemplate":"https:\/\/transfert-quantique.com\/?s={search_term_string}"},"query-input":"required name=search_term_string"}],"inLanguage":"en-US"},{"@type":"WebPage","@id":"https:\/\/transfert-quantique.com\/","url":"https:\/\/transfert-quantique.com\/","name":"Psychanalyse Transfert Quantique - Transfert Quantique","isPartOf":{"@id":"https:\/\/transfert-quantique.com\/#website"},"datePublished":"2021-12-22T10:09:31+00:00","dateModified":"2024-04-16T09:09:18+00:00","breadcrumb":{"@id":"https:\/\/transfert-quantique.com\/#breadcrumb"},"inLanguage":"en-US","potentialAction":[{"@type":"ReadAction","target":["https:\/\/transfert-quantique.com\/"]}]},{"@type":"BreadcrumbList","@id":"https:\/\/transfert-quantique.com\/#breadcrumb","itemListElement":[{"@type":"ListItem","position":1,"name":"Accueil","item":"https:\/\/transfert-quantique.com\/"},{"@type":"ListItem","position":2,"name":"Psychanalyse Transfert Quantique"}]}]}},"_links":{"self":[{"href":"https:\/\/transfert-quantique.com\/en\/wp-json\/wp\/v2\/pages\/84"}],"collection":[{"href":"https:\/\/transfert-quantique.com\/en\/wp-json\/wp\/v2\/pages"}],"about":[{"href":"https:\/\/transfert-quantique.com\/en\/wp-json\/wp\/v2\/types\/page"}],"author":[{"embeddable":true,"href":"https:\/\/transfert-quantique.com\/en\/wp-json\/wp\/v2\/users\/1"}],"replies":[{"embeddable":true,"href":"https:\/\/transfert-quantique.com\/en\/wp-json\/wp\/v2\/comments?post=84"}],"version-history":[{"count":39,"href":"https:\/\/transfert-quantique.com\/en\/wp-json\/wp\/v2\/pages\/84\/revisions"}],"predecessor-version":[{"id":541,"href":"https:\/\/transfert-quantique.com\/en\/wp-json\/wp\/v2\/pages\/84\/revisions\/541"}],"wp:attachment":[{"href":"https:\/\/transfert-quantique.com\/en\/wp-json\/wp\/v2\/media?parent=84"}],"curies":[{"name":"wp","href":"https:\/\/api.w.org\/{rel}","templated":true}]}}