{"id":95,"date":"2021-12-22T11:30:29","date_gmt":"2021-12-22T10:30:29","guid":{"rendered":"https:\/\/transfert-quantique.com\/?page_id=95"},"modified":"2024-04-23T11:40:36","modified_gmt":"2024-04-23T10:40:36","slug":"psychanalyse","status":"publish","type":"page","link":"https:\/\/transfert-quantique.com\/en\/psychanalyse\/","title":{"rendered":"Psychoanalysis"},"content":{"rendered":"<section class=\"l-section wpb_row height_large with_img\"><div class=\"l-section-img\" style=\"background-image: url(https:\/\/transfert-quantique.com\/wp-content\/uploads\/2024\/04\/Fond-vert.jpg);\" data-img-width=\"709\" data-img-height=\"709\"><\/div><div class=\"l-section-h i-cf\"><div class=\"g-cols vc_row via_grid cols_1 laptops-cols_inherit tablets-cols_inherit mobiles-cols_1 valign_top type_default stacking_default\"><div class=\"wpb_column vc_column_container\"><div class=\"vc_column-inner\"><h1 style=\"color: #ffffff;text-align: center\" class=\"vc_custom_heading us_custom_6df4bc3a\" >Psychoanalysis<\/h1><\/div><\/div><\/div><\/div><\/section><section class=\"l-section wpb_row height_medium\"><div class=\"l-section-h i-cf\"><div class=\"g-cols vc_row via_grid cols_1 laptops-cols_inherit tablets-cols_inherit mobiles-cols_1 valign_top type_default stacking_default\"><div class=\"wpb_column vc_column_container\"><div class=\"vc_column-inner\"><div class=\"g-cols wpb_row via_grid cols_1-2 laptops-cols_inherit tablets-cols_inherit mobiles-cols_1 valign_top type_default stacking_default\"><div class=\"wpb_column vc_column_container\"><div class=\"vc_column-inner\"><div class=\"w-image style_shadow-2 align_center\"><div class=\"w-image-h\"><div class=\"w-image-shadow\" style=\"background-image:url(https:\/\/transfert-quantique.com\/wp-content\/uploads\/2024\/04\/psychanalyse-einstein-1024x1024.jpg);\"><\/div><img width=\"1024\" height=\"1024\" src=\"https:\/\/transfert-quantique.com\/wp-content\/uploads\/2024\/04\/psychanalyse-einstein-1024x1024.jpg\" class=\"attachment-large size-large\" alt=\"\" loading=\"lazy\" srcset=\"https:\/\/transfert-quantique.com\/wp-content\/uploads\/2024\/04\/psychanalyse-einstein.jpg 1024w, https:\/\/transfert-quantique.com\/wp-content\/uploads\/2024\/04\/psychanalyse-einstein-300x300.jpg 300w, https:\/\/transfert-quantique.com\/wp-content\/uploads\/2024\/04\/psychanalyse-einstein-150x150.jpg 150w\" sizes=\"(max-width: 1024px) 100vw, 1024px\" \/><\/div><\/div><\/div><\/div><div class=\"wpb_column vc_column_container\"><div class=\"vc_column-inner\"><div class=\"w-separator size_small\"><\/div><div class=\"wpb_text_column us_custom_432d3f53\"><div class=\"wpb_wrapper\"><p>Psychoanalysis was developed by Dr. Sigmund Freud in the 1900s and remains a major discovery today.<\/p>\n<p>It is essentially based on the spoken word, and involves the analysis of behaviours, situations, symptoms and thoughts experienced by the analysand.<\/p>\n<p>The aim is to \u201crelease\u201d repressed information from the unconscious, whose function is to protect us from anything unacceptable to our conscious mind.<\/p>\n<p>Any element identified as too anxiety-provoking (unacceptable) for the conscious mind is immediately removed from the field of consciousness by repression.<\/p>\n<\/div><\/div><\/div><\/div><\/div><div class=\"w-separator size_medium\"><\/div><div class=\"g-cols wpb_row via_grid cols_2-1 laptops-cols_inherit tablets-cols_inherit mobiles-cols_1 valign_top type_default stacking_default\"><div class=\"wpb_column vc_column_container\"><div class=\"vc_column-inner\"><div class=\"wpb_text_column us_custom_432d3f53\"><div class=\"wpb_wrapper\"><p>The unconscious is an archive containing all our repressed elements from our gestation period, as well as information repressed by our ancestors, passed on by our parents, great-grandparents, etc., which influence our destiny.<\/p>\n<p>The method requires the subject to lie down for 45 minutes; during this time, the patient is free to evoke whatever he or she wishes, regardless of the subject - this is called \u201cfree association\u201d.<\/p>\n<p>The reclining position helps release repressed information, bringing down control defenses.<br \/>\nIn this posture, the unconscious is like a bottle lying uncorked, gradually pouring out some hidden elements and enabling the patient and analyst to grasp material to be exploited.<\/p>\n<\/div><\/div><\/div><\/div><div class=\"wpb_column vc_column_container\"><div class=\"vc_column-inner\"><div class=\"w-image style_shadow-2 align_center\"><div class=\"w-image-h\"><div class=\"w-image-shadow\" style=\"background-image:url(https:\/\/transfert-quantique.com\/wp-content\/uploads\/2024\/04\/Freud-canape-1024x1024.jpeg);\"><\/div><img width=\"1024\" height=\"1024\" src=\"https:\/\/transfert-quantique.com\/wp-content\/uploads\/2024\/04\/Freud-canape-1024x1024.jpeg\" class=\"attachment-large size-large\" alt=\"\" loading=\"lazy\" srcset=\"https:\/\/transfert-quantique.com\/wp-content\/uploads\/2024\/04\/Freud-canape.jpeg 1024w, https:\/\/transfert-quantique.com\/wp-content\/uploads\/2024\/04\/Freud-canape-300x300.jpeg 300w, https:\/\/transfert-quantique.com\/wp-content\/uploads\/2024\/04\/Freud-canape-150x150.jpeg 150w\" sizes=\"(max-width: 1024px) 100vw, 1024px\" \/><\/div><\/div><\/div><\/div><\/div><div class=\"w-separator size_medium\"><\/div><div class=\"g-cols wpb_row via_grid cols_1-2 laptops-cols_inherit tablets-cols_inherit mobiles-cols_1 valign_top type_default stacking_default\"><div class=\"wpb_column vc_column_container\"><div class=\"vc_column-inner\"><div class=\"w-separator size_large\"><\/div><div class=\"w-image style_shadow-2 align_center\"><div class=\"w-image-h\"><div class=\"w-image-shadow\" style=\"background-image:url(https:\/\/transfert-quantique.com\/wp-content\/uploads\/2024\/04\/Cleopatre--1024x1024.jpeg);\"><\/div><img width=\"1024\" height=\"1024\" src=\"https:\/\/transfert-quantique.com\/wp-content\/uploads\/2024\/04\/Cleopatre--1024x1024.jpeg\" class=\"attachment-large size-large\" alt=\"\" loading=\"lazy\" srcset=\"https:\/\/transfert-quantique.com\/wp-content\/uploads\/2024\/04\/Cleopatre-.jpeg 1024w, https:\/\/transfert-quantique.com\/wp-content\/uploads\/2024\/04\/Cleopatre--300x300.jpeg 300w, https:\/\/transfert-quantique.com\/wp-content\/uploads\/2024\/04\/Cleopatre--150x150.jpeg 150w\" sizes=\"(max-width: 1024px) 100vw, 1024px\" \/><\/div><\/div><\/div><\/div><div class=\"wpb_column vc_column_container\"><div class=\"vc_column-inner\"><div class=\"wpb_text_column us_custom_432d3f53\"><div class=\"wpb_wrapper\"><p>The frequency of sessions is set at one per week for serious and effective work.<\/p>\n<p>If sessions are more than a week apart, the unconscious again builds up defense mechanisms that make it difficult to access information; this lengthens analysis time enormously and becomes ineffective.<\/p>\n<p>La psychanalyse est destin\u00e9e \u00e0 toute personne d\u00e9sireuse d\u2019entreprendre un voyage int\u00e9rieur \u00e0 son propre rythme pour se comprendre, s\u2019identifier et mieux appr\u00e9hender ses d\u00e9sirs dans la vie.<br \/>\nThe aim is to position oneself in individuation vis-\u00e0-vis one's parents and sometimes one's entire clan of origin: to finally take one's place in this world, in a fair and balanced way, freed from negative loyalties and holdings, which lead to infantile crystallizations and make any evolution impossible.<\/p>\n<p>We are all the son or daughter of, the wife or husband of, the mother or father of, the brother or sister of, the uncle or aunt, the godfather, godmother, employee, boss, neighbor etc....<br \/>\nAll these roles we have to take on one after the other, sometimes wearing several hats at the same time, which require incredible mental gymnastics and are especially exhausting when the roles are taken on and\/or not assumed.<\/p>\n<\/div><\/div><\/div><\/div><\/div><div class=\"w-separator size_medium\"><\/div><div class=\"wpb_text_column\"><div class=\"wpb_wrapper\"><p style=\"text-align: center;\"><em><strong>Psychoanalysis makes it possible to become aware of the origin of symptoms, and sometimes to resolve them.<\/strong><\/em><br \/>\n<em><strong>The aim is not healing, but rather understanding.<\/strong><\/em><\/p>\n<\/div><\/div><div class=\"w-separator size_medium\"><\/div><div class=\"wpb_text_column us_custom_432d3f53\"><div class=\"wpb_wrapper\"><p>To heal, awareness alone is not enough: we must also accept this origin, integrate it and then overcome it.<\/p>\n<p>Other therapeutic tools allow greater access to the unconscious, to finalize the work done in analysis, to accept and overcome the symptom and finally reach resolution.<\/p>\n<\/div><\/div><\/div><\/div><\/div><\/div><\/section><section class=\"l-section wpb_row height_medium\"><div class=\"l-section-h i-cf\"><div class=\"g-cols vc_row via_grid cols_1 laptops-cols_inherit tablets-cols_inherit mobiles-cols_1 valign_top type_default stacking_default\"><div class=\"wpb_column vc_column_container\"><div class=\"vc_column-inner\"><div class=\"wpb_text_column\"><div class=\"wpb_wrapper\"><p style=\"text-align: center;\">\u00ab\u00a0<em>Enter into yourself, into your depths, and get to know yourself first, then you'll understand why you have to become ill, and maybe you'll avoid becoming ill in the first place.<\/em>\u00a0\u00bb\u00a0<strong>Freud<\/strong><\/p>\n<\/div><\/div><\/div><\/div><\/div><\/div><\/section>","protected":false},"excerpt":{"rendered":"PsychanalyseLa psychanalyse a \u00e9t\u00e9 mise au point par le Dr Sigmund Freud dans les ann\u00e9es 1900 est reste aujourd\u2019hui une d\u00e9couverte majeure. Elle repose essentiellement sur la parole, et proc\u00e8de \u00e0 l\u2019analyse de comportements, de situations, de sympt\u00f4mes et de pens\u00e9es v\u00e9cus par l\u2019analysant. Le but est de \u00ab\u00a0d\u00e9fouler\u00a0\u00bb les informations refoul\u00e9es depuis l\u2019inconscient qui...","protected":false},"author":1,"featured_media":0,"parent":0,"menu_order":0,"comment_status":"closed","ping_status":"closed","template":"","meta":[],"yoast_head":"<!-- This site is optimized with the Yoast SEO plugin v19.3 - https:\/\/yoast.com\/wordpress\/plugins\/seo\/ -->\n<title>Psychanalyse - Transfert Quantique<\/title>\n<meta name=\"robots\" content=\"index, follow, max-snippet:-1, max-image-preview:large, max-video-preview:-1\" \/>\n<link rel=\"canonical\" href=\"https:\/\/transfert-quantique.com\/en\/psychanalyse\/\" \/>\n<meta property=\"og:locale\" content=\"en_US\" \/>\n<meta property=\"og:type\" content=\"article\" \/>\n<meta property=\"og:title\" content=\"Psychanalyse - Transfert Quantique\" \/>\n<meta property=\"og:url\" content=\"https:\/\/transfert-quantique.com\/en\/psychanalyse\/\" \/>\n<meta property=\"og:site_name\" content=\"Transfert Quantique\" \/>\n<meta property=\"article:modified_time\" content=\"2024-04-23T10:40:36+00:00\" \/>\n<meta name=\"twitter:label1\" content=\"Est. reading time\" \/>\n\t<meta name=\"twitter:data1\" content=\"3 minutes\" \/>\n<script type=\"application\/ld+json\" class=\"yoast-schema-graph\">{\"@context\":\"https:\/\/schema.org\",\"@graph\":[{\"@type\":\"WebSite\",\"@id\":\"https:\/\/transfert-quantique.com\/#website\",\"url\":\"https:\/\/transfert-quantique.com\/\",\"name\":\"Transfert Quantique\",\"description\":\"\",\"potentialAction\":[{\"@type\":\"SearchAction\",\"target\":{\"@type\":\"EntryPoint\",\"urlTemplate\":\"https:\/\/transfert-quantique.com\/?s={search_term_string}\"},\"query-input\":\"required name=search_term_string\"}],\"inLanguage\":\"en-US\"},{\"@type\":\"WebPage\",\"@id\":\"https:\/\/transfert-quantique.com\/psychanalyse\/\",\"url\":\"https:\/\/transfert-quantique.com\/psychanalyse\/\",\"name\":\"Psychanalyse - Transfert Quantique\",\"isPartOf\":{\"@id\":\"https:\/\/transfert-quantique.com\/#website\"},\"datePublished\":\"2021-12-22T10:30:29+00:00\",\"dateModified\":\"2024-04-23T10:40:36+00:00\",\"breadcrumb\":{\"@id\":\"https:\/\/transfert-quantique.com\/psychanalyse\/#breadcrumb\"},\"inLanguage\":\"en-US\",\"potentialAction\":[{\"@type\":\"ReadAction\",\"target\":[\"https:\/\/transfert-quantique.com\/psychanalyse\/\"]}]},{\"@type\":\"BreadcrumbList\",\"@id\":\"https:\/\/transfert-quantique.com\/psychanalyse\/#breadcrumb\",\"itemListElement\":[{\"@type\":\"ListItem\",\"position\":1,\"name\":\"Accueil\",\"item\":\"https:\/\/transfert-quantique.com\/\"},{\"@type\":\"ListItem\",\"position\":2,\"name\":\"Psychanalyse\"}]}]}<\/script>\n<!-- \/ Yoast SEO plugin. -->","yoast_head_json":{"title":"Psychanalyse - Transfert Quantique","robots":{"index":"index","follow":"follow","max-snippet":"max-snippet:-1","max-image-preview":"max-image-preview:large","max-video-preview":"max-video-preview:-1"},"canonical":"https:\/\/transfert-quantique.com\/en\/psychanalyse\/","og_locale":"en_US","og_type":"article","og_title":"Psychanalyse - Transfert Quantique","og_url":"https:\/\/transfert-quantique.com\/en\/psychanalyse\/","og_site_name":"Transfert Quantique","article_modified_time":"2024-04-23T10:40:36+00:00","twitter_misc":{"Est. reading time":"3 minutes"},"schema":{"@context":"https:\/\/schema.org","@graph":[{"@type":"WebSite","@id":"https:\/\/transfert-quantique.com\/#website","url":"https:\/\/transfert-quantique.com\/","name":"Transfert Quantique","description":"","potentialAction":[{"@type":"SearchAction","target":{"@type":"EntryPoint","urlTemplate":"https:\/\/transfert-quantique.com\/?s={search_term_string}"},"query-input":"required name=search_term_string"}],"inLanguage":"en-US"},{"@type":"WebPage","@id":"https:\/\/transfert-quantique.com\/psychanalyse\/","url":"https:\/\/transfert-quantique.com\/psychanalyse\/","name":"Psychanalyse - Transfert Quantique","isPartOf":{"@id":"https:\/\/transfert-quantique.com\/#website"},"datePublished":"2021-12-22T10:30:29+00:00","dateModified":"2024-04-23T10:40:36+00:00","breadcrumb":{"@id":"https:\/\/transfert-quantique.com\/psychanalyse\/#breadcrumb"},"inLanguage":"en-US","potentialAction":[{"@type":"ReadAction","target":["https:\/\/transfert-quantique.com\/psychanalyse\/"]}]},{"@type":"BreadcrumbList","@id":"https:\/\/transfert-quantique.com\/psychanalyse\/#breadcrumb","itemListElement":[{"@type":"ListItem","position":1,"name":"Accueil","item":"https:\/\/transfert-quantique.com\/"},{"@type":"ListItem","position":2,"name":"Psychanalyse"}]}]}},"_links":{"self":[{"href":"https:\/\/transfert-quantique.com\/en\/wp-json\/wp\/v2\/pages\/95"}],"collection":[{"href":"https:\/\/transfert-quantique.com\/en\/wp-json\/wp\/v2\/pages"}],"about":[{"href":"https:\/\/transfert-quantique.com\/en\/wp-json\/wp\/v2\/types\/page"}],"author":[{"embeddable":true,"href":"https:\/\/transfert-quantique.com\/en\/wp-json\/wp\/v2\/users\/1"}],"replies":[{"embeddable":true,"href":"https:\/\/transfert-quantique.com\/en\/wp-json\/wp\/v2\/comments?post=95"}],"version-history":[{"count":15,"href":"https:\/\/transfert-quantique.com\/en\/wp-json\/wp\/v2\/pages\/95\/revisions"}],"predecessor-version":[{"id":699,"href":"https:\/\/transfert-quantique.com\/en\/wp-json\/wp\/v2\/pages\/95\/revisions\/699"}],"wp:attachment":[{"href":"https:\/\/transfert-quantique.com\/en\/wp-json\/wp\/v2\/media?parent=95"}],"curies":[{"name":"wp","href":"https:\/\/api.w.org\/{rel}","templated":true}]}}