{"id":99,"date":"2021-12-22T11:34:20","date_gmt":"2021-12-22T10:34:20","guid":{"rendered":"https:\/\/transfert-quantique.com\/?page_id=99"},"modified":"2021-12-22T11:34:20","modified_gmt":"2021-12-22T10:34:20","slug":"mentions-legales","status":"publish","type":"page","link":"https:\/\/transfert-quantique.com\/en\/mentions-legales\/","title":{"rendered":"Legal Notice"},"content":{"rendered":"<section class=\"l-section wpb_row height_medium color_primary\"><div class=\"l-section-h i-cf\"><div class=\"g-cols vc_row via_grid cols_1 laptops-cols_inherit tablets-cols_inherit mobiles-cols_1 valign_top type_default stacking_default\"><div class=\"wpb_column vc_column_container\"><div class=\"vc_column-inner\"><h1 style=\"text-align: center\" class=\"vc_custom_heading\" >MENTIONS L\u00c9GALES<\/h1><\/div><\/div><\/div><\/div><\/section><section class=\"l-section wpb_row height_medium\"><div class=\"l-section-h i-cf\"><div class=\"g-cols vc_row via_grid cols_1 laptops-cols_inherit tablets-cols_inherit mobiles-cols_1 valign_top type_default stacking_default\"><div class=\"wpb_column vc_column_container\"><div class=\"vc_column-inner\"><div class=\"wpb_text_column\"><div class=\"wpb_wrapper\"><h2>PROPRI\u00c9TAIRE ET CR\u00c9ATEUR DU SITE INTERNET<\/h2>\n<p>Propri\u00e9taire et cr\u00e9ateur du site : Myriam FASSIO<br \/>\nSIRET : 512 002 403 00024<br \/>\nSi\u00e8ge social : 23 rue Nelson Mandela 34070 MONTPELLIER<br \/>\nT\u00e9l : 06 46 41 78 85<\/p>\n<h2>HEBERGEUR<\/h2>\n<p>Ce site est h\u00e9berg\u00e9 par LWS<br \/>\ndont le si\u00e8ge social est \u00e9tabli :<br \/>\n10 rue de Penthi\u00e8vre<br \/>\n75008 PARIS inscrite au RCS de PARIS B sous le num\u00e9ro 851 993 68300024<\/p>\n<h2>DONN\u00c9ES PERSONNELLES<\/h2>\n<div>\n<p>Conform\u00e9ment \u00e0 la loi Informatique et Libert\u00e9s du 6 janvier 1978, vous disposez d\u2019un droit d\u2019acc\u00e8s, de modification, de rectification et de suppression des donn\u00e9es nominatives qui vous concernent. Ce droit s\u2019exerce en nous \u00e9crivant par courrier \u00e9lectronique ou par voie postale \u00e0 l\u2019adresse mentionn\u00e9e ci-dessus.<\/p>\n<h2>DROIT D\u2019AUTEUR ET PROPRI\u00c9T\u00c9 INTELLECTUELLE<\/h2>\n<p>L\u2019ensemble de ce site transfert-quantique.com est une \u0153uvre de cr\u00e9ation de la soci\u00e9t\u00e9 prot\u00e9g\u00e9e par le droit de la propri\u00e9t\u00e9 intellectuelle. Aucune modification de tout ou partie du contenu n\u2019est autoris\u00e9e. Sauf autorisation, la reproduction ainsi que toute utilisation du contenu du site, autre que la consultation individuelle et priv\u00e9e sont interdites.<\/p>\n<p>Le contenu du site peut faire l\u2019objet de citations limit\u00e9es \u00e0 conditions que le nom Myriam FASSIO soit cit\u00e9 comme \u00e9tant leur auteur. L\u2019utilisateur n\u2019est pas autoris\u00e9 \u00e0 copier ou afficher tout ou partie du site en vue d\u2019un r\u00e9acheminement au profit de tiers sans l\u2019autorisation pr\u00e9alable de Myriam FASSIO si de telles op\u00e9rations sont r\u00e9alis\u00e9es \u00e0 des fins commerciales. Le nom transfert-quantique.com ou Transfert Quantique ainsi que les logos sont des noms commerciaux prot\u00e9g\u00e9s ou des marques d\u00e9pos\u00e9es, propri\u00e9t\u00e9s de Myriam FASSIO.<\/p>\n<\/div>\n<\/div><\/div><\/div><\/div><\/div><\/div><\/section>","protected":false},"excerpt":{"rendered":"MENTIONS L\u00c9GALES PROPRI\u00c9TAIRE ET CR\u00c9ATEUR DU SITE INTERNET Propri\u00e9taire et cr\u00e9ateur du site : Myriam FASSIO SIRET : 512 002 403 00024 Si\u00e8ge social : 23 rue Nelson Mandela 34070 MONTPELLIER T\u00e9l : 06 46 41 78 85 HEBERGEUR Ce site est h\u00e9berg\u00e9 par LWS dont le si\u00e8ge social est \u00e9tabli : 10 rue de...","protected":false},"author":1,"featured_media":0,"parent":0,"menu_order":0,"comment_status":"closed","ping_status":"closed","template":"","meta":[],"yoast_head":"<!-- This site is optimized with the Yoast SEO plugin v19.3 - https:\/\/yoast.com\/wordpress\/plugins\/seo\/ -->\n<title>Mentions L\u00e9gales - Transfert Quantique<\/title>\n<meta name=\"robots\" content=\"index, follow, max-snippet:-1, max-image-preview:large, max-video-preview:-1\" \/>\n<link rel=\"canonical\" href=\"https:\/\/transfert-quantique.com\/en\/mentions-legales\/\" \/>\n<meta property=\"og:locale\" content=\"en_US\" \/>\n<meta property=\"og:type\" content=\"article\" \/>\n<meta property=\"og:title\" content=\"Mentions L\u00e9gales - Transfert Quantique\" \/>\n<meta property=\"og:url\" content=\"https:\/\/transfert-quantique.com\/en\/mentions-legales\/\" \/>\n<meta property=\"og:site_name\" content=\"Transfert Quantique\" \/>\n<meta name=\"twitter:label1\" content=\"Est. reading time\" \/>\n\t<meta name=\"twitter:data1\" content=\"2 minutes\" \/>\n<script type=\"application\/ld+json\" class=\"yoast-schema-graph\">{\"@context\":\"https:\/\/schema.org\",\"@graph\":[{\"@type\":\"WebSite\",\"@id\":\"https:\/\/transfert-quantique.com\/#website\",\"url\":\"https:\/\/transfert-quantique.com\/\",\"name\":\"Transfert Quantique\",\"description\":\"\",\"potentialAction\":[{\"@type\":\"SearchAction\",\"target\":{\"@type\":\"EntryPoint\",\"urlTemplate\":\"https:\/\/transfert-quantique.com\/?s={search_term_string}\"},\"query-input\":\"required name=search_term_string\"}],\"inLanguage\":\"en-US\"},{\"@type\":\"WebPage\",\"@id\":\"https:\/\/transfert-quantique.com\/mentions-legales\/\",\"url\":\"https:\/\/transfert-quantique.com\/mentions-legales\/\",\"name\":\"Mentions L\u00e9gales - Transfert Quantique\",\"isPartOf\":{\"@id\":\"https:\/\/transfert-quantique.com\/#website\"},\"datePublished\":\"2021-12-22T10:34:20+00:00\",\"dateModified\":\"2021-12-22T10:34:20+00:00\",\"breadcrumb\":{\"@id\":\"https:\/\/transfert-quantique.com\/mentions-legales\/#breadcrumb\"},\"inLanguage\":\"en-US\",\"potentialAction\":[{\"@type\":\"ReadAction\",\"target\":[\"https:\/\/transfert-quantique.com\/mentions-legales\/\"]}]},{\"@type\":\"BreadcrumbList\",\"@id\":\"https:\/\/transfert-quantique.com\/mentions-legales\/#breadcrumb\",\"itemListElement\":[{\"@type\":\"ListItem\",\"position\":1,\"name\":\"Accueil\",\"item\":\"https:\/\/transfert-quantique.com\/\"},{\"@type\":\"ListItem\",\"position\":2,\"name\":\"Mentions L\u00e9gales\"}]}]}<\/script>\n<!-- \/ Yoast SEO plugin. -->","yoast_head_json":{"title":"Mentions L\u00e9gales - Transfert Quantique","robots":{"index":"index","follow":"follow","max-snippet":"max-snippet:-1","max-image-preview":"max-image-preview:large","max-video-preview":"max-video-preview:-1"},"canonical":"https:\/\/transfert-quantique.com\/en\/mentions-legales\/","og_locale":"en_US","og_type":"article","og_title":"Mentions L\u00e9gales - Transfert Quantique","og_url":"https:\/\/transfert-quantique.com\/en\/mentions-legales\/","og_site_name":"Transfert Quantique","twitter_misc":{"Est. reading time":"2 minutes"},"schema":{"@context":"https:\/\/schema.org","@graph":[{"@type":"WebSite","@id":"https:\/\/transfert-quantique.com\/#website","url":"https:\/\/transfert-quantique.com\/","name":"Transfert Quantique","description":"","potentialAction":[{"@type":"SearchAction","target":{"@type":"EntryPoint","urlTemplate":"https:\/\/transfert-quantique.com\/?s={search_term_string}"},"query-input":"required name=search_term_string"}],"inLanguage":"en-US"},{"@type":"WebPage","@id":"https:\/\/transfert-quantique.com\/mentions-legales\/","url":"https:\/\/transfert-quantique.com\/mentions-legales\/","name":"Mentions L\u00e9gales - Transfert Quantique","isPartOf":{"@id":"https:\/\/transfert-quantique.com\/#website"},"datePublished":"2021-12-22T10:34:20+00:00","dateModified":"2021-12-22T10:34:20+00:00","breadcrumb":{"@id":"https:\/\/transfert-quantique.com\/mentions-legales\/#breadcrumb"},"inLanguage":"en-US","potentialAction":[{"@type":"ReadAction","target":["https:\/\/transfert-quantique.com\/mentions-legales\/"]}]},{"@type":"BreadcrumbList","@id":"https:\/\/transfert-quantique.com\/mentions-legales\/#breadcrumb","itemListElement":[{"@type":"ListItem","position":1,"name":"Accueil","item":"https:\/\/transfert-quantique.com\/"},{"@type":"ListItem","position":2,"name":"Mentions L\u00e9gales"}]}]}},"_links":{"self":[{"href":"https:\/\/transfert-quantique.com\/en\/wp-json\/wp\/v2\/pages\/99"}],"collection":[{"href":"https:\/\/transfert-quantique.com\/en\/wp-json\/wp\/v2\/pages"}],"about":[{"href":"https:\/\/transfert-quantique.com\/en\/wp-json\/wp\/v2\/types\/page"}],"author":[{"embeddable":true,"href":"https:\/\/transfert-quantique.com\/en\/wp-json\/wp\/v2\/users\/1"}],"replies":[{"embeddable":true,"href":"https:\/\/transfert-quantique.com\/en\/wp-json\/wp\/v2\/comments?post=99"}],"version-history":[{"count":2,"href":"https:\/\/transfert-quantique.com\/en\/wp-json\/wp\/v2\/pages\/99\/revisions"}],"predecessor-version":[{"id":101,"href":"https:\/\/transfert-quantique.com\/en\/wp-json\/wp\/v2\/pages\/99\/revisions\/101"}],"wp:attachment":[{"href":"https:\/\/transfert-quantique.com\/en\/wp-json\/wp\/v2\/media?parent=99"}],"curies":[{"name":"wp","href":"https:\/\/api.w.org\/{rel}","templated":true}]}}